{"id":2152,"date":"2024-05-23T15:08:08","date_gmt":"2024-05-23T07:08:08","guid":{"rendered":"http:\/\/www.camcjsw-bearings.com\/product\/rod-ends-for-hydraulic-components-gf-do\/"},"modified":"2024-08-15T09:07:50","modified_gmt":"2024-08-15T01:07:50","slug":"rod-ends-for-hydraulic-components-gf-do","status":"publish","type":"product","link":"http:\/\/www.camcjsw-bearings.com\/es\/producto\/rod-ends-for-hydraulic-components-gf-do\/","title":{"rendered":"R\u00f3tulas para componentes hidr\u00e1ulicos GF..DO"},"content":{"rendered":"<p><img fetchpriority=\"high\" decoding=\"async\" title=\"QQ\u622a\u56fe20180711150046.jpg\" src=\"https:\/\/www.camcjsw-bearings.com\/ueditor\/net\/upload\/image\/20180711\/6366691827160117741795244.jpg\" alt=\"QQ\u622a\u56fe20180711150046.jpg\" width=\"300\" height=\"238\" \/><\/p>\n<p>Mantenimiento requerido, para soldar.<\/p>\n<p>Carcasa del extremo del v\u00e1stago con base soldable<\/p>\n<p>Est\u00e1 formado por una r\u00f3tula radial GE..ES o GE..ES 2RS y un casquillo de r\u00f3tula.<\/p>\n<p>Alojamiento del extremo del v\u00e1stago con orificio de lubricaci\u00f3n o engrasador<\/p>\n<table border=\"1px\">\n<tbody>\n<tr class=\"firstRow\">\n<td rowspan=\"2\" valign=\"top\" width=\"78\">N\u00famero de pieza<\/td>\n<td colspan=\"10\" valign=\"top\" width=\"422\">Dimensiones (mm)<\/p>\n<p>&nbsp;<\/td>\n<td colspan=\"2\" width=\"78\">Clasificaciones de carga (KN)<\/td>\n<td rowspan=\"2\" valign=\"top\" width=\"57\">Peso<\/p>\n<p>(g)<\/td>\n<\/tr>\n<tr>\n<td valign=\"top\" width=\"38\">d<\/td>\n<td valign=\"top\" width=\"47\">C1<\/td>\n<td valign=\"top\" width=\"37\">B<\/td>\n<td valign=\"top\" width=\"25\">D2<\/td>\n<td valign=\"top\" width=\"45\">L6<\/td>\n<td valign=\"top\" width=\"49\">H2<\/td>\n<td valign=\"top\" width=\"53\">dk<\/td>\n<td valign=\"top\" width=\"57\">D1<\/td>\n<td valign=\"top\" width=\"44\">D<\/td>\n<td valign=\"top\" width=\"26\">L8<\/td>\n<td valign=\"top\" width=\"40\">Dyn.c<\/td>\n<td valign=\"top\" width=\"25\">Stat.Co<\/td>\n<\/tr>\n<tr>\n<td valign=\"top\" width=\"78\">GF20 DO<\/p>\n<p>&nbsp;<\/td>\n<td valign=\"top\" width=\"38\">20<\/td>\n<td valign=\"top\" width=\"47\">19<\/td>\n<td valign=\"top\" width=\"37\">16<\/td>\n<td valign=\"top\" width=\"25\">50<\/td>\n<td valign=\"top\" width=\"45\">63<\/td>\n<td valign=\"top\" width=\"49\">38<\/td>\n<td valign=\"top\" width=\"53\">29<\/td>\n<td valign=\"top\" width=\"57\">24.2<\/td>\n<td valign=\"top\" width=\"44\">35<\/td>\n<td valign=\"top\" width=\"26\">2<\/td>\n<td valign=\"top\" width=\"40\">30.0<\/td>\n<td valign=\"top\" width=\"25\">67.0<\/td>\n<td valign=\"top\" width=\"57\">350<\/td>\n<\/tr>\n<tr>\n<td valign=\"top\" width=\"78\">GF25 DO<\/p>\n<p>&nbsp;<\/td>\n<td valign=\"top\" width=\"38\">25<\/td>\n<td valign=\"top\" width=\"47\">23<\/td>\n<td valign=\"top\" width=\"37\">20<\/td>\n<td valign=\"top\" width=\"25\">55<\/td>\n<td valign=\"top\" width=\"45\">72.5<\/td>\n<td valign=\"top\" width=\"49\">45<\/td>\n<td valign=\"top\" width=\"53\">35.5<\/td>\n<td valign=\"top\" width=\"57\">29.3<\/td>\n<td valign=\"top\" width=\"44\">42<\/td>\n<td valign=\"top\" width=\"26\">2<\/td>\n<td valign=\"top\" width=\"40\">48.0<\/td>\n<td valign=\"top\" width=\"25\">69.5<\/td>\n<td valign=\"top\" width=\"57\">530<\/td>\n<\/tr>\n<tr>\n<td valign=\"top\" width=\"78\">GF30 DO<\/p>\n<p>DO<\/td>\n<td valign=\"top\" width=\"38\">30<\/td>\n<td valign=\"top\" width=\"47\">28<\/td>\n<td valign=\"top\" width=\"37\">22<\/td>\n<td valign=\"top\" width=\"25\">65<\/td>\n<td valign=\"top\" width=\"45\">83.5<\/td>\n<td valign=\"top\" width=\"49\">51<\/td>\n<td valign=\"top\" width=\"53\">40.7<\/td>\n<td valign=\"top\" width=\"57\">34.2<\/td>\n<td valign=\"top\" width=\"44\">47<\/td>\n<td valign=\"top\" width=\"26\">2<\/td>\n<td valign=\"top\" width=\"40\">62.0<\/td>\n<td valign=\"top\" width=\"25\">118<\/td>\n<td valign=\"top\" width=\"57\">870<\/td>\n<\/tr>\n<tr>\n<td valign=\"top\" width=\"78\">GF35 DO<\/p>\n<p>DO<\/td>\n<td valign=\"top\" width=\"38\">35<\/td>\n<td valign=\"top\" width=\"47\">30<\/td>\n<td valign=\"top\" width=\"37\">25<\/td>\n<td valign=\"top\" width=\"25\">83<\/td>\n<td valign=\"top\" width=\"45\">102.5<\/td>\n<td valign=\"top\" width=\"49\">61<\/td>\n<td valign=\"top\" width=\"53\">47<\/td>\n<td valign=\"top\" width=\"57\">39.8<\/td>\n<td valign=\"top\" width=\"44\">55<\/td>\n<td valign=\"top\" width=\"26\">2<\/td>\n<td valign=\"top\" width=\"40\">80.0<\/td>\n<td valign=\"top\" width=\"25\">196<\/td>\n<td valign=\"top\" width=\"57\">1500<\/td>\n<\/tr>\n<tr>\n<td valign=\"top\" width=\"78\">GF40 DO<\/p>\n<p>DO<\/td>\n<td valign=\"top\" width=\"38\">40<\/td>\n<td valign=\"top\" width=\"47\">35<\/td>\n<td valign=\"top\" width=\"37\">28<\/td>\n<td valign=\"top\" width=\"25\">100<\/td>\n<td valign=\"top\" width=\"45\">119<\/td>\n<td valign=\"top\" width=\"49\">69<\/td>\n<td valign=\"top\" width=\"53\">53<\/td>\n<td valign=\"top\" width=\"57\">45.0<\/td>\n<td valign=\"top\" width=\"44\">62<\/td>\n<td valign=\"top\" width=\"26\">3<\/td>\n<td valign=\"top\" width=\"40\">100<\/td>\n<td valign=\"top\" width=\"25\">300<\/td>\n<td valign=\"top\" width=\"57\">2400<\/td>\n<\/tr>\n<tr>\n<td valign=\"top\" width=\"78\">GF45 DO<\/p>\n<p>DO<\/td>\n<td valign=\"top\" width=\"38\">45<\/td>\n<td valign=\"top\" width=\"47\">40<\/td>\n<td valign=\"top\" width=\"37\">32<\/td>\n<td valign=\"top\" width=\"25\">110<\/td>\n<td valign=\"top\" width=\"45\">132<\/td>\n<td valign=\"top\" width=\"49\">77<\/td>\n<td valign=\"top\" width=\"53\">60<\/td>\n<td valign=\"top\" width=\"57\">50.8<\/td>\n<td valign=\"top\" width=\"44\">68<\/td>\n<td valign=\"top\" width=\"26\">3<\/td>\n<td valign=\"top\" width=\"40\">127<\/td>\n<td valign=\"top\" width=\"25\">380<\/td>\n<td valign=\"top\" width=\"57\">3400<\/td>\n<\/tr>\n<tr>\n<td valign=\"top\" width=\"78\">GF50 DO<\/p>\n<p>DO<\/td>\n<td valign=\"top\" width=\"38\">50<\/td>\n<td valign=\"top\" width=\"47\">40<\/td>\n<td valign=\"top\" width=\"37\">35<\/td>\n<td valign=\"top\" width=\"25\">123<\/td>\n<td valign=\"top\" width=\"45\">149.5<\/td>\n<td valign=\"top\" width=\"49\">88<\/td>\n<td valign=\"top\" width=\"53\">66<\/td>\n<td valign=\"top\" width=\"57\">55.9<\/td>\n<td valign=\"top\" width=\"44\">75<\/td>\n<td valign=\"top\" width=\"26\">3<\/td>\n<td valign=\"top\" width=\"40\">156<\/td>\n<td valign=\"top\" width=\"25\">440<\/td>\n<td valign=\"top\" width=\"57\">4400<\/td>\n<\/tr>\n<tr>\n<td valign=\"top\" width=\"78\">GF60 DO<\/p>\n<p>DO<\/td>\n<td valign=\"top\" width=\"38\">60<\/td>\n<td valign=\"top\" width=\"47\">50<\/td>\n<td valign=\"top\" width=\"37\">44<\/td>\n<td valign=\"top\" width=\"25\">140<\/td>\n<td valign=\"top\" width=\"45\">170<\/td>\n<td valign=\"top\" width=\"49\">100<\/td>\n<td valign=\"top\" width=\"53\">80<\/td>\n<td valign=\"top\" width=\"57\">66.8<\/td>\n<td valign=\"top\" width=\"44\">90<\/td>\n<td valign=\"top\" width=\"26\">4<\/td>\n<td valign=\"top\" width=\"40\">245<\/td>\n<td valign=\"top\" width=\"25\">570<\/td>\n<td valign=\"top\" width=\"57\">7100<\/td>\n<\/tr>\n<tr>\n<td valign=\"top\" width=\"78\">GF70 DO<\/p>\n<p>DO<\/td>\n<td valign=\"top\" width=\"38\">70<\/td>\n<td valign=\"top\" width=\"47\">55<\/td>\n<td valign=\"top\" width=\"37\">49<\/td>\n<td valign=\"top\" width=\"25\">164<\/td>\n<td valign=\"top\" width=\"45\">197<\/td>\n<td valign=\"top\" width=\"49\">115<\/td>\n<td valign=\"top\" width=\"53\">92<\/td>\n<td valign=\"top\" width=\"57\">77.9<\/td>\n<td valign=\"top\" width=\"44\">105<\/td>\n<td valign=\"top\" width=\"26\">4<\/td>\n<td valign=\"top\" width=\"40\">315<\/td>\n<td valign=\"top\" width=\"25\">695<\/td>\n<td valign=\"top\" width=\"57\">10500<\/td>\n<\/tr>\n<tr>\n<td valign=\"top\" width=\"78\">GF80\u00a0DO<\/p>\n<p>DO<\/td>\n<td valign=\"top\" width=\"38\">80<\/td>\n<td valign=\"top\" width=\"47\">60<\/td>\n<td valign=\"top\" width=\"37\">55<\/td>\n<td valign=\"top\" width=\"25\">180<\/td>\n<td valign=\"top\" width=\"45\">231<\/td>\n<td valign=\"top\" width=\"49\">141<\/td>\n<td valign=\"top\" width=\"53\">105<\/td>\n<td valign=\"top\" width=\"57\">89.4<\/td>\n<td valign=\"top\" width=\"44\">120<\/td>\n<td valign=\"top\" width=\"26\">4<\/td>\n<td valign=\"top\" width=\"40\">400<\/td>\n<td valign=\"top\" width=\"25\">780<\/td>\n<td valign=\"top\" width=\"57\">15000<\/td>\n<\/tr>\n<tr>\n<td valign=\"top\" width=\"78\">GF90 DO<\/p>\n<p>DO<\/td>\n<td valign=\"top\" width=\"38\">90<\/td>\n<td valign=\"top\" width=\"47\">65<\/td>\n<td valign=\"top\" width=\"37\">80<\/td>\n<td valign=\"top\" width=\"25\">226<\/td>\n<td valign=\"top\" width=\"45\">263<\/td>\n<td valign=\"top\" width=\"49\">150<\/td>\n<td valign=\"top\" width=\"53\">115<\/td>\n<td valign=\"top\" width=\"57\">98.1<\/td>\n<td valign=\"top\" width=\"44\">130<\/td>\n<td valign=\"top\" width=\"26\">4<\/td>\n<td valign=\"top\" width=\"40\">490<\/td>\n<td valign=\"top\" width=\"25\">1340<\/td>\n<td valign=\"top\" width=\"57\">23500<\/td>\n<\/tr>\n<tr>\n<td valign=\"top\" width=\"78\">GF100DO<\/td>\n<td valign=\"top\" width=\"38\">100<\/td>\n<td valign=\"top\" width=\"47\">70<\/td>\n<td valign=\"top\" width=\"37\">70<\/td>\n<td valign=\"top\" width=\"25\">250<\/td>\n<td valign=\"top\" width=\"45\">295<\/td>\n<td valign=\"top\" width=\"49\">170<\/td>\n<td valign=\"top\" width=\"53\">130<\/td>\n<td valign=\"top\" width=\"57\">109.5<\/td>\n<td valign=\"top\" width=\"44\">150<\/td>\n<td valign=\"top\" width=\"26\">4<\/td>\n<td valign=\"top\" width=\"40\">610<\/td>\n<td valign=\"top\" width=\"25\">1500<\/td>\n<td valign=\"top\" width=\"57\">31500<\/td>\n<\/tr>\n<tr>\n<td valign=\"top\" width=\"78\">GF110DO<\/td>\n<td valign=\"top\" width=\"38\">110<\/td>\n<td valign=\"top\" width=\"47\">80<\/td>\n<td valign=\"top\" width=\"37\">70<\/td>\n<td valign=\"top\" width=\"25\">295<\/td>\n<td valign=\"top\" width=\"45\">332.5<\/td>\n<td valign=\"top\" width=\"49\">185<\/td>\n<td valign=\"top\" width=\"53\">140<\/td>\n<td valign=\"top\" width=\"57\">121.2<\/td>\n<td valign=\"top\" width=\"44\">160<\/td>\n<td valign=\"top\" width=\"26\">4<\/td>\n<td valign=\"top\" width=\"40\">655<\/td>\n<td valign=\"top\" width=\"25\">2160<\/td>\n<td valign=\"top\" width=\"57\">48500<\/td>\n<\/tr>\n<tr>\n<td valign=\"top\" width=\"78\">GF120DO<\/td>\n<td valign=\"top\" width=\"38\">120<\/td>\n<td valign=\"top\" width=\"47\">90<\/td>\n<td valign=\"top\" width=\"37\">85<\/td>\n<td valign=\"top\" width=\"25\">360<\/td>\n<td valign=\"top\" width=\"45\">390<\/td>\n<td valign=\"top\" width=\"49\">210<\/td>\n<td valign=\"top\" width=\"53\">160<\/td>\n<td valign=\"top\" width=\"57\">135.5<\/td>\n<td valign=\"top\" width=\"44\">180<\/td>\n<td valign=\"top\" width=\"26\">4<\/td>\n<td valign=\"top\" width=\"40\">950<\/td>\n<td valign=\"top\" width=\"25\">3250<\/td>\n<td valign=\"top\" width=\"57\">79000<\/td>\n<\/tr>\n<\/tbody>\n<\/table>\n<p>&nbsp;<\/p>","protected":false},"excerpt":{"rendered":"<p>Maintenance required\uff0cfor welding Rod end housing with weldable base It is made up of a radial spherical plain bearing GE..ES or GE..ES 2RS and rod end housing Rod end housing with a lubricating hole or grease nipple Part Number Dimensions(mm) &nbsp; Load ratings(KN) Weight (g) d C1 B D2 L6 H2 dk D1 D L8 [&hellip;]<\/p>","protected":false},"featured_media":2678,"template":"","meta":{"site-sidebar-layout":"default","site-content-layout":"","ast-site-content-layout":"default","site-content-style":"default","site-sidebar-style":"default","ast-global-header-display":"","ast-banner-title-visibility":"","ast-main-header-display":"","ast-hfb-above-header-display":"","ast-hfb-below-header-display":"","ast-hfb-mobile-header-display":"","site-post-title":"","ast-breadcrumbs-content":"","ast-featured-img":"","footer-sml-layout":"","theme-transparent-header-meta":"default","adv-header-id-meta":"","stick-header-meta":"","header-above-stick-meta":"","header-main-stick-meta":"","header-below-stick-meta":"","astra-migrate-meta-layouts":"set","ast-page-background-enabled":"default","ast-page-background-meta":{"desktop":{"background-color":"var(--ast-global-color-4)","background-image":"","background-repeat":"repeat","background-position":"center center","background-size":"auto","background-attachment":"scroll","background-type":"","background-media":"","overlay-type":"","overlay-color":"","overlay-opacity":"","overlay-gradient":""},"tablet":{"background-color":"","background-image":"","background-repeat":"repeat","background-position":"center center","background-size":"auto","background-attachment":"scroll","background-type":"","background-media":"","overlay-type":"","overlay-color":"","overlay-opacity":"","overlay-gradient":""},"mobile":{"background-color":"","background-image":"","background-repeat":"repeat","background-position":"center center","background-size":"auto","background-attachment":"scroll","background-type":"","background-media":"","overlay-type":"","overlay-color":"","overlay-opacity":"","overlay-gradient":""}},"ast-content-background-meta":{"desktop":{"background-color":"var(--ast-global-color-5)","background-image":"","background-repeat":"repeat","background-position":"center center","background-size":"auto","background-attachment":"scroll","background-type":"","background-media":"","overlay-type":"","overlay-color":"","overlay-opacity":"","overlay-gradient":""},"tablet":{"background-color":"var(--ast-global-color-5)","background-image":"","background-repeat":"repeat","background-position":"center center","background-size":"auto","background-attachment":"scroll","background-type":"","background-media":"","overlay-type":"","overlay-color":"","overlay-opacity":"","overlay-gradient":""},"mobile":{"background-color":"var(--ast-global-color-5)","background-image":"","background-repeat":"repeat","background-position":"center center","background-size":"auto","background-attachment":"scroll","background-type":"","background-media":"","overlay-type":"","overlay-color":"","overlay-opacity":"","overlay-gradient":""}}},"product_cat":[30],"product_tag":[],"class_list":{"0":"post-2152","1":"product","2":"type-product","3":"status-publish","4":"has-post-thumbnail","6":"product_cat-rod-end-bearing","7":"desktop-align-left","8":"tablet-align-left","9":"mobile-align-left","11":"first","12":"instock","13":"shipping-taxable","14":"product-type-simple"},"yoast_head":"<!-- This site is optimized with the Yoast SEO Premium plugin v22.5 (Yoast SEO v22.8) - https:\/\/yoast.com\/wordpress\/plugins\/seo\/ -->\r\n<title>Rod ends for hydraulic components GF..DO - SINO-MACHINERY AGRO-DEVELOPMENT INVESTMENT CO., LTD. JIANGSU BRANCH<\/title>\r\n<meta name=\"description\" content=\"Rod ends for hydraulic components GF..DO - Maintenance required\uff0cfor welding ;Rod end housing with weldable baseIt is made up of a radial spherical plain bearing GE..ES or GE..ES 2RS and rod end housing ; Rod end housing with a lubricating hole or grease nipple\" \/>\r\n<meta name=\"robots\" content=\"index, follow, max-snippet:-1, max-image-preview:large, max-video-preview:-1\" \/>\r\n<link rel=\"canonical\" href=\"http:\/\/www.camcjsw-bearings.com\/es\/producto\/rod-ends-for-hydraulic-components-gf-do\/\" \/>\r\n<meta property=\"og:locale\" content=\"es_ES\" \/>\r\n<meta property=\"og:type\" content=\"article\" \/>\r\n<meta property=\"og:title\" content=\"Rod ends for hydraulic components GF..DO\" \/>\r\n<meta property=\"og:description\" content=\"Rod ends for hydraulic components GF..DO - Maintenance required\uff0cfor welding ;Rod end housing with weldable baseIt is made up of a radial spherical plain bearing GE..ES or GE..ES 2RS and rod end housing ; Rod end housing with a lubricating hole or grease nipple\" \/>\r\n<meta property=\"og:url\" content=\"http:\/\/www.camcjsw-bearings.com\/es\/producto\/rod-ends-for-hydraulic-components-gf-do\/\" \/>\r\n<meta property=\"og:site_name\" content=\"SINO-MACHINERY AGRO-DEVELOPMENT INVESTMENT CO., LTD. JIANGSU BRANCH\" \/>\r\n<meta property=\"article:modified_time\" content=\"2024-08-15T01:07:50+00:00\" \/>\r\n<meta property=\"og:image\" content=\"http:\/\/www.camcjsw-bearings.com\/wp-content\/uploads\/2024\/05\/Rod-ends-for-hydraulic-components-GF.DO_.webp\" \/>\r\n\t<meta property=\"og:image:width\" content=\"257\" \/>\r\n\t<meta property=\"og:image:height\" content=\"190\" \/>\r\n\t<meta property=\"og:image:type\" content=\"image\/webp\" \/>\r\n<meta name=\"twitter:card\" content=\"summary_large_image\" \/>\r\n<meta name=\"twitter:site\" content=\"@kylinqian\" \/>\r\n<meta name=\"twitter:label1\" content=\"Precio\" \/>\n\t<meta name=\"twitter:data1\" content=\"\" \/>\n\t<meta name=\"twitter:label2\" content=\"Disponibilidad\" \/>\n\t<meta name=\"twitter:data2\" content=\"Disponible\" \/>\r\n<script type=\"application\/ld+json\" class=\"yoast-schema-graph\">{\"@context\":\"https:\/\/schema.org\",\"@graph\":[{\"@type\":\"WebPage\",\"@id\":\"http:\/\/www.camcjsw-bearings.com\/product\/rod-ends-for-hydraulic-components-gf-do\/\",\"url\":\"http:\/\/www.camcjsw-bearings.com\/product\/rod-ends-for-hydraulic-components-gf-do\/\",\"name\":\"Rod ends for hydraulic components GF..DO - SINO-MACHINERY AGRO-DEVELOPMENT INVESTMENT CO., LTD. JIANGSU BRANCH\",\"isPartOf\":{\"@id\":\"http:\/\/www.camcjsw-bearings.com\/#website\"},\"primaryImageOfPage\":{\"@id\":\"http:\/\/www.camcjsw-bearings.com\/product\/rod-ends-for-hydraulic-components-gf-do\/#primaryimage\"},\"image\":{\"@id\":\"http:\/\/www.camcjsw-bearings.com\/product\/rod-ends-for-hydraulic-components-gf-do\/#primaryimage\"},\"thumbnailUrl\":\"http:\/\/www.camcjsw-bearings.com\/wp-content\/uploads\/2024\/05\/Rod-ends-for-hydraulic-components-GF.DO_.webp\",\"datePublished\":\"2024-05-23T07:08:08+00:00\",\"dateModified\":\"2024-08-15T01:07:50+00:00\",\"description\":\"Rod ends for hydraulic components GF..DO - Maintenance required\uff0cfor welding ;Rod end housing with weldable baseIt is made up of a radial spherical plain bearing GE..ES or GE..ES 2RS and rod end housing ; Rod end housing with a lubricating hole or grease nipple\",\"breadcrumb\":{\"@id\":\"http:\/\/www.camcjsw-bearings.com\/product\/rod-ends-for-hydraulic-components-gf-do\/#breadcrumb\"},\"inLanguage\":\"es\",\"potentialAction\":[{\"@type\":\"ReadAction\",\"target\":[\"http:\/\/www.camcjsw-bearings.com\/product\/rod-ends-for-hydraulic-components-gf-do\/\"]}]},{\"@type\":\"ImageObject\",\"inLanguage\":\"es\",\"@id\":\"http:\/\/www.camcjsw-bearings.com\/product\/rod-ends-for-hydraulic-components-gf-do\/#primaryimage\",\"url\":\"http:\/\/www.camcjsw-bearings.com\/wp-content\/uploads\/2024\/05\/Rod-ends-for-hydraulic-components-GF.DO_.webp\",\"contentUrl\":\"http:\/\/www.camcjsw-bearings.com\/wp-content\/uploads\/2024\/05\/Rod-ends-for-hydraulic-components-GF.DO_.webp\",\"width\":257,\"height\":190},{\"@type\":\"BreadcrumbList\",\"@id\":\"http:\/\/www.camcjsw-bearings.com\/product\/rod-ends-for-hydraulic-components-gf-do\/#breadcrumb\",\"itemListElement\":[{\"@type\":\"ListItem\",\"position\":1,\"name\":\"\u9996\u9875\",\"item\":\"http:\/\/www.camcjsw-bearings.com\/\"},{\"@type\":\"ListItem\",\"position\":2,\"name\":\"Products\",\"item\":\"http:\/\/www.camcjsw-bearings.com\/shop\/\"},{\"@type\":\"ListItem\",\"position\":3,\"name\":\"Rod ends for hydraulic components GF..DO\"}]},{\"@type\":\"WebSite\",\"@id\":\"http:\/\/www.camcjsw-bearings.com\/#website\",\"url\":\"http:\/\/www.camcjsw-bearings.com\/\",\"name\":\"CAGRI Bearings\",\"description\":\"\",\"publisher\":{\"@id\":\"http:\/\/www.camcjsw-bearings.com\/#organization\"},\"potentialAction\":[{\"@type\":\"SearchAction\",\"target\":{\"@type\":\"EntryPoint\",\"urlTemplate\":\"http:\/\/www.camcjsw-bearings.com\/?s={search_term_string}\"},\"query-input\":\"required name=search_term_string\"}],\"inLanguage\":\"es\"},{\"@type\":\"Organization\",\"@id\":\"http:\/\/www.camcjsw-bearings.com\/#organization\",\"name\":\"JIANGSU WALLONG-HSIN MACHINERY ENGINEERING CORPORATION LTD.\",\"url\":\"http:\/\/www.camcjsw-bearings.com\/\",\"logo\":{\"@type\":\"ImageObject\",\"inLanguage\":\"es\",\"@id\":\"http:\/\/www.camcjsw-bearings.com\/#\/schema\/logo\/image\/\",\"url\":\"http:\/\/www.camcjsw-bearings.com\/wp-content\/uploads\/2024\/05\/bearings-1.webp\",\"contentUrl\":\"http:\/\/www.camcjsw-bearings.com\/wp-content\/uploads\/2024\/05\/bearings-1.webp\",\"width\":192,\"height\":81,\"caption\":\"JIANGSU WALLONG-HSIN MACHINERY ENGINEERING CORPORATION LTD.\"},\"image\":{\"@id\":\"http:\/\/www.camcjsw-bearings.com\/#\/schema\/logo\/image\/\"},\"sameAs\":[\"https:\/\/x.com\/kylinqian\",\"https:\/\/www.linkedin.com\/in\/--1730852a9\/\"]}]}<\/script>\r\n<meta property=\"product:price:amount\" content=\"0.00\" \/>\r\n<meta property=\"product:price:currency\" content=\"USD\" \/>\r\n<meta property=\"og:availability\" content=\"instock\" \/>\r\n<meta property=\"product:availability\" content=\"instock\" \/>\r\n<meta property=\"product:condition\" content=\"new\" \/>\r\n<!-- \/ Yoast SEO Premium plugin. -->","yoast_head_json":{"title":"Rod ends for hydraulic components GF..DO - SINO-MACHINERY AGRO-DEVELOPMENT INVESTMENT CO., LTD. JIANGSU BRANCH","description":"Rod ends for hydraulic components GF..DO - Maintenance required\uff0cfor welding ;Rod end housing with weldable baseIt is made up of a radial spherical plain bearing GE..ES or GE..ES 2RS and rod end housing ; Rod end housing with a lubricating hole or grease nipple","robots":{"index":"index","follow":"follow","max-snippet":"max-snippet:-1","max-image-preview":"max-image-preview:large","max-video-preview":"max-video-preview:-1"},"canonical":"http:\/\/www.camcjsw-bearings.com\/es\/producto\/rod-ends-for-hydraulic-components-gf-do\/","og_locale":"es_ES","og_type":"article","og_title":"Rod ends for hydraulic components GF..DO","og_description":"Rod ends for hydraulic components GF..DO - Maintenance required\uff0cfor welding ;Rod end housing with weldable baseIt is made up of a radial spherical plain bearing GE..ES or GE..ES 2RS and rod end housing ; Rod end housing with a lubricating hole or grease nipple","og_url":"http:\/\/www.camcjsw-bearings.com\/es\/producto\/rod-ends-for-hydraulic-components-gf-do\/","og_site_name":"SINO-MACHINERY AGRO-DEVELOPMENT INVESTMENT CO., LTD. JIANGSU BRANCH","article_modified_time":"2024-08-15T01:07:50+00:00","og_image":[{"width":257,"height":190,"url":"http:\/\/www.camcjsw-bearings.com\/wp-content\/uploads\/2024\/05\/Rod-ends-for-hydraulic-components-GF.DO_.webp","type":"image\/webp"}],"twitter_card":"summary_large_image","twitter_site":"@kylinqian","twitter_misc":{"Precio":"","Disponibilidad":"Disponible"},"schema":{"@context":"https:\/\/schema.org","@graph":[{"@type":"WebPage","@id":"http:\/\/www.camcjsw-bearings.com\/product\/rod-ends-for-hydraulic-components-gf-do\/","url":"http:\/\/www.camcjsw-bearings.com\/product\/rod-ends-for-hydraulic-components-gf-do\/","name":"Rod ends for hydraulic components GF..DO - SINO-MACHINERY AGRO-DEVELOPMENT INVESTMENT CO., LTD. JIANGSU BRANCH","isPartOf":{"@id":"http:\/\/www.camcjsw-bearings.com\/#website"},"primaryImageOfPage":{"@id":"http:\/\/www.camcjsw-bearings.com\/product\/rod-ends-for-hydraulic-components-gf-do\/#primaryimage"},"image":{"@id":"http:\/\/www.camcjsw-bearings.com\/product\/rod-ends-for-hydraulic-components-gf-do\/#primaryimage"},"thumbnailUrl":"http:\/\/www.camcjsw-bearings.com\/wp-content\/uploads\/2024\/05\/Rod-ends-for-hydraulic-components-GF.DO_.webp","datePublished":"2024-05-23T07:08:08+00:00","dateModified":"2024-08-15T01:07:50+00:00","description":"Rod ends for hydraulic components GF..DO - Maintenance required\uff0cfor welding ;Rod end housing with weldable baseIt is made up of a radial spherical plain bearing GE..ES or GE..ES 2RS and rod end housing ; Rod end housing with a lubricating hole or grease nipple","breadcrumb":{"@id":"http:\/\/www.camcjsw-bearings.com\/product\/rod-ends-for-hydraulic-components-gf-do\/#breadcrumb"},"inLanguage":"es","potentialAction":[{"@type":"ReadAction","target":["http:\/\/www.camcjsw-bearings.com\/product\/rod-ends-for-hydraulic-components-gf-do\/"]}]},{"@type":"ImageObject","inLanguage":"es","@id":"http:\/\/www.camcjsw-bearings.com\/product\/rod-ends-for-hydraulic-components-gf-do\/#primaryimage","url":"http:\/\/www.camcjsw-bearings.com\/wp-content\/uploads\/2024\/05\/Rod-ends-for-hydraulic-components-GF.DO_.webp","contentUrl":"http:\/\/www.camcjsw-bearings.com\/wp-content\/uploads\/2024\/05\/Rod-ends-for-hydraulic-components-GF.DO_.webp","width":257,"height":190},{"@type":"BreadcrumbList","@id":"http:\/\/www.camcjsw-bearings.com\/product\/rod-ends-for-hydraulic-components-gf-do\/#breadcrumb","itemListElement":[{"@type":"ListItem","position":1,"name":"\u9996\u9875","item":"http:\/\/www.camcjsw-bearings.com\/"},{"@type":"ListItem","position":2,"name":"Products","item":"http:\/\/www.camcjsw-bearings.com\/shop\/"},{"@type":"ListItem","position":3,"name":"Rod ends for hydraulic components GF..DO"}]},{"@type":"WebSite","@id":"http:\/\/www.camcjsw-bearings.com\/#website","url":"http:\/\/www.camcjsw-bearings.com\/","name":"CAGRI Bearings","description":"","publisher":{"@id":"http:\/\/www.camcjsw-bearings.com\/#organization"},"potentialAction":[{"@type":"SearchAction","target":{"@type":"EntryPoint","urlTemplate":"http:\/\/www.camcjsw-bearings.com\/?s={search_term_string}"},"query-input":"required name=search_term_string"}],"inLanguage":"es"},{"@type":"Organization","@id":"http:\/\/www.camcjsw-bearings.com\/#organization","name":"JIANGSU WALLONG-HSIN MACHINERY ENGINEERING CORPORATION LTD.","url":"http:\/\/www.camcjsw-bearings.com\/","logo":{"@type":"ImageObject","inLanguage":"es","@id":"http:\/\/www.camcjsw-bearings.com\/#\/schema\/logo\/image\/","url":"http:\/\/www.camcjsw-bearings.com\/wp-content\/uploads\/2024\/05\/bearings-1.webp","contentUrl":"http:\/\/www.camcjsw-bearings.com\/wp-content\/uploads\/2024\/05\/bearings-1.webp","width":192,"height":81,"caption":"JIANGSU WALLONG-HSIN MACHINERY ENGINEERING CORPORATION LTD."},"image":{"@id":"http:\/\/www.camcjsw-bearings.com\/#\/schema\/logo\/image\/"},"sameAs":["https:\/\/x.com\/kylinqian","https:\/\/www.linkedin.com\/in\/--1730852a9\/"]}]},"product_price_amount":"0.00","product_price_currency":"USD","og_availability":"instock","product_availability":"instock","product_condition":"new"},"_links":{"self":[{"href":"http:\/\/www.camcjsw-bearings.com\/es\/wp-json\/wp\/v2\/product\/2152","targetHints":{"allow":["GET"]}}],"collection":[{"href":"http:\/\/www.camcjsw-bearings.com\/es\/wp-json\/wp\/v2\/product"}],"about":[{"href":"http:\/\/www.camcjsw-bearings.com\/es\/wp-json\/wp\/v2\/types\/product"}],"wp:featuredmedia":[{"embeddable":true,"href":"http:\/\/www.camcjsw-bearings.com\/es\/wp-json\/wp\/v2\/media\/2678"}],"wp:attachment":[{"href":"http:\/\/www.camcjsw-bearings.com\/es\/wp-json\/wp\/v2\/media?parent=2152"}],"wp:term":[{"taxonomy":"product_cat","embeddable":true,"href":"http:\/\/www.camcjsw-bearings.com\/es\/wp-json\/wp\/v2\/product_cat?post=2152"},{"taxonomy":"product_tag","embeddable":true,"href":"http:\/\/www.camcjsw-bearings.com\/es\/wp-json\/wp\/v2\/product_tag?post=2152"}],"curies":[{"name":"wp","href":"https:\/\/api.w.org\/{rel}","templated":true}]}}