{"id":2114,"date":"2024-05-23T14:05:37","date_gmt":"2024-05-23T06:05:37","guid":{"rendered":"http:\/\/www.camcjsw-bearings.com\/product\/cpu-mecanum-wheel\/"},"modified":"2025-04-09T13:57:31","modified_gmt":"2025-04-09T05:57:31","slug":"polyurethane-cpu-mecanum-wheel","status":"publish","type":"product","link":"http:\/\/www.camcjsw-bearings.com\/es\/producto\/polyurethane-cpu-mecanum-wheel\/","title":{"rendered":"Rueda mec\u00e1nica de CPU"},"content":{"rendered":"<p><strong>Escenario de aplicaci\u00f3n<\/strong><\/p>\n<p>El m\u00f3dulo de rueda Mecanum se puede aplicar a robots m\u00f3viles, robots de almacenamiento y log\u00edstica, AGV, AMR, equipos de estacionamiento inteligentes, robots generales y otros campos, para satisfacer las necesidades de diferentes industrias como la industria, la investigaci\u00f3n cient\u00edfica, el comercio, el tratamiento m\u00e9dico, etc. , con una amplia gama de aplicaciones, calidad estable y env\u00edo grande.<\/p>\n<p><strong>Caracter\u00edsticas del producto<\/strong><\/p>\n<ul>\n<li>-Movimiento omnidireccional, rotaci\u00f3n de radio cero, postura flexible;<\/li>\n<li>-Apoyar una variedad de deportes;<\/li>\n<li>-Motor de cubo integrado, codificador, estructura compacta, alta utilizaci\u00f3n del espacio;<\/li>\n<li>-Dise\u00f1o integrado, instalaci\u00f3n sencilla;<\/li>\n<li>-Alto rendimiento, alta precisi\u00f3n;<\/li>\n<li>-Soporte de personalizaci\u00f3n.<\/li>\n<\/ul>\n<p><strong>tabla de par\u00e1metros<\/strong><\/p>\n<p>Rueda mec\u00e1nica de CPU<\/p>\n<table>\n<tbody>\n<tr class=\"firstRow\">\n<td width=\"112\">Tipo<\/td>\n<td width=\"144\">Dimensi\u00f3n de la rueda<\/p>\n<p>Pulgadas<\/td>\n<td width=\"123\">Di\u00e1metro de la rueda.<\/td>\n<td width=\"121\">Ancho de rueda<\/td>\n<td width=\"121\">Capacidad de carga<\/p>\n<p>\/colocar<\/td>\n<td width=\"159\">Material del rodillo<\/td>\n<\/tr>\n<tr>\n<td width=\"112\">CPU6<\/td>\n<td width=\"144\">6<\/td>\n<td width=\"123\">150mm<\/td>\n<td width=\"121\">80mm<\/td>\n<td width=\"121\">200kg<\/td>\n<td width=\"159\">CPU<\/td>\n<\/tr>\n<tr>\n<td width=\"112\">CPU8<\/td>\n<td width=\"144\">8<\/td>\n<td width=\"123\">200mm<\/td>\n<td width=\"121\">104mm<\/td>\n<td width=\"121\">500kg<\/td>\n<td width=\"159\">CPU<\/td>\n<\/tr>\n<tr>\n<td width=\"112\">CPU9<\/td>\n<td width=\"144\">9<\/td>\n<td width=\"123\">225mm<\/td>\n<td width=\"121\">117mm<\/td>\n<td width=\"121\">700kg<\/td>\n<td width=\"159\">CPU<\/td>\n<\/tr>\n<tr>\n<td width=\"112\">CPU10<\/td>\n<td width=\"144\">10<\/td>\n<td width=\"123\">250mm<\/td>\n<td width=\"121\">130mm<\/td>\n<td width=\"121\">700kg<\/td>\n<td width=\"159\">CPU<\/td>\n<\/tr>\n<tr>\n<td width=\"112\">CPU12<\/td>\n<td width=\"144\">12<\/td>\n<td width=\"123\">300mm<\/td>\n<td width=\"121\">156mm<\/td>\n<td width=\"121\">1000kg<\/td>\n<td width=\"159\">CPU<\/td>\n<\/tr>\n<tr>\n<td width=\"112\">CPU13<\/td>\n<td width=\"144\">13<\/td>\n<td width=\"123\">330mm<\/td>\n<td width=\"121\">172mm<\/td>\n<td width=\"121\">1100kg<\/td>\n<td width=\"159\">CPU<\/td>\n<\/tr>\n<tr>\n<td width=\"112\">CPU15<\/td>\n<td width=\"144\">15<\/td>\n<td width=\"123\">375mm<\/td>\n<td width=\"121\">195mm<\/td>\n<td width=\"121\">1500kg<\/td>\n<td width=\"159\">CPU<\/td>\n<\/tr>\n<tr>\n<td width=\"112\">CPU16<\/td>\n<td width=\"144\">16<\/td>\n<td width=\"123\">400mm<\/td>\n<td width=\"121\">208mm<\/td>\n<td width=\"121\">1800kg<\/td>\n<td width=\"159\">CPU<\/td>\n<\/tr>\n<tr>\n<td width=\"112\">CPU18<\/td>\n<td width=\"144\">18<\/td>\n<td width=\"123\">450mm<\/td>\n<td width=\"121\">234mm<\/td>\n<td width=\"121\">2200kg<\/td>\n<td width=\"159\">CPU<\/td>\n<\/tr>\n<tr>\n<td width=\"112\">CPU20<\/td>\n<td width=\"144\">20<\/td>\n<td width=\"123\">500mm<\/td>\n<td width=\"121\">260mm<\/td>\n<td width=\"121\">2500kg<\/td>\n<td width=\"159\">CPU<\/td>\n<\/tr>\n<tr>\n<td width=\"112\">CPU24<\/td>\n<td width=\"144\">24<\/td>\n<td width=\"123\">600mm<\/td>\n<td width=\"121\">312mm<\/td>\n<td width=\"121\">3500kg<\/td>\n<td width=\"159\">CPU<\/td>\n<\/tr>\n<tr>\n<td width=\"112\">CPU28<\/td>\n<td width=\"144\">28<\/td>\n<td width=\"123\">700mm<\/td>\n<td width=\"121\">364mm<\/td>\n<td width=\"121\">5500kg<\/td>\n<td width=\"159\">CPU<\/td>\n<\/tr>\n<\/tbody>\n<\/table>","protected":false},"excerpt":{"rendered":"<p>Application scenario Mecanum wheel module can be applied to mobile robots, warehousing and logistics robots, AGV, AMR, intelligent parking equipment, general robots and other fields, to meet the needs of different industries such as industry, scientific research,commerce, medical treatment, etc., with a wide range of applications, stable quality and large shipment. Product features -Omnidirectional movement, [&hellip;]<\/p>","protected":false},"featured_media":3370,"template":"","meta":{"site-sidebar-layout":"default","site-content-layout":"","ast-site-content-layout":"default","site-content-style":"default","site-sidebar-style":"default","ast-global-header-display":"","ast-banner-title-visibility":"","ast-main-header-display":"","ast-hfb-above-header-display":"","ast-hfb-below-header-display":"","ast-hfb-mobile-header-display":"","site-post-title":"","ast-breadcrumbs-content":"","ast-featured-img":"","footer-sml-layout":"","theme-transparent-header-meta":"default","adv-header-id-meta":"","stick-header-meta":"","header-above-stick-meta":"","header-main-stick-meta":"","header-below-stick-meta":"","astra-migrate-meta-layouts":"set","ast-page-background-enabled":"default","ast-page-background-meta":{"desktop":{"background-color":"var(--ast-global-color-4)","background-image":"","background-repeat":"repeat","background-position":"center center","background-size":"auto","background-attachment":"scroll","background-type":"","background-media":"","overlay-type":"","overlay-color":"","overlay-opacity":"","overlay-gradient":""},"tablet":{"background-color":"","background-image":"","background-repeat":"repeat","background-position":"center center","background-size":"auto","background-attachment":"scroll","background-type":"","background-media":"","overlay-type":"","overlay-color":"","overlay-opacity":"","overlay-gradient":""},"mobile":{"background-color":"","background-image":"","background-repeat":"repeat","background-position":"center center","background-size":"auto","background-attachment":"scroll","background-type":"","background-media":"","overlay-type":"","overlay-color":"","overlay-opacity":"","overlay-gradient":""}},"ast-content-background-meta":{"desktop":{"background-color":"var(--ast-global-color-5)","background-image":"","background-repeat":"repeat","background-position":"center center","background-size":"auto","background-attachment":"scroll","background-type":"","background-media":"","overlay-type":"","overlay-color":"","overlay-opacity":"","overlay-gradient":""},"tablet":{"background-color":"var(--ast-global-color-5)","background-image":"","background-repeat":"repeat","background-position":"center center","background-size":"auto","background-attachment":"scroll","background-type":"","background-media":"","overlay-type":"","overlay-color":"","overlay-opacity":"","overlay-gradient":""},"mobile":{"background-color":"var(--ast-global-color-5)","background-image":"","background-repeat":"repeat","background-position":"center center","background-size":"auto","background-attachment":"scroll","background-type":"","background-media":"","overlay-type":"","overlay-color":"","overlay-opacity":"","overlay-gradient":""}}},"product_cat":[29],"product_tag":[],"class_list":{"0":"post-2114","1":"product","2":"type-product","3":"status-publish","4":"has-post-thumbnail","6":"product_cat-mecanum-wheel","7":"desktop-align-left","8":"tablet-align-left","9":"mobile-align-left","11":"first","12":"instock","13":"shipping-taxable","14":"product-type-simple"},"yoast_head":"<!-- This site is optimized with the Yoast SEO Premium plugin v22.5 (Yoast SEO v22.8) - https:\/\/yoast.com\/wordpress\/plugins\/seo\/ -->\r\n<title>Polyurethane (CPU) Mecanum Wheel|CAGRI Bearings<\/title>\r\n<meta name=\"description\" content=\"CPU mecanum wheel -CAGRI Bearings&#039;s polyurethane CPU mecanum wheels provide 85 Shore A hardness with zero floor damage. Perfect for hospital robots and warehouse AGVs. Custom sizes from 50mm to 300mm available. Request specs now.\" \/>\r\n<meta name=\"robots\" content=\"index, follow, max-snippet:-1, max-image-preview:large, max-video-preview:-1\" \/>\r\n<link rel=\"canonical\" href=\"http:\/\/www.camcjsw-bearings.com\/es\/producto\/polyurethane-cpu-mecanum-wheel\/\" \/>\r\n<meta property=\"og:locale\" content=\"es_ES\" \/>\r\n<meta property=\"og:type\" content=\"article\" \/>\r\n<meta property=\"og:title\" content=\"CPU mecanum wheel\" \/>\r\n<meta property=\"og:description\" content=\"CPU mecanum wheel -CAGRI Bearings&#039;s polyurethane CPU mecanum wheels provide 85 Shore A hardness with zero floor damage. Perfect for hospital robots and warehouse AGVs. Custom sizes from 50mm to 300mm available. Request specs now.\" \/>\r\n<meta property=\"og:url\" content=\"http:\/\/www.camcjsw-bearings.com\/es\/producto\/polyurethane-cpu-mecanum-wheel\/\" \/>\r\n<meta property=\"og:site_name\" content=\"SINO-MACHINERY AGRO-DEVELOPMENT INVESTMENT CO., LTD. JIANGSU BRANCH\" \/>\r\n<meta property=\"article:modified_time\" content=\"2025-04-09T05:57:31+00:00\" \/>\r\n<meta property=\"og:image\" content=\"http:\/\/www.camcjsw-bearings.com\/wp-content\/uploads\/2024\/05\/CPU-mecanum-wheel.webp\" \/>\r\n\t<meta property=\"og:image:width\" content=\"257\" \/>\r\n\t<meta property=\"og:image:height\" content=\"190\" \/>\r\n\t<meta property=\"og:image:type\" content=\"image\/webp\" \/>\r\n<meta name=\"twitter:card\" content=\"summary_large_image\" \/>\r\n<meta name=\"twitter:site\" content=\"@kylinqian\" \/>\r\n<meta name=\"twitter:label1\" content=\"Precio\" \/>\n\t<meta name=\"twitter:data1\" content=\"\" \/>\n\t<meta name=\"twitter:label2\" content=\"Disponibilidad\" \/>\n\t<meta name=\"twitter:data2\" content=\"Disponible\" \/>\r\n<script type=\"application\/ld+json\" class=\"yoast-schema-graph\">{\"@context\":\"https:\/\/schema.org\",\"@graph\":[{\"@type\":\"WebPage\",\"@id\":\"http:\/\/www.camcjsw-bearings.com\/product\/polyurethane-cpu-mecanum-wheel\/\",\"url\":\"http:\/\/www.camcjsw-bearings.com\/product\/polyurethane-cpu-mecanum-wheel\/\",\"name\":\"Polyurethane (CPU) Mecanum Wheel|CAGRI Bearings\",\"isPartOf\":{\"@id\":\"http:\/\/www.camcjsw-bearings.com\/#website\"},\"primaryImageOfPage\":{\"@id\":\"http:\/\/www.camcjsw-bearings.com\/product\/polyurethane-cpu-mecanum-wheel\/#primaryimage\"},\"image\":{\"@id\":\"http:\/\/www.camcjsw-bearings.com\/product\/polyurethane-cpu-mecanum-wheel\/#primaryimage\"},\"thumbnailUrl\":\"http:\/\/www.camcjsw-bearings.com\/wp-content\/uploads\/2024\/05\/CPU-mecanum-wheel.webp\",\"datePublished\":\"2024-05-23T06:05:37+00:00\",\"dateModified\":\"2025-04-09T05:57:31+00:00\",\"description\":\"CPU mecanum wheel -CAGRI Bearings's polyurethane CPU mecanum wheels provide 85 Shore A hardness with zero floor damage. Perfect for hospital robots and warehouse AGVs. Custom sizes from 50mm to 300mm available. Request specs now.\",\"breadcrumb\":{\"@id\":\"http:\/\/www.camcjsw-bearings.com\/product\/polyurethane-cpu-mecanum-wheel\/#breadcrumb\"},\"inLanguage\":\"es\",\"potentialAction\":[{\"@type\":\"ReadAction\",\"target\":[\"http:\/\/www.camcjsw-bearings.com\/product\/polyurethane-cpu-mecanum-wheel\/\"]}]},{\"@type\":\"ImageObject\",\"inLanguage\":\"es\",\"@id\":\"http:\/\/www.camcjsw-bearings.com\/product\/polyurethane-cpu-mecanum-wheel\/#primaryimage\",\"url\":\"http:\/\/www.camcjsw-bearings.com\/wp-content\/uploads\/2024\/05\/CPU-mecanum-wheel.webp\",\"contentUrl\":\"http:\/\/www.camcjsw-bearings.com\/wp-content\/uploads\/2024\/05\/CPU-mecanum-wheel.webp\",\"width\":257,\"height\":190},{\"@type\":\"BreadcrumbList\",\"@id\":\"http:\/\/www.camcjsw-bearings.com\/product\/polyurethane-cpu-mecanum-wheel\/#breadcrumb\",\"itemListElement\":[{\"@type\":\"ListItem\",\"position\":1,\"name\":\"\u9996\u9875\",\"item\":\"http:\/\/www.camcjsw-bearings.com\/\"},{\"@type\":\"ListItem\",\"position\":2,\"name\":\"Products\",\"item\":\"http:\/\/www.camcjsw-bearings.com\/shop\/\"},{\"@type\":\"ListItem\",\"position\":3,\"name\":\"CPU mecanum wheel\"}]},{\"@type\":\"WebSite\",\"@id\":\"http:\/\/www.camcjsw-bearings.com\/#website\",\"url\":\"http:\/\/www.camcjsw-bearings.com\/\",\"name\":\"CAGRI Bearings\",\"description\":\"\",\"publisher\":{\"@id\":\"http:\/\/www.camcjsw-bearings.com\/#organization\"},\"potentialAction\":[{\"@type\":\"SearchAction\",\"target\":{\"@type\":\"EntryPoint\",\"urlTemplate\":\"http:\/\/www.camcjsw-bearings.com\/?s={search_term_string}\"},\"query-input\":\"required name=search_term_string\"}],\"inLanguage\":\"es\"},{\"@type\":\"Organization\",\"@id\":\"http:\/\/www.camcjsw-bearings.com\/#organization\",\"name\":\"JIANGSU WALLONG-HSIN MACHINERY ENGINEERING CORPORATION LTD.\",\"url\":\"http:\/\/www.camcjsw-bearings.com\/\",\"logo\":{\"@type\":\"ImageObject\",\"inLanguage\":\"es\",\"@id\":\"http:\/\/www.camcjsw-bearings.com\/#\/schema\/logo\/image\/\",\"url\":\"http:\/\/www.camcjsw-bearings.com\/wp-content\/uploads\/2024\/05\/bearings-1.webp\",\"contentUrl\":\"http:\/\/www.camcjsw-bearings.com\/wp-content\/uploads\/2024\/05\/bearings-1.webp\",\"width\":192,\"height\":81,\"caption\":\"JIANGSU WALLONG-HSIN MACHINERY ENGINEERING CORPORATION LTD.\"},\"image\":{\"@id\":\"http:\/\/www.camcjsw-bearings.com\/#\/schema\/logo\/image\/\"},\"sameAs\":[\"https:\/\/x.com\/kylinqian\",\"https:\/\/www.linkedin.com\/in\/--1730852a9\/\"]}]}<\/script>\r\n<meta property=\"product:price:amount\" content=\"0.00\" \/>\r\n<meta property=\"product:price:currency\" content=\"USD\" \/>\r\n<meta property=\"og:availability\" content=\"instock\" \/>\r\n<meta property=\"product:availability\" content=\"instock\" \/>\r\n<meta property=\"product:condition\" content=\"new\" \/>\r\n<!-- \/ Yoast SEO Premium plugin. -->","yoast_head_json":{"title":"Polyurethane (CPU) Mecanum Wheel|CAGRI Bearings","description":"CPU mecanum wheel -CAGRI Bearings's polyurethane CPU mecanum wheels provide 85 Shore A hardness with zero floor damage. Perfect for hospital robots and warehouse AGVs. Custom sizes from 50mm to 300mm available. Request specs now.","robots":{"index":"index","follow":"follow","max-snippet":"max-snippet:-1","max-image-preview":"max-image-preview:large","max-video-preview":"max-video-preview:-1"},"canonical":"http:\/\/www.camcjsw-bearings.com\/es\/producto\/polyurethane-cpu-mecanum-wheel\/","og_locale":"es_ES","og_type":"article","og_title":"CPU mecanum wheel","og_description":"CPU mecanum wheel -CAGRI Bearings's polyurethane CPU mecanum wheels provide 85 Shore A hardness with zero floor damage. Perfect for hospital robots and warehouse AGVs. Custom sizes from 50mm to 300mm available. Request specs now.","og_url":"http:\/\/www.camcjsw-bearings.com\/es\/producto\/polyurethane-cpu-mecanum-wheel\/","og_site_name":"SINO-MACHINERY AGRO-DEVELOPMENT INVESTMENT CO., LTD. JIANGSU BRANCH","article_modified_time":"2025-04-09T05:57:31+00:00","og_image":[{"width":257,"height":190,"url":"http:\/\/www.camcjsw-bearings.com\/wp-content\/uploads\/2024\/05\/CPU-mecanum-wheel.webp","type":"image\/webp"}],"twitter_card":"summary_large_image","twitter_site":"@kylinqian","twitter_misc":{"Precio":"","Disponibilidad":"Disponible"},"schema":{"@context":"https:\/\/schema.org","@graph":[{"@type":"WebPage","@id":"http:\/\/www.camcjsw-bearings.com\/product\/polyurethane-cpu-mecanum-wheel\/","url":"http:\/\/www.camcjsw-bearings.com\/product\/polyurethane-cpu-mecanum-wheel\/","name":"Polyurethane (CPU) Mecanum Wheel|CAGRI Bearings","isPartOf":{"@id":"http:\/\/www.camcjsw-bearings.com\/#website"},"primaryImageOfPage":{"@id":"http:\/\/www.camcjsw-bearings.com\/product\/polyurethane-cpu-mecanum-wheel\/#primaryimage"},"image":{"@id":"http:\/\/www.camcjsw-bearings.com\/product\/polyurethane-cpu-mecanum-wheel\/#primaryimage"},"thumbnailUrl":"http:\/\/www.camcjsw-bearings.com\/wp-content\/uploads\/2024\/05\/CPU-mecanum-wheel.webp","datePublished":"2024-05-23T06:05:37+00:00","dateModified":"2025-04-09T05:57:31+00:00","description":"CPU mecanum wheel -CAGRI Bearings's polyurethane CPU mecanum wheels provide 85 Shore A hardness with zero floor damage. Perfect for hospital robots and warehouse AGVs. Custom sizes from 50mm to 300mm available. Request specs now.","breadcrumb":{"@id":"http:\/\/www.camcjsw-bearings.com\/product\/polyurethane-cpu-mecanum-wheel\/#breadcrumb"},"inLanguage":"es","potentialAction":[{"@type":"ReadAction","target":["http:\/\/www.camcjsw-bearings.com\/product\/polyurethane-cpu-mecanum-wheel\/"]}]},{"@type":"ImageObject","inLanguage":"es","@id":"http:\/\/www.camcjsw-bearings.com\/product\/polyurethane-cpu-mecanum-wheel\/#primaryimage","url":"http:\/\/www.camcjsw-bearings.com\/wp-content\/uploads\/2024\/05\/CPU-mecanum-wheel.webp","contentUrl":"http:\/\/www.camcjsw-bearings.com\/wp-content\/uploads\/2024\/05\/CPU-mecanum-wheel.webp","width":257,"height":190},{"@type":"BreadcrumbList","@id":"http:\/\/www.camcjsw-bearings.com\/product\/polyurethane-cpu-mecanum-wheel\/#breadcrumb","itemListElement":[{"@type":"ListItem","position":1,"name":"\u9996\u9875","item":"http:\/\/www.camcjsw-bearings.com\/"},{"@type":"ListItem","position":2,"name":"Products","item":"http:\/\/www.camcjsw-bearings.com\/shop\/"},{"@type":"ListItem","position":3,"name":"CPU mecanum wheel"}]},{"@type":"WebSite","@id":"http:\/\/www.camcjsw-bearings.com\/#website","url":"http:\/\/www.camcjsw-bearings.com\/","name":"CAGRI Bearings","description":"","publisher":{"@id":"http:\/\/www.camcjsw-bearings.com\/#organization"},"potentialAction":[{"@type":"SearchAction","target":{"@type":"EntryPoint","urlTemplate":"http:\/\/www.camcjsw-bearings.com\/?s={search_term_string}"},"query-input":"required name=search_term_string"}],"inLanguage":"es"},{"@type":"Organization","@id":"http:\/\/www.camcjsw-bearings.com\/#organization","name":"JIANGSU WALLONG-HSIN MACHINERY ENGINEERING CORPORATION LTD.","url":"http:\/\/www.camcjsw-bearings.com\/","logo":{"@type":"ImageObject","inLanguage":"es","@id":"http:\/\/www.camcjsw-bearings.com\/#\/schema\/logo\/image\/","url":"http:\/\/www.camcjsw-bearings.com\/wp-content\/uploads\/2024\/05\/bearings-1.webp","contentUrl":"http:\/\/www.camcjsw-bearings.com\/wp-content\/uploads\/2024\/05\/bearings-1.webp","width":192,"height":81,"caption":"JIANGSU WALLONG-HSIN MACHINERY ENGINEERING CORPORATION LTD."},"image":{"@id":"http:\/\/www.camcjsw-bearings.com\/#\/schema\/logo\/image\/"},"sameAs":["https:\/\/x.com\/kylinqian","https:\/\/www.linkedin.com\/in\/--1730852a9\/"]}]},"product_price_amount":"0.00","product_price_currency":"USD","og_availability":"instock","product_availability":"instock","product_condition":"new"},"_links":{"self":[{"href":"http:\/\/www.camcjsw-bearings.com\/es\/wp-json\/wp\/v2\/product\/2114","targetHints":{"allow":["GET"]}}],"collection":[{"href":"http:\/\/www.camcjsw-bearings.com\/es\/wp-json\/wp\/v2\/product"}],"about":[{"href":"http:\/\/www.camcjsw-bearings.com\/es\/wp-json\/wp\/v2\/types\/product"}],"wp:featuredmedia":[{"embeddable":true,"href":"http:\/\/www.camcjsw-bearings.com\/es\/wp-json\/wp\/v2\/media\/3370"}],"wp:attachment":[{"href":"http:\/\/www.camcjsw-bearings.com\/es\/wp-json\/wp\/v2\/media?parent=2114"}],"wp:term":[{"taxonomy":"product_cat","embeddable":true,"href":"http:\/\/www.camcjsw-bearings.com\/es\/wp-json\/wp\/v2\/product_cat?post=2114"},{"taxonomy":"product_tag","embeddable":true,"href":"http:\/\/www.camcjsw-bearings.com\/es\/wp-json\/wp\/v2\/product_tag?post=2114"}],"curies":[{"name":"wp","href":"https:\/\/api.w.org\/{rel}","templated":true}]}}