{"id":2092,"date":"2024-05-23T13:43:00","date_gmt":"2024-05-23T05:43:00","guid":{"rendered":"http:\/\/www.camcjsw-bearings.com\/product\/connecting-ringfastening-ringsleeve-ring\/"},"modified":"2024-08-19T11:42:26","modified_gmt":"2024-08-19T03:42:26","slug":"connecting-ringfastening-ringsleeve-ring","status":"publish","type":"product","link":"http:\/\/www.camcjsw-bearings.com\/es\/producto\/connecting-ringfastening-ringsleeve-ring\/","title":{"rendered":"Anillo de conexi\u00f3n, anillo de fijaci\u00f3n, anillo de manguito"},"content":{"rendered":"<p>Producimos series de anillos de conexi\u00f3n para rodamientos de bolas cil\u00edndricos sin jaula, anillos de sujeci\u00f3n para rodamientos c\u00f3nicos y series de anillos.<\/p>\n<p>Rodamiento de rodillos cil\u00edndricos completamente empaquetado serie SL0450, anillo de conexi\u00f3n, anillo de fijaci\u00f3n, tama\u00f1o del anillo de fijaci\u00f3n (para el dise\u00f1o del fabricante del rodamiento) (consulte la tabla)<\/p>\n<p><img decoding=\"async\" title=\"Connecting ring,Fastening ring,Sleeve ring1.png\" src=\"https:\/\/www.camcjsw-bearings.com\/ueditor\/net\/upload\/image\/20190705\/6369792312387580034887230.png\" alt=\"Connecting ring,Fastening ring,Sleeve ring1.png\" \/><\/p>\n<table border=\"1px solid\" width=\"100%\">\n<tbody>\n<tr class=\"firstRow\">\n<td rowspan=\"2\" width=\"195\"><strong>Rodamiento NO.<\/strong><\/td>\n<td valign=\"bottom\" width=\"316\"><strong>D: di\u00e1metro exterior. B:alto   S:grosor T:3<\/strong><strong>\u03c6<\/strong><\/td>\n<td width=\"28\"><\/td>\n<td rowspan=\"2\" width=\"203\"><strong>Rodamiento NO.<\/strong><\/td>\n<td valign=\"bottom\" width=\"312\"><strong>D: di\u00e1metro exterior. B:alto   S:grosor T:3<\/strong><strong>\u03c6<\/strong><\/td>\n<\/tr>\n<tr>\n<td width=\"316\"><strong>D:<\/strong><strong>\u00b1<\/strong><strong>0.05xB:-0.01xSxT<\/strong><\/td>\n<td width=\"28\"><\/td>\n<td width=\"312\"><strong>D:<\/strong><strong>\u00b1<\/strong><strong>0.05xB:-0.01xSxT<\/strong><\/td>\n<\/tr>\n<tr>\n<td width=\"195\"><strong>SL045004PP<\/strong><\/td>\n<td width=\"316\"><strong>21.2x5x0.4\u00d71.5<\/strong><\/td>\n<td width=\"28\"><\/td>\n<td width=\"203\"><strong>SL04140PP<\/strong><\/td>\n<td width=\"312\"><strong>144\u00d713.8x1x3.5<\/strong><\/td>\n<\/tr>\n<tr>\n<td width=\"195\"><strong>SL045005PP<\/strong><\/td>\n<td width=\"316\"><strong>26.5x7x0.4\u00d72<\/strong><\/td>\n<td width=\"28\"><\/td>\n<td width=\"203\"><strong>SL045030PP<\/strong><\/td>\n<td width=\"312\"><strong>153.5\u00d715.8x1x4<\/strong><\/td>\n<\/tr>\n<tr>\n<td width=\"195\"><strong>SL045006PP<\/strong><\/td>\n<td width=\"316\"><strong>31.5x7x0.4\u00d72<\/strong><\/td>\n<td width=\"28\"><\/td>\n<td width=\"203\"><strong>SL04150PP<\/strong><\/td>\n<td width=\"312\"><strong>153.5\u00d713.8x1x3.5<\/strong><\/td>\n<\/tr>\n<tr>\n<td width=\"195\"><strong>SL045007PP<\/strong><\/td>\n<td width=\"316\"><strong>36.5x7x0.4\u00d72<\/strong><\/td>\n<td width=\"28\"><\/td>\n<td width=\"203\"><strong>SL045032PP<\/strong><\/td>\n<td width=\"312\"><strong>164\u00d715.8x1x4<\/strong><\/td>\n<\/tr>\n<tr>\n<td width=\"195\"><strong>SL045008PP<\/strong><\/td>\n<td width=\"316\"><strong>41.5x9x0.4\u00d72.5<\/strong><\/td>\n<td width=\"28\"><\/td>\n<td width=\"203\"><strong>SL04160PP<\/strong><\/td>\n<td width=\"312\"><strong>164\u00d713.8x1x3.5<\/strong><\/td>\n<\/tr>\n<tr>\n<td width=\"195\"><strong>SL045009PP<\/strong><\/td>\n<td width=\"316\"><strong>47x9x0.4\u00d72.5<\/strong><\/td>\n<td width=\"28\"><\/td>\n<td width=\"203\"><strong>SL045034PP<\/strong><\/td>\n<td width=\"312\"><strong>174\u00d715.8x1x4<\/strong><\/td>\n<\/tr>\n<tr>\n<td width=\"195\"><strong>SL045010PP<\/strong><\/td>\n<td width=\"316\"><strong>52\u00d78.7\u00d70.5\u00d72<\/strong><\/td>\n<td width=\"28\"><\/td>\n<td width=\"203\"><strong>SL04170PP<\/strong><\/td>\n<td width=\"312\"><strong>174\u00d713.8x1x3.5<\/strong><\/td>\n<\/tr>\n<tr>\n<td width=\"195\"><strong>SL045011PP<\/strong><\/td>\n<td width=\"316\"><strong>57x8x0.5\u00d72<\/strong><\/td>\n<td width=\"28\"><\/td>\n<td width=\"203\"><strong>SL045036PP<\/strong><\/td>\n<td width=\"312\"><strong>185x19x1x5<\/strong><\/td>\n<\/tr>\n<tr>\n<td width=\"195\"><strong>SL045012PP<\/strong><\/td>\n<td width=\"316\"><strong>61.8x9x0.5\u00d72<\/strong><\/td>\n<td width=\"28\"><\/td>\n<td width=\"203\"><strong>SL04180PP<\/strong><\/td>\n<td width=\"312\"><strong>185\u00d713.8x1x3.5<\/strong><\/td>\n<\/tr>\n<tr>\n<td width=\"195\"><strong>SL045013PP<\/strong><\/td>\n<td width=\"316\"><strong>66.9\u00d78.7\u00d70.5\u00d72<\/strong><\/td>\n<td width=\"28\"><\/td>\n<td width=\"203\"><strong>SL045038PP<\/strong><\/td>\n<td width=\"312\"><strong>193.5x19x1x5<\/strong><\/td>\n<\/tr>\n<tr>\n<td width=\"195\"><strong>SL045014PP<\/strong><\/td>\n<td width=\"316\"><strong>71.9\u00d78.7\u00d70.5\u00d72<\/strong><\/td>\n<td width=\"28\"><\/td>\n<td width=\"203\"><strong>SL04190PP<\/strong><\/td>\n<td width=\"312\"><strong>193.5\u00d713.8x1x3.5<\/strong><\/td>\n<\/tr>\n<tr>\n<td width=\"195\"><strong>SL045015PP<\/strong><\/td>\n<td width=\"316\"><strong>77\u00d78.7\u00d70.5\u00d72<\/strong><\/td>\n<td width=\"28\"><\/td>\n<td width=\"203\"><strong>SL045040PP<\/strong><\/td>\n<td width=\"312\"><strong>203.5x20x1x5<\/strong><\/td>\n<\/tr>\n<tr>\n<td width=\"195\"><strong>SL045016PP<\/strong><\/td>\n<td width=\"316\"><strong>82.3\u00d710.8\u00d70.7\u00d72.5<\/strong><\/td>\n<td width=\"28\"><\/td>\n<td width=\"203\"><strong>SL04200PP<\/strong><\/td>\n<td width=\"312\"><strong>203.5\u00d713.8x1x3.5<\/strong><\/td>\n<\/tr>\n<tr>\n<td width=\"195\"><strong>SL045017PP<\/strong><\/td>\n<td width=\"316\"><strong>87.2\u00d710.8\u00d70.7\u00d72.5<\/strong><\/td>\n<td width=\"28\"><\/td>\n<td width=\"203\"><strong>SL045044PP<\/strong><\/td>\n<td width=\"312\"><strong>223.5\u00d717.8x1x4.5<\/strong><\/td>\n<\/tr>\n<tr>\n<td width=\"195\"><strong>SL045018PP<\/strong><\/td>\n<td width=\"316\"><strong>93\u00d711.8\u00d70.7\u00d72.5<\/strong><\/td>\n<td width=\"28\"><\/td>\n<td width=\"203\"><strong>SL04220PP<\/strong><\/td>\n<td width=\"312\"><strong>223.5\u00d713.8x1x4<\/strong><\/td>\n<\/tr>\n<tr>\n<td width=\"195\"><strong>SL045020PP<\/strong><\/td>\n<td width=\"316\"><strong>102.5\u00d711.8\u00d70.7\u00d72.5<\/strong><\/td>\n<td width=\"28\"><\/td>\n<td width=\"203\"><strong>SL045048PP<\/strong><\/td>\n<td width=\"312\"><strong>243.5\u00d717.8x1x4.5<\/strong><\/td>\n<\/tr>\n<tr>\n<td width=\"195\"><strong>SL045022PP<\/strong><\/td>\n<td width=\"316\"><strong>113.5\u00d712.8x1x3<\/strong><\/td>\n<td width=\"28\"><\/td>\n<td width=\"203\"><strong>SL04240PP<\/strong><\/td>\n<td width=\"312\"><strong>243.5\u00d715.8x1x4<\/strong><\/td>\n<\/tr>\n<tr>\n<td width=\"195\"><strong>SL045024PP<\/strong><\/td>\n<td width=\"316\"><strong>123.5\u00d713.8x1x3<\/strong><\/td>\n<td width=\"28\"><\/td>\n<td width=\"203\"><strong>SL045052PP<\/strong><\/td>\n<td width=\"312\"><strong>264.6\u00d718.2x1x4.5<\/strong><\/td>\n<\/tr>\n<tr>\n<td width=\"195\"><strong>SL045026PP<\/strong><\/td>\n<td width=\"316\"><strong>133\u00d715.8x1x4<\/strong><\/td>\n<td width=\"28\"><\/td>\n<td width=\"203\"><strong>SL04260PP<\/strong><\/td>\n<td width=\"312\"><strong>264.6\u00d714.8x1x4<\/strong><\/td>\n<\/tr>\n<tr>\n<td width=\"195\"><strong>SL04130PP<\/strong><\/td>\n<td width=\"316\"><strong>133\u00d713.8x1x3.5<\/strong><\/td>\n<td width=\"28\"><\/td>\n<td width=\"203\"><strong>SL045056PP<\/strong><\/td>\n<td width=\"312\"><strong>XXX<\/strong><\/td>\n<\/tr>\n<tr>\n<td width=\"195\"><strong>SL045028PP<\/strong><\/td>\n<td width=\"316\"><strong>144\u00d715.8x1x4<\/strong><\/td>\n<td width=\"28\"><\/td>\n<td width=\"203\"><strong>SL04260PP<\/strong><\/td>\n<td width=\"312\"><strong>XXX<\/strong><\/td>\n<\/tr>\n<\/tbody>\n<\/table>\n<p>&nbsp;<\/p>","protected":false},"excerpt":{"rendered":"<p>We produce series of connecting ring for full complement cylindrical ball bearing, fastening ring for tapered bearing and ring series. Fully packed cylindrical roller bearing SL0450 series, connecting ring, fastening ring, fixing ring size (for bearing manufacturer design)(see table) Bearing NO. D:outer Dia. B:height \u00a0 S:thickness T:3\u03c6 Bearing NO. D:outer Dia. B:height \u00a0 S:thickness T:3\u03c6 [&hellip;]<\/p>","protected":false},"featured_media":2647,"template":"","meta":{"site-sidebar-layout":"default","site-content-layout":"","ast-site-content-layout":"default","site-content-style":"default","site-sidebar-style":"default","ast-global-header-display":"","ast-banner-title-visibility":"","ast-main-header-display":"","ast-hfb-above-header-display":"","ast-hfb-below-header-display":"","ast-hfb-mobile-header-display":"","site-post-title":"","ast-breadcrumbs-content":"","ast-featured-img":"","footer-sml-layout":"","theme-transparent-header-meta":"default","adv-header-id-meta":"","stick-header-meta":"","header-above-stick-meta":"","header-main-stick-meta":"","header-below-stick-meta":"","astra-migrate-meta-layouts":"set","ast-page-background-enabled":"default","ast-page-background-meta":{"desktop":{"background-color":"var(--ast-global-color-4)","background-image":"","background-repeat":"repeat","background-position":"center center","background-size":"auto","background-attachment":"scroll","background-type":"","background-media":"","overlay-type":"","overlay-color":"","overlay-opacity":"","overlay-gradient":""},"tablet":{"background-color":"","background-image":"","background-repeat":"repeat","background-position":"center center","background-size":"auto","background-attachment":"scroll","background-type":"","background-media":"","overlay-type":"","overlay-color":"","overlay-opacity":"","overlay-gradient":""},"mobile":{"background-color":"","background-image":"","background-repeat":"repeat","background-position":"center center","background-size":"auto","background-attachment":"scroll","background-type":"","background-media":"","overlay-type":"","overlay-color":"","overlay-opacity":"","overlay-gradient":""}},"ast-content-background-meta":{"desktop":{"background-color":"var(--ast-global-color-5)","background-image":"","background-repeat":"repeat","background-position":"center center","background-size":"auto","background-attachment":"scroll","background-type":"","background-media":"","overlay-type":"","overlay-color":"","overlay-opacity":"","overlay-gradient":""},"tablet":{"background-color":"var(--ast-global-color-5)","background-image":"","background-repeat":"repeat","background-position":"center center","background-size":"auto","background-attachment":"scroll","background-type":"","background-media":"","overlay-type":"","overlay-color":"","overlay-opacity":"","overlay-gradient":""},"mobile":{"background-color":"var(--ast-global-color-5)","background-image":"","background-repeat":"repeat","background-position":"center center","background-size":"auto","background-attachment":"scroll","background-type":"","background-media":"","overlay-type":"","overlay-color":"","overlay-opacity":"","overlay-gradient":""}}},"product_cat":[26],"product_tag":[],"class_list":{"0":"post-2092","1":"product","2":"type-product","3":"status-publish","4":"has-post-thumbnail","6":"product_cat-bearing-snap-ring","7":"desktop-align-left","8":"tablet-align-left","9":"mobile-align-left","11":"first","12":"instock","13":"shipping-taxable","14":"product-type-simple"},"yoast_head":"<!-- This site is optimized with the Yoast SEO Premium plugin v22.5 (Yoast SEO v22.8) - https:\/\/yoast.com\/wordpress\/plugins\/seo\/ -->\r\n<title>Connecting ring,Fastening ring,Sleeve ring - SINO-MACHINERY AGRO-DEVELOPMENT INVESTMENT CO., LTD. JIANGSU BRANCH<\/title>\r\n<meta name=\"description\" content=\"Connecting ring,Fastening ring,Sleeve ring - We produce series of connecting ring for full complement cylindrical ball bearing, fastening ring for tapered bearing and ring series.Fully packed cylindrical roller bearing SL0450 series, connecting ring, fastening ring, fixing ring size (for bearing manufacturer design)\" \/>\r\n<meta name=\"robots\" content=\"index, follow, max-snippet:-1, max-image-preview:large, max-video-preview:-1\" \/>\r\n<link rel=\"canonical\" href=\"http:\/\/www.camcjsw-bearings.com\/es\/producto\/connecting-ringfastening-ringsleeve-ring\/\" \/>\r\n<meta property=\"og:locale\" content=\"es_ES\" \/>\r\n<meta property=\"og:type\" content=\"article\" \/>\r\n<meta property=\"og:title\" content=\"Connecting ring,Fastening ring,Sleeve ring\" \/>\r\n<meta property=\"og:description\" content=\"Connecting ring,Fastening ring,Sleeve ring - We produce series of connecting ring for full complement cylindrical ball bearing, fastening ring for tapered bearing and ring series.Fully packed cylindrical roller bearing SL0450 series, connecting ring, fastening ring, fixing ring size (for bearing manufacturer design)\" \/>\r\n<meta property=\"og:url\" content=\"http:\/\/www.camcjsw-bearings.com\/es\/producto\/connecting-ringfastening-ringsleeve-ring\/\" \/>\r\n<meta property=\"og:site_name\" content=\"SINO-MACHINERY AGRO-DEVELOPMENT INVESTMENT CO., LTD. JIANGSU BRANCH\" \/>\r\n<meta property=\"article:modified_time\" content=\"2024-08-19T03:42:26+00:00\" \/>\r\n<meta property=\"og:image\" content=\"http:\/\/www.camcjsw-bearings.com\/wp-content\/uploads\/2024\/05\/Connecting-ringFastening-ringSleeve-ring.webp\" \/>\r\n\t<meta property=\"og:image:width\" content=\"257\" \/>\r\n\t<meta property=\"og:image:height\" content=\"190\" \/>\r\n\t<meta property=\"og:image:type\" content=\"image\/webp\" \/>\r\n<meta name=\"twitter:card\" content=\"summary_large_image\" \/>\r\n<meta name=\"twitter:site\" content=\"@kylinqian\" \/>\r\n<meta name=\"twitter:label1\" content=\"Precio\" \/>\n\t<meta name=\"twitter:data1\" content=\"\" \/>\n\t<meta name=\"twitter:label2\" content=\"Disponibilidad\" \/>\n\t<meta name=\"twitter:data2\" content=\"Disponible\" \/>\r\n<script type=\"application\/ld+json\" class=\"yoast-schema-graph\">{\"@context\":\"https:\/\/schema.org\",\"@graph\":[{\"@type\":\"WebPage\",\"@id\":\"http:\/\/www.camcjsw-bearings.com\/product\/connecting-ringfastening-ringsleeve-ring\/\",\"url\":\"http:\/\/www.camcjsw-bearings.com\/product\/connecting-ringfastening-ringsleeve-ring\/\",\"name\":\"Connecting ring,Fastening ring,Sleeve ring - SINO-MACHINERY AGRO-DEVELOPMENT INVESTMENT CO., LTD. JIANGSU BRANCH\",\"isPartOf\":{\"@id\":\"http:\/\/www.camcjsw-bearings.com\/#website\"},\"primaryImageOfPage\":{\"@id\":\"http:\/\/www.camcjsw-bearings.com\/product\/connecting-ringfastening-ringsleeve-ring\/#primaryimage\"},\"image\":{\"@id\":\"http:\/\/www.camcjsw-bearings.com\/product\/connecting-ringfastening-ringsleeve-ring\/#primaryimage\"},\"thumbnailUrl\":\"http:\/\/www.camcjsw-bearings.com\/wp-content\/uploads\/2024\/05\/Connecting-ringFastening-ringSleeve-ring.webp\",\"datePublished\":\"2024-05-23T05:43:00+00:00\",\"dateModified\":\"2024-08-19T03:42:26+00:00\",\"description\":\"Connecting ring,Fastening ring,Sleeve ring - We produce series of connecting ring for full complement cylindrical ball bearing, fastening ring for tapered bearing and ring series.Fully packed cylindrical roller bearing SL0450 series, connecting ring, fastening ring, fixing ring size (for bearing manufacturer design)\",\"breadcrumb\":{\"@id\":\"http:\/\/www.camcjsw-bearings.com\/product\/connecting-ringfastening-ringsleeve-ring\/#breadcrumb\"},\"inLanguage\":\"es\",\"potentialAction\":[{\"@type\":\"ReadAction\",\"target\":[\"http:\/\/www.camcjsw-bearings.com\/product\/connecting-ringfastening-ringsleeve-ring\/\"]}]},{\"@type\":\"ImageObject\",\"inLanguage\":\"es\",\"@id\":\"http:\/\/www.camcjsw-bearings.com\/product\/connecting-ringfastening-ringsleeve-ring\/#primaryimage\",\"url\":\"http:\/\/www.camcjsw-bearings.com\/wp-content\/uploads\/2024\/05\/Connecting-ringFastening-ringSleeve-ring.webp\",\"contentUrl\":\"http:\/\/www.camcjsw-bearings.com\/wp-content\/uploads\/2024\/05\/Connecting-ringFastening-ringSleeve-ring.webp\",\"width\":257,\"height\":190},{\"@type\":\"BreadcrumbList\",\"@id\":\"http:\/\/www.camcjsw-bearings.com\/product\/connecting-ringfastening-ringsleeve-ring\/#breadcrumb\",\"itemListElement\":[{\"@type\":\"ListItem\",\"position\":1,\"name\":\"\u9996\u9875\",\"item\":\"http:\/\/www.camcjsw-bearings.com\/\"},{\"@type\":\"ListItem\",\"position\":2,\"name\":\"Products\",\"item\":\"http:\/\/www.camcjsw-bearings.com\/shop\/\"},{\"@type\":\"ListItem\",\"position\":3,\"name\":\"Connecting ring,Fastening ring,Sleeve ring\"}]},{\"@type\":\"WebSite\",\"@id\":\"http:\/\/www.camcjsw-bearings.com\/#website\",\"url\":\"http:\/\/www.camcjsw-bearings.com\/\",\"name\":\"CAGRI Bearings\",\"description\":\"\",\"publisher\":{\"@id\":\"http:\/\/www.camcjsw-bearings.com\/#organization\"},\"potentialAction\":[{\"@type\":\"SearchAction\",\"target\":{\"@type\":\"EntryPoint\",\"urlTemplate\":\"http:\/\/www.camcjsw-bearings.com\/?s={search_term_string}\"},\"query-input\":\"required name=search_term_string\"}],\"inLanguage\":\"es\"},{\"@type\":\"Organization\",\"@id\":\"http:\/\/www.camcjsw-bearings.com\/#organization\",\"name\":\"JIANGSU WALLONG-HSIN MACHINERY ENGINEERING CORPORATION LTD.\",\"url\":\"http:\/\/www.camcjsw-bearings.com\/\",\"logo\":{\"@type\":\"ImageObject\",\"inLanguage\":\"es\",\"@id\":\"http:\/\/www.camcjsw-bearings.com\/#\/schema\/logo\/image\/\",\"url\":\"http:\/\/www.camcjsw-bearings.com\/wp-content\/uploads\/2024\/05\/bearings-1.webp\",\"contentUrl\":\"http:\/\/www.camcjsw-bearings.com\/wp-content\/uploads\/2024\/05\/bearings-1.webp\",\"width\":192,\"height\":81,\"caption\":\"JIANGSU WALLONG-HSIN MACHINERY ENGINEERING CORPORATION LTD.\"},\"image\":{\"@id\":\"http:\/\/www.camcjsw-bearings.com\/#\/schema\/logo\/image\/\"},\"sameAs\":[\"https:\/\/x.com\/kylinqian\",\"https:\/\/www.linkedin.com\/in\/--1730852a9\/\"]}]}<\/script>\r\n<meta property=\"product:price:amount\" content=\"0.00\" \/>\r\n<meta property=\"product:price:currency\" content=\"USD\" \/>\r\n<meta property=\"og:availability\" content=\"instock\" \/>\r\n<meta property=\"product:availability\" content=\"instock\" \/>\r\n<meta property=\"product:condition\" content=\"new\" \/>\r\n<!-- \/ Yoast SEO Premium plugin. -->","yoast_head_json":{"title":"Connecting ring,Fastening ring,Sleeve ring - SINO-MACHINERY AGRO-DEVELOPMENT INVESTMENT CO., LTD. JIANGSU BRANCH","description":"Connecting ring,Fastening ring,Sleeve ring - We produce series of connecting ring for full complement cylindrical ball bearing, fastening ring for tapered bearing and ring series.Fully packed cylindrical roller bearing SL0450 series, connecting ring, fastening ring, fixing ring size (for bearing manufacturer design)","robots":{"index":"index","follow":"follow","max-snippet":"max-snippet:-1","max-image-preview":"max-image-preview:large","max-video-preview":"max-video-preview:-1"},"canonical":"http:\/\/www.camcjsw-bearings.com\/es\/producto\/connecting-ringfastening-ringsleeve-ring\/","og_locale":"es_ES","og_type":"article","og_title":"Connecting ring,Fastening ring,Sleeve ring","og_description":"Connecting ring,Fastening ring,Sleeve ring - We produce series of connecting ring for full complement cylindrical ball bearing, fastening ring for tapered bearing and ring series.Fully packed cylindrical roller bearing SL0450 series, connecting ring, fastening ring, fixing ring size (for bearing manufacturer design)","og_url":"http:\/\/www.camcjsw-bearings.com\/es\/producto\/connecting-ringfastening-ringsleeve-ring\/","og_site_name":"SINO-MACHINERY AGRO-DEVELOPMENT INVESTMENT CO., LTD. JIANGSU BRANCH","article_modified_time":"2024-08-19T03:42:26+00:00","og_image":[{"width":257,"height":190,"url":"http:\/\/www.camcjsw-bearings.com\/wp-content\/uploads\/2024\/05\/Connecting-ringFastening-ringSleeve-ring.webp","type":"image\/webp"}],"twitter_card":"summary_large_image","twitter_site":"@kylinqian","twitter_misc":{"Precio":"","Disponibilidad":"Disponible"},"schema":{"@context":"https:\/\/schema.org","@graph":[{"@type":"WebPage","@id":"http:\/\/www.camcjsw-bearings.com\/product\/connecting-ringfastening-ringsleeve-ring\/","url":"http:\/\/www.camcjsw-bearings.com\/product\/connecting-ringfastening-ringsleeve-ring\/","name":"Connecting ring,Fastening ring,Sleeve ring - SINO-MACHINERY AGRO-DEVELOPMENT INVESTMENT CO., LTD. JIANGSU BRANCH","isPartOf":{"@id":"http:\/\/www.camcjsw-bearings.com\/#website"},"primaryImageOfPage":{"@id":"http:\/\/www.camcjsw-bearings.com\/product\/connecting-ringfastening-ringsleeve-ring\/#primaryimage"},"image":{"@id":"http:\/\/www.camcjsw-bearings.com\/product\/connecting-ringfastening-ringsleeve-ring\/#primaryimage"},"thumbnailUrl":"http:\/\/www.camcjsw-bearings.com\/wp-content\/uploads\/2024\/05\/Connecting-ringFastening-ringSleeve-ring.webp","datePublished":"2024-05-23T05:43:00+00:00","dateModified":"2024-08-19T03:42:26+00:00","description":"Connecting ring,Fastening ring,Sleeve ring - We produce series of connecting ring for full complement cylindrical ball bearing, fastening ring for tapered bearing and ring series.Fully packed cylindrical roller bearing SL0450 series, connecting ring, fastening ring, fixing ring size (for bearing manufacturer design)","breadcrumb":{"@id":"http:\/\/www.camcjsw-bearings.com\/product\/connecting-ringfastening-ringsleeve-ring\/#breadcrumb"},"inLanguage":"es","potentialAction":[{"@type":"ReadAction","target":["http:\/\/www.camcjsw-bearings.com\/product\/connecting-ringfastening-ringsleeve-ring\/"]}]},{"@type":"ImageObject","inLanguage":"es","@id":"http:\/\/www.camcjsw-bearings.com\/product\/connecting-ringfastening-ringsleeve-ring\/#primaryimage","url":"http:\/\/www.camcjsw-bearings.com\/wp-content\/uploads\/2024\/05\/Connecting-ringFastening-ringSleeve-ring.webp","contentUrl":"http:\/\/www.camcjsw-bearings.com\/wp-content\/uploads\/2024\/05\/Connecting-ringFastening-ringSleeve-ring.webp","width":257,"height":190},{"@type":"BreadcrumbList","@id":"http:\/\/www.camcjsw-bearings.com\/product\/connecting-ringfastening-ringsleeve-ring\/#breadcrumb","itemListElement":[{"@type":"ListItem","position":1,"name":"\u9996\u9875","item":"http:\/\/www.camcjsw-bearings.com\/"},{"@type":"ListItem","position":2,"name":"Products","item":"http:\/\/www.camcjsw-bearings.com\/shop\/"},{"@type":"ListItem","position":3,"name":"Connecting ring,Fastening ring,Sleeve ring"}]},{"@type":"WebSite","@id":"http:\/\/www.camcjsw-bearings.com\/#website","url":"http:\/\/www.camcjsw-bearings.com\/","name":"CAGRI Bearings","description":"","publisher":{"@id":"http:\/\/www.camcjsw-bearings.com\/#organization"},"potentialAction":[{"@type":"SearchAction","target":{"@type":"EntryPoint","urlTemplate":"http:\/\/www.camcjsw-bearings.com\/?s={search_term_string}"},"query-input":"required name=search_term_string"}],"inLanguage":"es"},{"@type":"Organization","@id":"http:\/\/www.camcjsw-bearings.com\/#organization","name":"JIANGSU WALLONG-HSIN MACHINERY ENGINEERING CORPORATION LTD.","url":"http:\/\/www.camcjsw-bearings.com\/","logo":{"@type":"ImageObject","inLanguage":"es","@id":"http:\/\/www.camcjsw-bearings.com\/#\/schema\/logo\/image\/","url":"http:\/\/www.camcjsw-bearings.com\/wp-content\/uploads\/2024\/05\/bearings-1.webp","contentUrl":"http:\/\/www.camcjsw-bearings.com\/wp-content\/uploads\/2024\/05\/bearings-1.webp","width":192,"height":81,"caption":"JIANGSU WALLONG-HSIN MACHINERY ENGINEERING CORPORATION LTD."},"image":{"@id":"http:\/\/www.camcjsw-bearings.com\/#\/schema\/logo\/image\/"},"sameAs":["https:\/\/x.com\/kylinqian","https:\/\/www.linkedin.com\/in\/--1730852a9\/"]}]},"product_price_amount":"0.00","product_price_currency":"USD","og_availability":"instock","product_availability":"instock","product_condition":"new"},"_links":{"self":[{"href":"http:\/\/www.camcjsw-bearings.com\/es\/wp-json\/wp\/v2\/product\/2092","targetHints":{"allow":["GET"]}}],"collection":[{"href":"http:\/\/www.camcjsw-bearings.com\/es\/wp-json\/wp\/v2\/product"}],"about":[{"href":"http:\/\/www.camcjsw-bearings.com\/es\/wp-json\/wp\/v2\/types\/product"}],"wp:featuredmedia":[{"embeddable":true,"href":"http:\/\/www.camcjsw-bearings.com\/es\/wp-json\/wp\/v2\/media\/2647"}],"wp:attachment":[{"href":"http:\/\/www.camcjsw-bearings.com\/es\/wp-json\/wp\/v2\/media?parent=2092"}],"wp:term":[{"taxonomy":"product_cat","embeddable":true,"href":"http:\/\/www.camcjsw-bearings.com\/es\/wp-json\/wp\/v2\/product_cat?post=2092"},{"taxonomy":"product_tag","embeddable":true,"href":"http:\/\/www.camcjsw-bearings.com\/es\/wp-json\/wp\/v2\/product_tag?post=2092"}],"curies":[{"name":"wp","href":"https:\/\/api.w.org\/{rel}","templated":true}]}}