{"id":2073,"date":"2024-05-23T12:03:53","date_gmt":"2024-05-23T04:03:53","guid":{"rendered":"http:\/\/www.camcjsw-bearings.com\/product\/machined-type-needle-bearing\/"},"modified":"2024-06-07T11:28:11","modified_gmt":"2024-06-07T03:28:11","slug":"machined-type-needle-bearing","status":"publish","type":"product","link":"http:\/\/www.camcjsw-bearings.com\/es\/producto\/machined-type-needle-bearing\/","title":{"rendered":"Rodamiento de agujas mecanizado"},"content":{"rendered":"<p>Los rodamientos de agujas mecanizados comprenden anillos exteriores, rodillos de agujas y jaula mecanizados.<\/p>\n<p>conjuntos y anillos interiores extra\u00edbles con peque\u00f1a altura seccional, gran capacidad de carga e inflexibilidad, estructura compacta y tama\u00f1o peque\u00f1o. Las series m\u00e9tricas y en pulgadas est\u00e1n disponibles para tipo jaula, totalmente equipada y sellada, con o sin anillos interiores. Alta precisi\u00f3n de rotaci\u00f3n con la estructura del anillo interior dispuesto, el eje central se utilizar\u00e1 como pista interior para que se pueda utilizar un tama\u00f1o peque\u00f1o.<\/p>\n<p>Estructura<\/p>\n<table border=\"1px solid\" width=\"100%\">\n<tbody>\n<tr class=\"firstRow\">\n<td valign=\"top\" width=\"127\">NK<\/td>\n<td valign=\"top\" width=\"406\">Rodamientos de agujas serie ligera sin aro interior<\/td>\n<\/tr>\n<tr>\n<td valign=\"top\" width=\"127\">NKS<\/td>\n<td valign=\"top\" width=\"406\">Rodamientos de agujas de alta resistencia sin aro interior<\/td>\n<\/tr>\n<tr>\n<td valign=\"top\" width=\"127\">RNA49<\/td>\n<td valign=\"top\" width=\"406\">Rodamientos de agujas de una hilera sin aro interior<\/td>\n<\/tr>\n<tr>\n<td valign=\"top\" width=\"127\">RNA69<\/td>\n<td valign=\"top\" width=\"406\">Rodamientos de dos hileras de agujas sin aro interior<\/td>\n<\/tr>\n<tr>\n<td valign=\"top\" width=\"127\">RNA48<\/td>\n<td valign=\"top\" width=\"406\">Rodamientos de agujas sin aro interior<\/td>\n<\/tr>\n<tr>\n<td valign=\"top\" width=\"127\">NKI<\/td>\n<td valign=\"top\" width=\"406\">Rodamientos de agujas serie ligera con aro interior<\/td>\n<\/tr>\n<tr>\n<td valign=\"top\" width=\"127\">NKIS<\/td>\n<td valign=\"top\" width=\"406\">Rodamientos de agujas de alta resistencia con aro interior<\/td>\n<\/tr>\n<tr>\n<td valign=\"top\" width=\"127\">NA49<\/td>\n<td valign=\"top\" width=\"406\">Rodamientos de agujas de una hilera con aro interior<\/td>\n<\/tr>\n<tr>\n<td valign=\"top\" width=\"127\">NA69<\/td>\n<td valign=\"top\" width=\"406\">Rodamientos de dos hileras de agujas con aro interior<\/td>\n<\/tr>\n<tr>\n<td valign=\"top\" width=\"127\">NA48<\/td>\n<td valign=\"top\" width=\"406\">Rodamientos de agujas con aro interior<\/td>\n<\/tr>\n<tr>\n<td valign=\"top\" width=\"127\">RNA49\u2026RS<\/td>\n<td valign=\"top\" width=\"406\">Rodamientos de agujas simple sellados sin aro interior<\/td>\n<\/tr>\n<tr>\n<td valign=\"top\" width=\"127\">RNA49\u20262RS<\/td>\n<td valign=\"top\" width=\"406\">Rodamientos de agujas con doble sellado y sin aro interior<\/td>\n<\/tr>\n<tr>\n<td valign=\"top\" width=\"127\">NA49\u2026RS<\/td>\n<td valign=\"top\" width=\"406\">Rodamientos de agujas simple sellados con aro interior<\/td>\n<\/tr>\n<tr>\n<td valign=\"top\" width=\"127\">NA49\u20262RS<\/td>\n<td valign=\"top\" width=\"406\">Rodamientos de agujas con doble sellado y aro interior<\/td>\n<\/tr>\n<tr>\n<td valign=\"top\" width=\"127\">RNA69\u20262RS<\/td>\n<td valign=\"top\" width=\"406\">Rodamientos de agujas con doble sellado sin aro interior<\/td>\n<\/tr>\n<tr>\n<td valign=\"top\" width=\"127\">NA69\u20262RS<\/td>\n<td valign=\"top\" width=\"406\">Rodamientos de agujas con doble sellado y aro interior<\/td>\n<\/tr>\n<tr>\n<td valign=\"top\" width=\"127\">NAV<\/td>\n<td valign=\"top\" width=\"406\">Rodamientos completos de agujas con aro interior<\/td>\n<\/tr>\n<tr>\n<td valign=\"top\" width=\"127\">RNAV<\/td>\n<td valign=\"top\" width=\"406\">Rodamientos completos de agujas sin aro interior<\/td>\n<\/tr>\n<tr>\n<td valign=\"top\" width=\"127\">RNAO<\/td>\n<td valign=\"top\" width=\"406\">Rodamientos de agujas Sin borde de retenci\u00f3n<\/td>\n<\/tr>\n<tr>\n<td valign=\"top\" width=\"127\">NAO<\/td>\n<td valign=\"top\" width=\"406\">Rodamientos de agujas Con borde de retenci\u00f3n<\/td>\n<\/tr>\n<tr>\n<td valign=\"top\" width=\"127\">BR<\/td>\n<td valign=\"top\" width=\"406\">Rodamientos de agujas sin aro interior Sistema en pulgadas<\/td>\n<\/tr>\n<tr>\n<td valign=\"top\" width=\"127\">BRI<\/td>\n<td valign=\"top\" width=\"406\">Rodamientos de agujas con aro interior Sistema en pulgadas<\/td>\n<\/tr>\n<\/tbody>\n<\/table>\n<p>&nbsp;<\/p>","protected":false},"excerpt":{"rendered":"<p>Machined type needle bearings comprise machined outer rings, needle rollers and cage assemblies, and removable inner rings featuring small sectional height, big load capacity &amp; inflexibility,compact structure and small size. Metrical series and Inch series are both available for cage type, full complement and sealed, with inner rings or without inner rings. High rotating accuracy [&hellip;]<\/p>","protected":false},"featured_media":2665,"template":"","meta":{"site-sidebar-layout":"default","site-content-layout":"","ast-site-content-layout":"default","site-content-style":"default","site-sidebar-style":"default","ast-global-header-display":"","ast-banner-title-visibility":"","ast-main-header-display":"","ast-hfb-above-header-display":"","ast-hfb-below-header-display":"","ast-hfb-mobile-header-display":"","site-post-title":"","ast-breadcrumbs-content":"","ast-featured-img":"","footer-sml-layout":"","theme-transparent-header-meta":"default","adv-header-id-meta":"","stick-header-meta":"","header-above-stick-meta":"","header-main-stick-meta":"","header-below-stick-meta":"","astra-migrate-meta-layouts":"set","ast-page-background-enabled":"default","ast-page-background-meta":{"desktop":{"background-color":"var(--ast-global-color-4)","background-image":"","background-repeat":"repeat","background-position":"center center","background-size":"auto","background-attachment":"scroll","background-type":"","background-media":"","overlay-type":"","overlay-color":"","overlay-opacity":"","overlay-gradient":""},"tablet":{"background-color":"","background-image":"","background-repeat":"repeat","background-position":"center center","background-size":"auto","background-attachment":"scroll","background-type":"","background-media":"","overlay-type":"","overlay-color":"","overlay-opacity":"","overlay-gradient":""},"mobile":{"background-color":"","background-image":"","background-repeat":"repeat","background-position":"center center","background-size":"auto","background-attachment":"scroll","background-type":"","background-media":"","overlay-type":"","overlay-color":"","overlay-opacity":"","overlay-gradient":""}},"ast-content-background-meta":{"desktop":{"background-color":"var(--ast-global-color-5)","background-image":"","background-repeat":"repeat","background-position":"center center","background-size":"auto","background-attachment":"scroll","background-type":"","background-media":"","overlay-type":"","overlay-color":"","overlay-opacity":"","overlay-gradient":""},"tablet":{"background-color":"var(--ast-global-color-5)","background-image":"","background-repeat":"repeat","background-position":"center center","background-size":"auto","background-attachment":"scroll","background-type":"","background-media":"","overlay-type":"","overlay-color":"","overlay-opacity":"","overlay-gradient":""},"mobile":{"background-color":"var(--ast-global-color-5)","background-image":"","background-repeat":"repeat","background-position":"center center","background-size":"auto","background-attachment":"scroll","background-type":"","background-media":"","overlay-type":"","overlay-color":"","overlay-opacity":"","overlay-gradient":""}}},"product_cat":[24],"product_tag":[],"class_list":{"0":"post-2073","1":"product","2":"type-product","3":"status-publish","4":"has-post-thumbnail","6":"product_cat-needle-bearing","7":"desktop-align-left","8":"tablet-align-left","9":"mobile-align-left","11":"first","12":"instock","13":"shipping-taxable","14":"product-type-simple"},"yoast_head":"<!-- This site is optimized with the Yoast SEO Premium plugin v22.5 (Yoast SEO v22.8) - https:\/\/yoast.com\/wordpress\/plugins\/seo\/ -->\r\n<title>Machined type needle bearing - SINO-MACHINERY AGRO-DEVELOPMENT INVESTMENT CO., LTD. JIANGSU BRANCH<\/title>\r\n<meta name=\"description\" content=\"Machined type needle bearing - We supply CAGRI bearings, Needle Bearings for transportation,logistics,electric tools,industrial robot,agricultural machinery,automotive,engineering machinery\" \/>\r\n<meta name=\"robots\" content=\"index, follow, max-snippet:-1, max-image-preview:large, max-video-preview:-1\" \/>\r\n<link rel=\"canonical\" href=\"http:\/\/www.camcjsw-bearings.com\/es\/producto\/machined-type-needle-bearing\/\" \/>\r\n<meta property=\"og:locale\" content=\"es_ES\" \/>\r\n<meta property=\"og:type\" content=\"article\" \/>\r\n<meta property=\"og:title\" content=\"Machined type needle bearing\" \/>\r\n<meta property=\"og:description\" content=\"Machined type needle bearing - We supply CAGRI bearings, Needle Bearings for transportation,logistics,electric tools,industrial robot,agricultural machinery,automotive,engineering machinery\" \/>\r\n<meta property=\"og:url\" content=\"http:\/\/www.camcjsw-bearings.com\/es\/producto\/machined-type-needle-bearing\/\" \/>\r\n<meta property=\"og:site_name\" content=\"SINO-MACHINERY AGRO-DEVELOPMENT INVESTMENT CO., LTD. JIANGSU BRANCH\" \/>\r\n<meta property=\"article:modified_time\" content=\"2024-06-07T03:28:11+00:00\" \/>\r\n<meta property=\"og:image\" content=\"http:\/\/www.camcjsw-bearings.com\/wp-content\/uploads\/2024\/05\/MACHINED-TYPE-NEEDLE-ROLLER-BEARINGS.webp\" \/>\r\n\t<meta property=\"og:image:width\" content=\"257\" \/>\r\n\t<meta property=\"og:image:height\" content=\"190\" \/>\r\n\t<meta property=\"og:image:type\" content=\"image\/webp\" \/>\r\n<meta name=\"twitter:card\" content=\"summary_large_image\" \/>\r\n<meta name=\"twitter:site\" content=\"@kylinqian\" \/>\r\n<meta name=\"twitter:label1\" content=\"Precio\" \/>\n\t<meta name=\"twitter:data1\" content=\"\" \/>\n\t<meta name=\"twitter:label2\" content=\"Disponibilidad\" \/>\n\t<meta name=\"twitter:data2\" content=\"Disponible\" \/>\r\n<script type=\"application\/ld+json\" class=\"yoast-schema-graph\">{\"@context\":\"https:\/\/schema.org\",\"@graph\":[{\"@type\":\"WebPage\",\"@id\":\"http:\/\/www.camcjsw-bearings.com\/product\/machined-type-needle-bearing\/\",\"url\":\"http:\/\/www.camcjsw-bearings.com\/product\/machined-type-needle-bearing\/\",\"name\":\"Machined type needle bearing - SINO-MACHINERY AGRO-DEVELOPMENT INVESTMENT CO., LTD. JIANGSU BRANCH\",\"isPartOf\":{\"@id\":\"http:\/\/www.camcjsw-bearings.com\/#website\"},\"primaryImageOfPage\":{\"@id\":\"http:\/\/www.camcjsw-bearings.com\/product\/machined-type-needle-bearing\/#primaryimage\"},\"image\":{\"@id\":\"http:\/\/www.camcjsw-bearings.com\/product\/machined-type-needle-bearing\/#primaryimage\"},\"thumbnailUrl\":\"http:\/\/www.camcjsw-bearings.com\/wp-content\/uploads\/2024\/05\/MACHINED-TYPE-NEEDLE-ROLLER-BEARINGS.webp\",\"datePublished\":\"2024-05-23T04:03:53+00:00\",\"dateModified\":\"2024-06-07T03:28:11+00:00\",\"description\":\"Machined type needle bearing - We supply CAGRI bearings, Needle Bearings for transportation,logistics,electric tools,industrial robot,agricultural machinery,automotive,engineering machinery\",\"breadcrumb\":{\"@id\":\"http:\/\/www.camcjsw-bearings.com\/product\/machined-type-needle-bearing\/#breadcrumb\"},\"inLanguage\":\"es\",\"potentialAction\":[{\"@type\":\"ReadAction\",\"target\":[\"http:\/\/www.camcjsw-bearings.com\/product\/machined-type-needle-bearing\/\"]}]},{\"@type\":\"ImageObject\",\"inLanguage\":\"es\",\"@id\":\"http:\/\/www.camcjsw-bearings.com\/product\/machined-type-needle-bearing\/#primaryimage\",\"url\":\"http:\/\/www.camcjsw-bearings.com\/wp-content\/uploads\/2024\/05\/MACHINED-TYPE-NEEDLE-ROLLER-BEARINGS.webp\",\"contentUrl\":\"http:\/\/www.camcjsw-bearings.com\/wp-content\/uploads\/2024\/05\/MACHINED-TYPE-NEEDLE-ROLLER-BEARINGS.webp\",\"width\":257,\"height\":190},{\"@type\":\"BreadcrumbList\",\"@id\":\"http:\/\/www.camcjsw-bearings.com\/product\/machined-type-needle-bearing\/#breadcrumb\",\"itemListElement\":[{\"@type\":\"ListItem\",\"position\":1,\"name\":\"\u9996\u9875\",\"item\":\"http:\/\/www.camcjsw-bearings.com\/\"},{\"@type\":\"ListItem\",\"position\":2,\"name\":\"Products\",\"item\":\"http:\/\/www.camcjsw-bearings.com\/shop\/\"},{\"@type\":\"ListItem\",\"position\":3,\"name\":\"Machined type needle bearing\"}]},{\"@type\":\"WebSite\",\"@id\":\"http:\/\/www.camcjsw-bearings.com\/#website\",\"url\":\"http:\/\/www.camcjsw-bearings.com\/\",\"name\":\"CAGRI Bearings\",\"description\":\"\",\"publisher\":{\"@id\":\"http:\/\/www.camcjsw-bearings.com\/#organization\"},\"potentialAction\":[{\"@type\":\"SearchAction\",\"target\":{\"@type\":\"EntryPoint\",\"urlTemplate\":\"http:\/\/www.camcjsw-bearings.com\/?s={search_term_string}\"},\"query-input\":\"required name=search_term_string\"}],\"inLanguage\":\"es\"},{\"@type\":\"Organization\",\"@id\":\"http:\/\/www.camcjsw-bearings.com\/#organization\",\"name\":\"JIANGSU WALLONG-HSIN MACHINERY ENGINEERING CORPORATION LTD.\",\"url\":\"http:\/\/www.camcjsw-bearings.com\/\",\"logo\":{\"@type\":\"ImageObject\",\"inLanguage\":\"es\",\"@id\":\"http:\/\/www.camcjsw-bearings.com\/#\/schema\/logo\/image\/\",\"url\":\"http:\/\/www.camcjsw-bearings.com\/wp-content\/uploads\/2024\/05\/bearings-1.webp\",\"contentUrl\":\"http:\/\/www.camcjsw-bearings.com\/wp-content\/uploads\/2024\/05\/bearings-1.webp\",\"width\":192,\"height\":81,\"caption\":\"JIANGSU WALLONG-HSIN MACHINERY ENGINEERING CORPORATION LTD.\"},\"image\":{\"@id\":\"http:\/\/www.camcjsw-bearings.com\/#\/schema\/logo\/image\/\"},\"sameAs\":[\"https:\/\/x.com\/kylinqian\",\"https:\/\/www.linkedin.com\/in\/--1730852a9\/\"]}]}<\/script>\r\n<meta property=\"product:price:amount\" content=\"0.00\" \/>\r\n<meta property=\"product:price:currency\" content=\"USD\" \/>\r\n<meta property=\"og:availability\" content=\"instock\" \/>\r\n<meta property=\"product:availability\" content=\"instock\" \/>\r\n<meta property=\"product:condition\" content=\"new\" \/>\r\n<!-- \/ Yoast SEO Premium plugin. -->","yoast_head_json":{"title":"Machined type needle bearing - SINO-MACHINERY AGRO-DEVELOPMENT INVESTMENT CO., LTD. JIANGSU BRANCH","description":"Machined type needle bearing - We supply CAGRI bearings, Needle Bearings for transportation,logistics,electric tools,industrial robot,agricultural machinery,automotive,engineering machinery","robots":{"index":"index","follow":"follow","max-snippet":"max-snippet:-1","max-image-preview":"max-image-preview:large","max-video-preview":"max-video-preview:-1"},"canonical":"http:\/\/www.camcjsw-bearings.com\/es\/producto\/machined-type-needle-bearing\/","og_locale":"es_ES","og_type":"article","og_title":"Machined type needle bearing","og_description":"Machined type needle bearing - We supply CAGRI bearings, Needle Bearings for transportation,logistics,electric tools,industrial robot,agricultural machinery,automotive,engineering machinery","og_url":"http:\/\/www.camcjsw-bearings.com\/es\/producto\/machined-type-needle-bearing\/","og_site_name":"SINO-MACHINERY AGRO-DEVELOPMENT INVESTMENT CO., LTD. JIANGSU BRANCH","article_modified_time":"2024-06-07T03:28:11+00:00","og_image":[{"width":257,"height":190,"url":"http:\/\/www.camcjsw-bearings.com\/wp-content\/uploads\/2024\/05\/MACHINED-TYPE-NEEDLE-ROLLER-BEARINGS.webp","type":"image\/webp"}],"twitter_card":"summary_large_image","twitter_site":"@kylinqian","twitter_misc":{"Precio":"","Disponibilidad":"Disponible"},"schema":{"@context":"https:\/\/schema.org","@graph":[{"@type":"WebPage","@id":"http:\/\/www.camcjsw-bearings.com\/product\/machined-type-needle-bearing\/","url":"http:\/\/www.camcjsw-bearings.com\/product\/machined-type-needle-bearing\/","name":"Machined type needle bearing - SINO-MACHINERY AGRO-DEVELOPMENT INVESTMENT CO., LTD. JIANGSU BRANCH","isPartOf":{"@id":"http:\/\/www.camcjsw-bearings.com\/#website"},"primaryImageOfPage":{"@id":"http:\/\/www.camcjsw-bearings.com\/product\/machined-type-needle-bearing\/#primaryimage"},"image":{"@id":"http:\/\/www.camcjsw-bearings.com\/product\/machined-type-needle-bearing\/#primaryimage"},"thumbnailUrl":"http:\/\/www.camcjsw-bearings.com\/wp-content\/uploads\/2024\/05\/MACHINED-TYPE-NEEDLE-ROLLER-BEARINGS.webp","datePublished":"2024-05-23T04:03:53+00:00","dateModified":"2024-06-07T03:28:11+00:00","description":"Machined type needle bearing - We supply CAGRI bearings, Needle Bearings for transportation,logistics,electric tools,industrial robot,agricultural machinery,automotive,engineering machinery","breadcrumb":{"@id":"http:\/\/www.camcjsw-bearings.com\/product\/machined-type-needle-bearing\/#breadcrumb"},"inLanguage":"es","potentialAction":[{"@type":"ReadAction","target":["http:\/\/www.camcjsw-bearings.com\/product\/machined-type-needle-bearing\/"]}]},{"@type":"ImageObject","inLanguage":"es","@id":"http:\/\/www.camcjsw-bearings.com\/product\/machined-type-needle-bearing\/#primaryimage","url":"http:\/\/www.camcjsw-bearings.com\/wp-content\/uploads\/2024\/05\/MACHINED-TYPE-NEEDLE-ROLLER-BEARINGS.webp","contentUrl":"http:\/\/www.camcjsw-bearings.com\/wp-content\/uploads\/2024\/05\/MACHINED-TYPE-NEEDLE-ROLLER-BEARINGS.webp","width":257,"height":190},{"@type":"BreadcrumbList","@id":"http:\/\/www.camcjsw-bearings.com\/product\/machined-type-needle-bearing\/#breadcrumb","itemListElement":[{"@type":"ListItem","position":1,"name":"\u9996\u9875","item":"http:\/\/www.camcjsw-bearings.com\/"},{"@type":"ListItem","position":2,"name":"Products","item":"http:\/\/www.camcjsw-bearings.com\/shop\/"},{"@type":"ListItem","position":3,"name":"Machined type needle bearing"}]},{"@type":"WebSite","@id":"http:\/\/www.camcjsw-bearings.com\/#website","url":"http:\/\/www.camcjsw-bearings.com\/","name":"CAGRI Bearings","description":"","publisher":{"@id":"http:\/\/www.camcjsw-bearings.com\/#organization"},"potentialAction":[{"@type":"SearchAction","target":{"@type":"EntryPoint","urlTemplate":"http:\/\/www.camcjsw-bearings.com\/?s={search_term_string}"},"query-input":"required name=search_term_string"}],"inLanguage":"es"},{"@type":"Organization","@id":"http:\/\/www.camcjsw-bearings.com\/#organization","name":"JIANGSU WALLONG-HSIN MACHINERY ENGINEERING CORPORATION LTD.","url":"http:\/\/www.camcjsw-bearings.com\/","logo":{"@type":"ImageObject","inLanguage":"es","@id":"http:\/\/www.camcjsw-bearings.com\/#\/schema\/logo\/image\/","url":"http:\/\/www.camcjsw-bearings.com\/wp-content\/uploads\/2024\/05\/bearings-1.webp","contentUrl":"http:\/\/www.camcjsw-bearings.com\/wp-content\/uploads\/2024\/05\/bearings-1.webp","width":192,"height":81,"caption":"JIANGSU WALLONG-HSIN MACHINERY ENGINEERING CORPORATION LTD."},"image":{"@id":"http:\/\/www.camcjsw-bearings.com\/#\/schema\/logo\/image\/"},"sameAs":["https:\/\/x.com\/kylinqian","https:\/\/www.linkedin.com\/in\/--1730852a9\/"]}]},"product_price_amount":"0.00","product_price_currency":"USD","og_availability":"instock","product_availability":"instock","product_condition":"new"},"_links":{"self":[{"href":"http:\/\/www.camcjsw-bearings.com\/es\/wp-json\/wp\/v2\/product\/2073","targetHints":{"allow":["GET"]}}],"collection":[{"href":"http:\/\/www.camcjsw-bearings.com\/es\/wp-json\/wp\/v2\/product"}],"about":[{"href":"http:\/\/www.camcjsw-bearings.com\/es\/wp-json\/wp\/v2\/types\/product"}],"wp:featuredmedia":[{"embeddable":true,"href":"http:\/\/www.camcjsw-bearings.com\/es\/wp-json\/wp\/v2\/media\/2665"}],"wp:attachment":[{"href":"http:\/\/www.camcjsw-bearings.com\/es\/wp-json\/wp\/v2\/media?parent=2073"}],"wp:term":[{"taxonomy":"product_cat","embeddable":true,"href":"http:\/\/www.camcjsw-bearings.com\/es\/wp-json\/wp\/v2\/product_cat?post=2073"},{"taxonomy":"product_tag","embeddable":true,"href":"http:\/\/www.camcjsw-bearings.com\/es\/wp-json\/wp\/v2\/product_tag?post=2073"}],"curies":[{"name":"wp","href":"https:\/\/api.w.org\/{rel}","templated":true}]}}