{"id":2071,"date":"2024-05-23T12:01:14","date_gmt":"2024-05-23T04:01:14","guid":{"rendered":"http:\/\/www.camcjsw-bearings.com\/product\/track-rollers\/"},"modified":"2024-05-30T14:57:15","modified_gmt":"2024-05-30T06:57:15","slug":"track-rollers","status":"publish","type":"product","link":"http:\/\/www.camcjsw-bearings.com\/es\/producto\/track-rollers\/","title":{"rendered":"Rodillos de seguimiento"},"content":{"rendered":"<p>Track Rollers es una unidad de rodamiento compuesta por un anillo exterior mecanizado de pared gruesa, rodillos de agujas o juegos de rodillos cil\u00edndricos, o gu\u00eda de jaula o rodillo de agujas completo, anillo interior o perno y sello.<\/p>\n<p>Con una estructura compacta m\u00faltiple, alta precisi\u00f3n de rotaci\u00f3n, grandes variedades, amplia adaptabilidad y f\u00e1cil instalaci\u00f3n, puede soportar una carga radial alta y cierta carga de impacto y se usa ampliamente en m\u00e1quinas herramienta, maquinaria metal\u00fargica, textil y de impresi\u00f3n, l\u00edneas de procesamiento, etc.<\/p>\n<table border=\"1px solid black\" width=\"100%\">\n<tbody>\n<tr class=\"firstRow\">\n<td valign=\"top\" width=\"168\"><strong>RSTO<\/strong><\/p>\n<p><strong>STO<\/strong><\/td>\n<td valign=\"top\" width=\"400\">Rodillos-gu\u00eda tipo yugo, aro exterior sin nervaduras, con o sin aro interior<\/td>\n<\/tr>\n<tr>\n<td valign=\"top\" width=\"168\"><strong>RNA22\u00a0<\/strong><strong>.<\/strong><strong>..\u00a0<\/strong><strong>2RS \u00a0<\/strong><\/p>\n<p><strong>NA22\u00a0<\/strong><strong>\u2026 2<\/strong><strong>RS<\/strong><\/td>\n<td valign=\"top\" width=\"400\">Rodillos tipo yugo, sin gu\u00eda axial, sellos de labio en ambos lados,<\/p>\n<p>con o sin anillo interior<\/td>\n<\/tr>\n<tr>\n<td valign=\"top\" width=\"168\">NATR<\/td>\n<td valign=\"top\" width=\"400\">Rodillos-gu\u00eda tipo yugo, con gu\u00eda axial, juntas de separaci\u00f3n en ambos lados<\/td>\n<\/tr>\n<tr>\n<td valign=\"top\" width=\"168\"><strong>NATR. .. PP<\/strong><\/td>\n<td valign=\"top\" width=\"400\">Rodillos-gu\u00eda tipo horquilla, con gu\u00eda axial, arandelas axiales de pl\u00e1stico en ambos lados<\/p>\n<p>both sides<\/td>\n<\/tr>\n<tr>\n<td valign=\"top\" width=\"168\"><strong>NATV<\/strong><\/td>\n<td valign=\"top\" width=\"400\">Rodillos inferiores tipo yugo, juego de rodillos de agujas complementarios Fuji, con gu\u00eda axial, sellos de separaci\u00f3n en ambos lados<\/p>\n<p>gap\u00a0seals\u00a0on both \u00a0 sides<\/td>\n<\/tr>\n<tr>\n<td valign=\"top\" width=\"168\"><strong>NATV\u00a0<\/strong><strong>\u2026\u00a0<\/strong><strong>PP<\/strong><\/td>\n<td valign=\"top\" width=\"400\">Rodillos inferiores tipo yugo, juego completo de rodillos de agujas, con gu\u00eda axial, arandelas planas axiales de pl\u00e1stico en ambos lados<\/p>\n<p>plastic \u00a0 axial plain washers on both sides<\/td>\n<\/tr>\n<tr>\n<td valign=\"top\" width=\"168\"><strong>NUTR<\/strong><\/td>\n<td valign=\"top\" width=\"400\">Yoke type track \u00a0 rollers, full\u00a0complement\u00a0cylindrical \u00a0 roller\u00a0set, with\u00a0axial<\/p>\n<p>Rodillos-gu\u00eda tipo yugo, juego de rodillos cil\u00edndricos completos, con gu\u00eda axial, obturaciones laber\u00ednticas en ambos lados<\/td>\n<\/tr>\n<tr>\n<td valign=\"top\" width=\"168\"><strong>PWTR<\/strong><\/td>\n<td valign=\"top\" width=\"400\">Rodillos inferiores tipo yugo, juego de rodillos cil\u00edndricos completos, con gu\u00eda axial, obturaciones de labio en ambos lados<\/p>\n<p>guidance, lip seals on both sides<\/td>\n<\/tr>\n<tr>\n<td valign=\"top\" width=\"168\"><strong>CYR<\/strong><\/td>\n<td valign=\"top\" width=\"400\">Serie en pulgadas, anillo de retenci\u00f3n liso, gu\u00eda axial, rodillos inferiores tipo yugo<\/td>\n<\/tr>\n<tr>\n<td valign=\"top\" width=\"168\"><strong>KR<\/strong><\/td>\n<td valign=\"top\" width=\"400\">con gu\u00eda axial, obturaci\u00f3n de ranuras en ambos lados<\/td>\n<\/tr>\n<tr>\n<td valign=\"top\" width=\"168\"><strong>KR.\u00a0<\/strong><strong>..\u00a0<\/strong><strong>PP<\/strong><\/td>\n<td valign=\"top\" width=\"400\">con gu\u00eda axial, arandelas axiales de pl\u00e1stico en ambos lados<\/td>\n<\/tr>\n<tr>\n<td valign=\"top\" width=\"168\"><strong>KRE<\/strong><\/td>\n<td valign=\"top\" width=\"400\">con gu\u00eda axial, con juntas exc\u00e9ntricas de colafi en ambos lados<\/td>\n<\/tr>\n<tr>\n<td valign=\"top\" width=\"168\"><strong>KRE\u00a0<\/strong><strong>\u2026\u00a0<\/strong><strong>PP<\/strong><\/td>\n<td valign=\"top\" width=\"400\">con gu\u00eda axial, con collar\u00edn exc\u00e9ntrico; Arandelas planas axiales de pl\u00e1stico en ambos lados.<\/td>\n<\/tr>\n<tr>\n<td valign=\"top\" width=\"168\"><strong>KRV<\/strong><\/td>\n<td valign=\"top\" width=\"400\">con gu\u00eda axial, juego completo de rodillos de agujas, juntas de separaci\u00f3n en ambos lados<\/td>\n<\/tr>\n<tr>\n<td valign=\"top\" width=\"168\"><strong>KRV ..<\/strong><strong>.\u00a0<\/strong><strong>PP<\/strong><\/td>\n<td valign=\"top\" width=\"400\">with axial guidance, \u00a0 full complement needle roller set,\u00a0plastic axial plain<\/p>\n<p>con gu\u00eda axial, juego completo de rodillos de agujas, arandelas axiales de pl\u00e1stico en ambos lados<\/td>\n<\/tr>\n<tr>\n<td valign=\"top\" width=\"168\"><strong>KRVE<\/strong><\/td>\n<td valign=\"top\" width=\"400\">con gu\u00eda axial, con collar\u00edn exc\u00e9ntrico, juego completo de rodillos de agujas, obturaci\u00f3n de ranuras en ambos lados<\/td>\n<\/tr>\n<tr>\n<td valign=\"top\" width=\"168\"><strong>KRVE\u00a0<\/strong><strong>\u2026\u00a0<\/strong><strong>PP<\/strong><\/td>\n<td valign=\"top\" width=\"400\">con gu\u00eda axial, con collar exc\u00e9ntrico, juego completo de rodillos de agujas, arandelas planas axiales de pl\u00e1stico en ambos lados<\/p>\n<p>plastic axial plain \u00a0 washers on both\u00a0sides<\/td>\n<\/tr>\n<tr>\n<td valign=\"top\" width=\"168\"><strong>NUKR<\/strong><\/td>\n<td valign=\"top\" width=\"400\">con gu\u00eda axial, juego completo de rodillos cil\u00edndricos, obturaci\u00f3n laber\u00edntica en ambos lados<\/p>\n<p>on both sides<\/td>\n<\/tr>\n<tr>\n<td valign=\"top\" width=\"168\"><strong>NUKRE<\/strong><\/td>\n<td valign=\"top\" width=\"400\">con gu\u00eda axial, con collar exc\u00e9ntrico, juego de rodillos cil\u00edndricos completos, obturaciones laber\u00ednticas en ambos lados<\/p>\n<p>labyrinth\u00a0seals\u00a0on both \u00a0 sides<\/td>\n<\/tr>\n<tr>\n<td valign=\"top\" width=\"168\"><strong>PWKR<\/strong><\/td>\n<td valign=\"top\" width=\"400\">con gu\u00eda axial, juego completo de rodillos cil\u00edndricos, obturaciones de labio en ambos lados<\/p>\n<p>both sides<\/td>\n<\/tr>\n<tr>\n<td valign=\"top\" width=\"168\"><strong>CRY ..<\/strong><strong>.\u00a0<\/strong><strong>V<\/strong><\/p>\n<p><strong>CRY \u2026 VUU<\/strong><\/td>\n<td valign=\"top\" width=\"400\">Sistema de pulgadas con rodillos gu\u00eda tipo yugo<\/td>\n<\/tr>\n<tr>\n<td valign=\"top\" width=\"168\"><strong>CF<\/strong><\/td>\n<td valign=\"top\" width=\"400\">Serie en pulgadas, rodillos tipo esp\u00e1rrago<\/td>\n<\/tr>\n<tr>\n<td valign=\"top\" width=\"168\"><strong>CFE<\/strong><\/td>\n<td valign=\"top\" width=\"400\">Serie en pulgadas, rodillos tipo esp\u00e1rrago con collar\u00edn exc\u00e9ntrico<\/td>\n<\/tr>\n<tr>\n<td valign=\"top\" width=\"168\"><strong>CFH<\/strong><\/td>\n<td valign=\"top\" width=\"400\">Serie en pulgadas, rodillos oruga tipo perno pesado<\/td>\n<\/tr>\n<tr>\n<td valign=\"top\" width=\"168\"><strong>CFHE<\/strong><\/td>\n<td valign=\"top\" width=\"400\">Serie en pulgadas. Rodillos gu\u00eda de dos pernos prisioneros con collar\u00edn exc\u00e9ntrico<\/td>\n<\/tr>\n<\/tbody>\n<\/table>\n<p>&nbsp;<\/p>","protected":false},"excerpt":{"rendered":"<p>Track Rollers is a beaing unit composed of machined thick-wall outer ring, needle rollers or cylindrical roller sets, or cage guidance or full complement needle roller, inner ring or bolt and seal. Featuring multiple compact structure , high rotating accuracy, large varieties, broad adaptability and easy installation, it can bear high radial load and certain [&hellip;]<\/p>","protected":false},"featured_media":2702,"template":"","meta":{"site-sidebar-layout":"default","site-content-layout":"","ast-site-content-layout":"default","site-content-style":"default","site-sidebar-style":"default","ast-global-header-display":"","ast-banner-title-visibility":"","ast-main-header-display":"","ast-hfb-above-header-display":"","ast-hfb-below-header-display":"","ast-hfb-mobile-header-display":"","site-post-title":"","ast-breadcrumbs-content":"","ast-featured-img":"","footer-sml-layout":"","theme-transparent-header-meta":"default","adv-header-id-meta":"","stick-header-meta":"","header-above-stick-meta":"","header-main-stick-meta":"","header-below-stick-meta":"","astra-migrate-meta-layouts":"set","ast-page-background-enabled":"default","ast-page-background-meta":{"desktop":{"background-color":"var(--ast-global-color-4)","background-image":"","background-repeat":"repeat","background-position":"center center","background-size":"auto","background-attachment":"scroll","background-type":"","background-media":"","overlay-type":"","overlay-color":"","overlay-opacity":"","overlay-gradient":""},"tablet":{"background-color":"","background-image":"","background-repeat":"repeat","background-position":"center center","background-size":"auto","background-attachment":"scroll","background-type":"","background-media":"","overlay-type":"","overlay-color":"","overlay-opacity":"","overlay-gradient":""},"mobile":{"background-color":"","background-image":"","background-repeat":"repeat","background-position":"center center","background-size":"auto","background-attachment":"scroll","background-type":"","background-media":"","overlay-type":"","overlay-color":"","overlay-opacity":"","overlay-gradient":""}},"ast-content-background-meta":{"desktop":{"background-color":"var(--ast-global-color-5)","background-image":"","background-repeat":"repeat","background-position":"center center","background-size":"auto","background-attachment":"scroll","background-type":"","background-media":"","overlay-type":"","overlay-color":"","overlay-opacity":"","overlay-gradient":""},"tablet":{"background-color":"var(--ast-global-color-5)","background-image":"","background-repeat":"repeat","background-position":"center center","background-size":"auto","background-attachment":"scroll","background-type":"","background-media":"","overlay-type":"","overlay-color":"","overlay-opacity":"","overlay-gradient":""},"mobile":{"background-color":"var(--ast-global-color-5)","background-image":"","background-repeat":"repeat","background-position":"center center","background-size":"auto","background-attachment":"scroll","background-type":"","background-media":"","overlay-type":"","overlay-color":"","overlay-opacity":"","overlay-gradient":""}}},"product_cat":[24],"product_tag":[],"class_list":{"0":"post-2071","1":"product","2":"type-product","3":"status-publish","4":"has-post-thumbnail","6":"product_cat-needle-bearing","7":"desktop-align-left","8":"tablet-align-left","9":"mobile-align-left","11":"first","12":"instock","13":"shipping-taxable","14":"product-type-simple"},"yoast_head":"<!-- This site is optimized with the Yoast SEO Premium plugin v22.5 (Yoast SEO v22.8) - https:\/\/yoast.com\/wordpress\/plugins\/seo\/ -->\r\n<title>Track Rollers - SINO-MACHINERY AGRO-DEVELOPMENT INVESTMENT CO., LTD. JIANGSU BRANCH<\/title>\r\n<meta name=\"robots\" content=\"index, follow, max-snippet:-1, max-image-preview:large, max-video-preview:-1\" \/>\r\n<link rel=\"canonical\" href=\"http:\/\/www.camcjsw-bearings.com\/es\/producto\/track-rollers\/\" \/>\r\n<meta property=\"og:locale\" content=\"es_ES\" \/>\r\n<meta property=\"og:type\" content=\"article\" \/>\r\n<meta property=\"og:title\" content=\"Track Rollers\" \/>\r\n<meta property=\"og:description\" content=\"Track Rollers is a beaing unit composed of machined thick-wall outer ring, needle rollers or cylindrical roller sets, or cage guidance or full complement needle roller, inner ring or bolt and seal. Featuring multiple compact structure , high rotating accuracy, large varieties, broad adaptability and easy installation, it can bear high radial load and certain [&hellip;]\" \/>\r\n<meta property=\"og:url\" content=\"http:\/\/www.camcjsw-bearings.com\/es\/producto\/track-rollers\/\" \/>\r\n<meta property=\"og:site_name\" content=\"SINO-MACHINERY AGRO-DEVELOPMENT INVESTMENT CO., LTD. JIANGSU BRANCH\" \/>\r\n<meta property=\"article:modified_time\" content=\"2024-05-30T06:57:15+00:00\" \/>\r\n<meta property=\"og:image\" content=\"http:\/\/www.camcjsw-bearings.com\/wp-content\/uploads\/2024\/05\/TRACK-ROLLERS.webp\" \/>\r\n\t<meta property=\"og:image:width\" content=\"257\" \/>\r\n\t<meta property=\"og:image:height\" content=\"190\" \/>\r\n\t<meta property=\"og:image:type\" content=\"image\/webp\" \/>\r\n<meta name=\"twitter:card\" content=\"summary_large_image\" \/>\r\n<meta name=\"twitter:site\" content=\"@kylinqian\" \/>\r\n<meta name=\"twitter:label1\" content=\"Precio\" \/>\n\t<meta name=\"twitter:data1\" content=\"\" \/>\n\t<meta name=\"twitter:label2\" content=\"Disponibilidad\" \/>\n\t<meta name=\"twitter:data2\" content=\"Disponible\" \/>\r\n<script type=\"application\/ld+json\" class=\"yoast-schema-graph\">{\"@context\":\"https:\/\/schema.org\",\"@graph\":[{\"@type\":\"WebPage\",\"@id\":\"http:\/\/www.camcjsw-bearings.com\/product\/track-rollers\/\",\"url\":\"http:\/\/www.camcjsw-bearings.com\/product\/track-rollers\/\",\"name\":\"Track Rollers - SINO-MACHINERY AGRO-DEVELOPMENT INVESTMENT CO., LTD. JIANGSU BRANCH\",\"isPartOf\":{\"@id\":\"http:\/\/www.camcjsw-bearings.com\/#website\"},\"primaryImageOfPage\":{\"@id\":\"http:\/\/www.camcjsw-bearings.com\/product\/track-rollers\/#primaryimage\"},\"image\":{\"@id\":\"http:\/\/www.camcjsw-bearings.com\/product\/track-rollers\/#primaryimage\"},\"thumbnailUrl\":\"http:\/\/www.camcjsw-bearings.com\/wp-content\/uploads\/2024\/05\/TRACK-ROLLERS.webp\",\"datePublished\":\"2024-05-23T04:01:14+00:00\",\"dateModified\":\"2024-05-30T06:57:15+00:00\",\"breadcrumb\":{\"@id\":\"http:\/\/www.camcjsw-bearings.com\/product\/track-rollers\/#breadcrumb\"},\"inLanguage\":\"es\",\"potentialAction\":[{\"@type\":\"ReadAction\",\"target\":[\"http:\/\/www.camcjsw-bearings.com\/product\/track-rollers\/\"]}]},{\"@type\":\"ImageObject\",\"inLanguage\":\"es\",\"@id\":\"http:\/\/www.camcjsw-bearings.com\/product\/track-rollers\/#primaryimage\",\"url\":\"http:\/\/www.camcjsw-bearings.com\/wp-content\/uploads\/2024\/05\/TRACK-ROLLERS.webp\",\"contentUrl\":\"http:\/\/www.camcjsw-bearings.com\/wp-content\/uploads\/2024\/05\/TRACK-ROLLERS.webp\",\"width\":257,\"height\":190},{\"@type\":\"BreadcrumbList\",\"@id\":\"http:\/\/www.camcjsw-bearings.com\/product\/track-rollers\/#breadcrumb\",\"itemListElement\":[{\"@type\":\"ListItem\",\"position\":1,\"name\":\"\u9996\u9875\",\"item\":\"http:\/\/www.camcjsw-bearings.com\/\"},{\"@type\":\"ListItem\",\"position\":2,\"name\":\"Products\",\"item\":\"http:\/\/www.camcjsw-bearings.com\/shop\/\"},{\"@type\":\"ListItem\",\"position\":3,\"name\":\"Track Rollers\"}]},{\"@type\":\"WebSite\",\"@id\":\"http:\/\/www.camcjsw-bearings.com\/#website\",\"url\":\"http:\/\/www.camcjsw-bearings.com\/\",\"name\":\"CAGRI Bearings\",\"description\":\"\",\"publisher\":{\"@id\":\"http:\/\/www.camcjsw-bearings.com\/#organization\"},\"potentialAction\":[{\"@type\":\"SearchAction\",\"target\":{\"@type\":\"EntryPoint\",\"urlTemplate\":\"http:\/\/www.camcjsw-bearings.com\/?s={search_term_string}\"},\"query-input\":\"required name=search_term_string\"}],\"inLanguage\":\"es\"},{\"@type\":\"Organization\",\"@id\":\"http:\/\/www.camcjsw-bearings.com\/#organization\",\"name\":\"JIANGSU WALLONG-HSIN MACHINERY ENGINEERING CORPORATION LTD.\",\"url\":\"http:\/\/www.camcjsw-bearings.com\/\",\"logo\":{\"@type\":\"ImageObject\",\"inLanguage\":\"es\",\"@id\":\"http:\/\/www.camcjsw-bearings.com\/#\/schema\/logo\/image\/\",\"url\":\"http:\/\/www.camcjsw-bearings.com\/wp-content\/uploads\/2024\/05\/bearings-1.webp\",\"contentUrl\":\"http:\/\/www.camcjsw-bearings.com\/wp-content\/uploads\/2024\/05\/bearings-1.webp\",\"width\":192,\"height\":81,\"caption\":\"JIANGSU WALLONG-HSIN MACHINERY ENGINEERING CORPORATION LTD.\"},\"image\":{\"@id\":\"http:\/\/www.camcjsw-bearings.com\/#\/schema\/logo\/image\/\"},\"sameAs\":[\"https:\/\/x.com\/kylinqian\",\"https:\/\/www.linkedin.com\/in\/--1730852a9\/\"]}]}<\/script>\r\n<meta property=\"product:price:amount\" content=\"0.00\" \/>\r\n<meta property=\"product:price:currency\" content=\"USD\" \/>\r\n<meta property=\"og:availability\" content=\"instock\" \/>\r\n<meta property=\"product:availability\" content=\"instock\" \/>\r\n<meta property=\"product:condition\" content=\"new\" \/>\r\n<!-- \/ Yoast SEO Premium plugin. -->","yoast_head_json":{"title":"Track Rollers - SINO-MACHINERY AGRO-DEVELOPMENT INVESTMENT CO., LTD. JIANGSU BRANCH","robots":{"index":"index","follow":"follow","max-snippet":"max-snippet:-1","max-image-preview":"max-image-preview:large","max-video-preview":"max-video-preview:-1"},"canonical":"http:\/\/www.camcjsw-bearings.com\/es\/producto\/track-rollers\/","og_locale":"es_ES","og_type":"article","og_title":"Track Rollers","og_description":"Track Rollers is a beaing unit composed of machined thick-wall outer ring, needle rollers or cylindrical roller sets, or cage guidance or full complement needle roller, inner ring or bolt and seal. Featuring multiple compact structure , high rotating accuracy, large varieties, broad adaptability and easy installation, it can bear high radial load and certain [&hellip;]","og_url":"http:\/\/www.camcjsw-bearings.com\/es\/producto\/track-rollers\/","og_site_name":"SINO-MACHINERY AGRO-DEVELOPMENT INVESTMENT CO., LTD. JIANGSU BRANCH","article_modified_time":"2024-05-30T06:57:15+00:00","og_image":[{"width":257,"height":190,"url":"http:\/\/www.camcjsw-bearings.com\/wp-content\/uploads\/2024\/05\/TRACK-ROLLERS.webp","type":"image\/webp"}],"twitter_card":"summary_large_image","twitter_site":"@kylinqian","twitter_misc":{"Precio":"","Disponibilidad":"Disponible"},"schema":{"@context":"https:\/\/schema.org","@graph":[{"@type":"WebPage","@id":"http:\/\/www.camcjsw-bearings.com\/product\/track-rollers\/","url":"http:\/\/www.camcjsw-bearings.com\/product\/track-rollers\/","name":"Track Rollers - SINO-MACHINERY AGRO-DEVELOPMENT INVESTMENT CO., LTD. JIANGSU BRANCH","isPartOf":{"@id":"http:\/\/www.camcjsw-bearings.com\/#website"},"primaryImageOfPage":{"@id":"http:\/\/www.camcjsw-bearings.com\/product\/track-rollers\/#primaryimage"},"image":{"@id":"http:\/\/www.camcjsw-bearings.com\/product\/track-rollers\/#primaryimage"},"thumbnailUrl":"http:\/\/www.camcjsw-bearings.com\/wp-content\/uploads\/2024\/05\/TRACK-ROLLERS.webp","datePublished":"2024-05-23T04:01:14+00:00","dateModified":"2024-05-30T06:57:15+00:00","breadcrumb":{"@id":"http:\/\/www.camcjsw-bearings.com\/product\/track-rollers\/#breadcrumb"},"inLanguage":"es","potentialAction":[{"@type":"ReadAction","target":["http:\/\/www.camcjsw-bearings.com\/product\/track-rollers\/"]}]},{"@type":"ImageObject","inLanguage":"es","@id":"http:\/\/www.camcjsw-bearings.com\/product\/track-rollers\/#primaryimage","url":"http:\/\/www.camcjsw-bearings.com\/wp-content\/uploads\/2024\/05\/TRACK-ROLLERS.webp","contentUrl":"http:\/\/www.camcjsw-bearings.com\/wp-content\/uploads\/2024\/05\/TRACK-ROLLERS.webp","width":257,"height":190},{"@type":"BreadcrumbList","@id":"http:\/\/www.camcjsw-bearings.com\/product\/track-rollers\/#breadcrumb","itemListElement":[{"@type":"ListItem","position":1,"name":"\u9996\u9875","item":"http:\/\/www.camcjsw-bearings.com\/"},{"@type":"ListItem","position":2,"name":"Products","item":"http:\/\/www.camcjsw-bearings.com\/shop\/"},{"@type":"ListItem","position":3,"name":"Track Rollers"}]},{"@type":"WebSite","@id":"http:\/\/www.camcjsw-bearings.com\/#website","url":"http:\/\/www.camcjsw-bearings.com\/","name":"CAGRI Bearings","description":"","publisher":{"@id":"http:\/\/www.camcjsw-bearings.com\/#organization"},"potentialAction":[{"@type":"SearchAction","target":{"@type":"EntryPoint","urlTemplate":"http:\/\/www.camcjsw-bearings.com\/?s={search_term_string}"},"query-input":"required name=search_term_string"}],"inLanguage":"es"},{"@type":"Organization","@id":"http:\/\/www.camcjsw-bearings.com\/#organization","name":"JIANGSU WALLONG-HSIN MACHINERY ENGINEERING CORPORATION LTD.","url":"http:\/\/www.camcjsw-bearings.com\/","logo":{"@type":"ImageObject","inLanguage":"es","@id":"http:\/\/www.camcjsw-bearings.com\/#\/schema\/logo\/image\/","url":"http:\/\/www.camcjsw-bearings.com\/wp-content\/uploads\/2024\/05\/bearings-1.webp","contentUrl":"http:\/\/www.camcjsw-bearings.com\/wp-content\/uploads\/2024\/05\/bearings-1.webp","width":192,"height":81,"caption":"JIANGSU WALLONG-HSIN MACHINERY ENGINEERING CORPORATION LTD."},"image":{"@id":"http:\/\/www.camcjsw-bearings.com\/#\/schema\/logo\/image\/"},"sameAs":["https:\/\/x.com\/kylinqian","https:\/\/www.linkedin.com\/in\/--1730852a9\/"]}]},"product_price_amount":"0.00","product_price_currency":"USD","og_availability":"instock","product_availability":"instock","product_condition":"new"},"_links":{"self":[{"href":"http:\/\/www.camcjsw-bearings.com\/es\/wp-json\/wp\/v2\/product\/2071","targetHints":{"allow":["GET"]}}],"collection":[{"href":"http:\/\/www.camcjsw-bearings.com\/es\/wp-json\/wp\/v2\/product"}],"about":[{"href":"http:\/\/www.camcjsw-bearings.com\/es\/wp-json\/wp\/v2\/types\/product"}],"wp:featuredmedia":[{"embeddable":true,"href":"http:\/\/www.camcjsw-bearings.com\/es\/wp-json\/wp\/v2\/media\/2702"}],"wp:attachment":[{"href":"http:\/\/www.camcjsw-bearings.com\/es\/wp-json\/wp\/v2\/media?parent=2071"}],"wp:term":[{"taxonomy":"product_cat","embeddable":true,"href":"http:\/\/www.camcjsw-bearings.com\/es\/wp-json\/wp\/v2\/product_cat?post=2071"},{"taxonomy":"product_tag","embeddable":true,"href":"http:\/\/www.camcjsw-bearings.com\/es\/wp-json\/wp\/v2\/product_tag?post=2071"}],"curies":[{"name":"wp","href":"https:\/\/api.w.org\/{rel}","templated":true}]}}