{"id":2069,"date":"2024-05-23T11:40:58","date_gmt":"2024-05-23T03:40:58","guid":{"rendered":"http:\/\/www.camcjsw-bearings.com\/product\/machined-radial-thrust-bearing\/"},"modified":"2024-05-30T14:55:18","modified_gmt":"2024-05-30T06:55:18","slug":"machined-radial-thrust-bearing","status":"publish","type":"product","link":"http:\/\/www.camcjsw-bearings.com\/es\/producto\/machined-radial-thrust-bearing\/","title":{"rendered":"Rodamiento radial\/empuje mecanizado"},"content":{"rendered":"<p>Los rodamientos de agujas combinados son unidades compuestas por rodamientos radiales.<\/p>\n<p>Rodamientos de agujas con cojinetes de empuje. Con estructura compacta y tama\u00f1o reducido y alta precisi\u00f3n de rotaci\u00f3n capaz de soportar cargas axiales manteniendo cargas radiales muy elevadas. Es ampliamente utilizado en maquinaria de peaje, metal\u00fargica, textil y de impresi\u00f3n.<\/p>\n<p>Estructura<\/p>\n<table border=\"1px solid\" width=\"100%\">\n<tbody>\n<tr class=\"firstRow\">\n<td valign=\"top\" width=\"187\">NKIA<\/td>\n<td valign=\"top\" width=\"381\">Radial needle \u00a0 bearing and\u00a0single\u00a0direction\u00a0angular \u00a0\u00a0contact ball<\/p>\n<p>bearing\u2019s\u00a0combination,used\u00a0for axial light load<\/td>\n<\/tr>\n<tr>\n<td valign=\"top\" width=\"187\">NKIB<\/td>\n<td valign=\"top\" width=\"381\">Combinaci\u00f3n de rodamiento de agujas radial y rodamiento de bolas de contacto angular de direcci\u00f3n \u00fanica, utilizado para cargas ligeras axiales<\/p>\n<p>bearing\u2019s combination,used for axial \u00a0 light load<\/td>\n<\/tr>\n<tr>\n<td valign=\"top\" width=\"187\">NX<\/p>\n<p>NX\u00a0\u2026\u00a0Z<\/td>\n<td valign=\"top\" width=\"381\">Radial needle \u00a0 bearing and full\u00a0complement thrust\u00a0ball<\/p>\n<p>Combinaci\u00f3n de rodamientos de agujas radiales y rodamientos axiales de bolas de complemento completo, con tapa fija, utilizados para cargas axiales medias<\/td>\n<\/tr>\n<tr>\n<td valign=\"top\" width=\"187\">NKX<\/p>\n<p>NKX\u00a0\u2026\u00a0Z<\/td>\n<td valign=\"top\" width=\"381\">Combinaci\u00f3n de rodamiento de agujas radial y rodamiento de bolas de empuje, con o sin tapa fija, utilizada para cargas axiales pesadas<\/p>\n<p>or without fixed\u00a0cap,\u00a0used for heavy axial\u00a0load<\/td>\n<\/tr>\n<tr>\n<td valign=\"top\" width=\"187\">NKXR<\/p>\n<p>NKXR\u00a0\u2026\u00a0Z<\/td>\n<td valign=\"top\" width=\"381\">Radial needle \u00a0 bearing and\u00a0thrust cylindrical roller\u00a0bearing\u2019s<\/p>\n<p>Combinaci\u00f3n de rodamiento de agujas radial y rodamiento de rodillos cil\u00edndricos de empuje, con o sin tapa fija, utilizada para cargas axiales muy pesadas<\/p>\n<p>load<\/td>\n<\/tr>\n<tr>\n<td valign=\"top\" width=\"187\">RAX400<\/td>\n<td valign=\"top\" width=\"381\">Combinaci\u00f3n de rodamientos de agujas radiales y rodamientos de agujas de empuje<\/td>\n<\/tr>\n<tr>\n<td valign=\"top\" width=\"187\">RAX500<\/td>\n<td valign=\"top\" width=\"381\">Combinaci\u00f3n de rodamiento de agujas radial y rodamiento de rodillos cil\u00edndricos de empuje<\/p>\n<p>combination<\/td>\n<\/tr>\n<tr>\n<td valign=\"top\" width=\"187\">RAXPZ400<\/td>\n<td valign=\"top\" width=\"381\">Combinaci\u00f3n de rodamiento de agujas radial y rodamiento de agujas axial con tapa fija<\/p>\n<p>with fixed cap<\/td>\n<\/tr>\n<tr>\n<td valign=\"top\" width=\"187\">RAXZ500<\/td>\n<td valign=\"top\" width=\"381\">Combinaci\u00f3n de rodamiento de agujas radial y rodamiento de rodillos cil\u00edndricos de empuje con tapa fija<\/p>\n<p>combination with fixed cap<\/td>\n<\/tr>\n<tr>\n<td valign=\"top\" width=\"187\">ZARN\u00a0\u2026\u00a0TN<\/td>\n<td valign=\"top\" width=\"381\">Serie ligera\/serie pesada\u00a0<em>I\u00a0<\/em>heavy series<\/p>\n<p>Rodamientos de bloque de soporte de husillo de bolas<\/td>\n<\/tr>\n<tr>\n<td valign=\"top\" width=\"187\">ZARN\u00a0\u2026\u00a0L TN<\/td>\n<td valign=\"top\" width=\"381\">Light\u00a0series\u00a0<em>I\u00a0<\/em>heavy\u00a0series<\/p>\n<p>Ball screw\u00a0support\u00a0block \u00a0 bearings<\/td>\n<\/tr>\n<tr>\n<td valign=\"top\" width=\"187\">ZARF\u00a0\u2026\u00a0TN<\/td>\n<td valign=\"top\" width=\"381\">Serie ligera\/serie pesada\u00a0<em>I\u00a0<\/em>heavy series<\/p>\n<p>Rodamientos de bloque de soporte de husillo de bolas<\/td>\n<\/tr>\n<tr>\n<td valign=\"top\" width=\"187\">ZARF\u00a0\u2026\u00a0L TN<\/td>\n<td valign=\"top\" width=\"381\">Serie ligera\/serie pesada\u00a0<em>I\u00a0<\/em>heavy\u00a0series<\/p>\n<p>Rodamientos de bloque de soporte de husillo de bolas<\/td>\n<\/tr>\n<\/tbody>\n<\/table>","protected":false},"excerpt":{"rendered":"<p>Combined needle roller bearings are units comprising radial needle roller bearings with thrust bearings. With compact structure and small size and high rotating accuracy capable of supporting axial loads while holding very high radial loads. It is widely used in machine toll, metallurgical, textile and printing machinery. Structure NKIA Radial needle \u00a0 bearing and\u00a0single\u00a0direction\u00a0angular \u00a0\u00a0contact [&hellip;]<\/p>","protected":false},"featured_media":2664,"template":"","meta":{"site-sidebar-layout":"default","site-content-layout":"","ast-site-content-layout":"default","site-content-style":"default","site-sidebar-style":"default","ast-global-header-display":"","ast-banner-title-visibility":"","ast-main-header-display":"","ast-hfb-above-header-display":"","ast-hfb-below-header-display":"","ast-hfb-mobile-header-display":"","site-post-title":"","ast-breadcrumbs-content":"","ast-featured-img":"","footer-sml-layout":"","theme-transparent-header-meta":"default","adv-header-id-meta":"","stick-header-meta":"","header-above-stick-meta":"","header-main-stick-meta":"","header-below-stick-meta":"","astra-migrate-meta-layouts":"set","ast-page-background-enabled":"default","ast-page-background-meta":{"desktop":{"background-color":"var(--ast-global-color-4)","background-image":"","background-repeat":"repeat","background-position":"center center","background-size":"auto","background-attachment":"scroll","background-type":"","background-media":"","overlay-type":"","overlay-color":"","overlay-opacity":"","overlay-gradient":""},"tablet":{"background-color":"","background-image":"","background-repeat":"repeat","background-position":"center center","background-size":"auto","background-attachment":"scroll","background-type":"","background-media":"","overlay-type":"","overlay-color":"","overlay-opacity":"","overlay-gradient":""},"mobile":{"background-color":"","background-image":"","background-repeat":"repeat","background-position":"center center","background-size":"auto","background-attachment":"scroll","background-type":"","background-media":"","overlay-type":"","overlay-color":"","overlay-opacity":"","overlay-gradient":""}},"ast-content-background-meta":{"desktop":{"background-color":"var(--ast-global-color-5)","background-image":"","background-repeat":"repeat","background-position":"center center","background-size":"auto","background-attachment":"scroll","background-type":"","background-media":"","overlay-type":"","overlay-color":"","overlay-opacity":"","overlay-gradient":""},"tablet":{"background-color":"var(--ast-global-color-5)","background-image":"","background-repeat":"repeat","background-position":"center center","background-size":"auto","background-attachment":"scroll","background-type":"","background-media":"","overlay-type":"","overlay-color":"","overlay-opacity":"","overlay-gradient":""},"mobile":{"background-color":"var(--ast-global-color-5)","background-image":"","background-repeat":"repeat","background-position":"center center","background-size":"auto","background-attachment":"scroll","background-type":"","background-media":"","overlay-type":"","overlay-color":"","overlay-opacity":"","overlay-gradient":""}}},"product_cat":[24],"product_tag":[],"class_list":{"0":"post-2069","1":"product","2":"type-product","3":"status-publish","4":"has-post-thumbnail","6":"product_cat-needle-bearing","7":"desktop-align-left","8":"tablet-align-left","9":"mobile-align-left","11":"first","12":"instock","13":"shipping-taxable","14":"product-type-simple"},"yoast_head":"<!-- This site is optimized with the Yoast SEO Premium plugin v22.5 (Yoast SEO v22.8) - https:\/\/yoast.com\/wordpress\/plugins\/seo\/ -->\r\n<title>Machined radial\/Thrust bearing - SINO-MACHINERY AGRO-DEVELOPMENT INVESTMENT CO., LTD. JIANGSU BRANCH<\/title>\r\n<meta name=\"robots\" content=\"index, follow, max-snippet:-1, max-image-preview:large, max-video-preview:-1\" \/>\r\n<link rel=\"canonical\" href=\"http:\/\/www.camcjsw-bearings.com\/es\/producto\/machined-radial-thrust-bearing\/\" \/>\r\n<meta property=\"og:locale\" content=\"es_ES\" \/>\r\n<meta property=\"og:type\" content=\"article\" \/>\r\n<meta property=\"og:title\" content=\"Machined radial\/Thrust bearing\" \/>\r\n<meta property=\"og:description\" content=\"Combined needle roller bearings are units comprising radial needle roller bearings with thrust bearings. With compact structure and small size and high rotating accuracy capable of supporting axial loads while holding very high radial loads. It is widely used in machine toll, metallurgical, textile and printing machinery. Structure NKIA Radial needle \u00a0 bearing and\u00a0single\u00a0direction\u00a0angular \u00a0\u00a0contact [&hellip;]\" \/>\r\n<meta property=\"og:url\" content=\"http:\/\/www.camcjsw-bearings.com\/es\/producto\/machined-radial-thrust-bearing\/\" \/>\r\n<meta property=\"og:site_name\" content=\"SINO-MACHINERY AGRO-DEVELOPMENT INVESTMENT CO., LTD. JIANGSU BRANCH\" \/>\r\n<meta property=\"article:modified_time\" content=\"2024-05-30T06:55:18+00:00\" \/>\r\n<meta property=\"og:image\" content=\"http:\/\/www.camcjsw-bearings.com\/wp-content\/uploads\/2024\/05\/MACHINED-RADIAL-THRUST-BEARINGS.webp\" \/>\r\n\t<meta property=\"og:image:width\" content=\"257\" \/>\r\n\t<meta property=\"og:image:height\" content=\"190\" \/>\r\n\t<meta property=\"og:image:type\" content=\"image\/webp\" \/>\r\n<meta name=\"twitter:card\" content=\"summary_large_image\" \/>\r\n<meta name=\"twitter:site\" content=\"@kylinqian\" \/>\r\n<meta name=\"twitter:label1\" content=\"Precio\" \/>\n\t<meta name=\"twitter:data1\" content=\"\" \/>\n\t<meta name=\"twitter:label2\" content=\"Disponibilidad\" \/>\n\t<meta name=\"twitter:data2\" content=\"Disponible\" \/>\r\n<script type=\"application\/ld+json\" class=\"yoast-schema-graph\">{\"@context\":\"https:\/\/schema.org\",\"@graph\":[{\"@type\":\"WebPage\",\"@id\":\"http:\/\/www.camcjsw-bearings.com\/product\/machined-radial-thrust-bearing\/\",\"url\":\"http:\/\/www.camcjsw-bearings.com\/product\/machined-radial-thrust-bearing\/\",\"name\":\"Machined radial\/Thrust bearing - SINO-MACHINERY AGRO-DEVELOPMENT INVESTMENT CO., LTD. JIANGSU BRANCH\",\"isPartOf\":{\"@id\":\"http:\/\/www.camcjsw-bearings.com\/#website\"},\"primaryImageOfPage\":{\"@id\":\"http:\/\/www.camcjsw-bearings.com\/product\/machined-radial-thrust-bearing\/#primaryimage\"},\"image\":{\"@id\":\"http:\/\/www.camcjsw-bearings.com\/product\/machined-radial-thrust-bearing\/#primaryimage\"},\"thumbnailUrl\":\"http:\/\/www.camcjsw-bearings.com\/wp-content\/uploads\/2024\/05\/MACHINED-RADIAL-THRUST-BEARINGS.webp\",\"datePublished\":\"2024-05-23T03:40:58+00:00\",\"dateModified\":\"2024-05-30T06:55:18+00:00\",\"breadcrumb\":{\"@id\":\"http:\/\/www.camcjsw-bearings.com\/product\/machined-radial-thrust-bearing\/#breadcrumb\"},\"inLanguage\":\"es\",\"potentialAction\":[{\"@type\":\"ReadAction\",\"target\":[\"http:\/\/www.camcjsw-bearings.com\/product\/machined-radial-thrust-bearing\/\"]}]},{\"@type\":\"ImageObject\",\"inLanguage\":\"es\",\"@id\":\"http:\/\/www.camcjsw-bearings.com\/product\/machined-radial-thrust-bearing\/#primaryimage\",\"url\":\"http:\/\/www.camcjsw-bearings.com\/wp-content\/uploads\/2024\/05\/MACHINED-RADIAL-THRUST-BEARINGS.webp\",\"contentUrl\":\"http:\/\/www.camcjsw-bearings.com\/wp-content\/uploads\/2024\/05\/MACHINED-RADIAL-THRUST-BEARINGS.webp\",\"width\":257,\"height\":190},{\"@type\":\"BreadcrumbList\",\"@id\":\"http:\/\/www.camcjsw-bearings.com\/product\/machined-radial-thrust-bearing\/#breadcrumb\",\"itemListElement\":[{\"@type\":\"ListItem\",\"position\":1,\"name\":\"\u9996\u9875\",\"item\":\"http:\/\/www.camcjsw-bearings.com\/\"},{\"@type\":\"ListItem\",\"position\":2,\"name\":\"Products\",\"item\":\"http:\/\/www.camcjsw-bearings.com\/shop\/\"},{\"@type\":\"ListItem\",\"position\":3,\"name\":\"Machined radial\/Thrust bearing\"}]},{\"@type\":\"WebSite\",\"@id\":\"http:\/\/www.camcjsw-bearings.com\/#website\",\"url\":\"http:\/\/www.camcjsw-bearings.com\/\",\"name\":\"CAGRI Bearings\",\"description\":\"\",\"publisher\":{\"@id\":\"http:\/\/www.camcjsw-bearings.com\/#organization\"},\"potentialAction\":[{\"@type\":\"SearchAction\",\"target\":{\"@type\":\"EntryPoint\",\"urlTemplate\":\"http:\/\/www.camcjsw-bearings.com\/?s={search_term_string}\"},\"query-input\":\"required name=search_term_string\"}],\"inLanguage\":\"es\"},{\"@type\":\"Organization\",\"@id\":\"http:\/\/www.camcjsw-bearings.com\/#organization\",\"name\":\"JIANGSU WALLONG-HSIN MACHINERY ENGINEERING CORPORATION LTD.\",\"url\":\"http:\/\/www.camcjsw-bearings.com\/\",\"logo\":{\"@type\":\"ImageObject\",\"inLanguage\":\"es\",\"@id\":\"http:\/\/www.camcjsw-bearings.com\/#\/schema\/logo\/image\/\",\"url\":\"http:\/\/www.camcjsw-bearings.com\/wp-content\/uploads\/2024\/05\/bearings-1.webp\",\"contentUrl\":\"http:\/\/www.camcjsw-bearings.com\/wp-content\/uploads\/2024\/05\/bearings-1.webp\",\"width\":192,\"height\":81,\"caption\":\"JIANGSU WALLONG-HSIN MACHINERY ENGINEERING CORPORATION LTD.\"},\"image\":{\"@id\":\"http:\/\/www.camcjsw-bearings.com\/#\/schema\/logo\/image\/\"},\"sameAs\":[\"https:\/\/x.com\/kylinqian\",\"https:\/\/www.linkedin.com\/in\/--1730852a9\/\"]}]}<\/script>\r\n<meta property=\"product:price:amount\" content=\"0.00\" \/>\r\n<meta property=\"product:price:currency\" content=\"USD\" \/>\r\n<meta property=\"og:availability\" content=\"instock\" \/>\r\n<meta property=\"product:availability\" content=\"instock\" \/>\r\n<meta property=\"product:condition\" content=\"new\" \/>\r\n<!-- \/ Yoast SEO Premium plugin. -->","yoast_head_json":{"title":"Machined radial\/Thrust bearing - SINO-MACHINERY AGRO-DEVELOPMENT INVESTMENT CO., LTD. JIANGSU BRANCH","robots":{"index":"index","follow":"follow","max-snippet":"max-snippet:-1","max-image-preview":"max-image-preview:large","max-video-preview":"max-video-preview:-1"},"canonical":"http:\/\/www.camcjsw-bearings.com\/es\/producto\/machined-radial-thrust-bearing\/","og_locale":"es_ES","og_type":"article","og_title":"Machined radial\/Thrust bearing","og_description":"Combined needle roller bearings are units comprising radial needle roller bearings with thrust bearings. With compact structure and small size and high rotating accuracy capable of supporting axial loads while holding very high radial loads. It is widely used in machine toll, metallurgical, textile and printing machinery. Structure NKIA Radial needle \u00a0 bearing and\u00a0single\u00a0direction\u00a0angular \u00a0\u00a0contact [&hellip;]","og_url":"http:\/\/www.camcjsw-bearings.com\/es\/producto\/machined-radial-thrust-bearing\/","og_site_name":"SINO-MACHINERY AGRO-DEVELOPMENT INVESTMENT CO., LTD. JIANGSU BRANCH","article_modified_time":"2024-05-30T06:55:18+00:00","og_image":[{"width":257,"height":190,"url":"http:\/\/www.camcjsw-bearings.com\/wp-content\/uploads\/2024\/05\/MACHINED-RADIAL-THRUST-BEARINGS.webp","type":"image\/webp"}],"twitter_card":"summary_large_image","twitter_site":"@kylinqian","twitter_misc":{"Precio":"","Disponibilidad":"Disponible"},"schema":{"@context":"https:\/\/schema.org","@graph":[{"@type":"WebPage","@id":"http:\/\/www.camcjsw-bearings.com\/product\/machined-radial-thrust-bearing\/","url":"http:\/\/www.camcjsw-bearings.com\/product\/machined-radial-thrust-bearing\/","name":"Machined radial\/Thrust bearing - SINO-MACHINERY AGRO-DEVELOPMENT INVESTMENT CO., LTD. JIANGSU BRANCH","isPartOf":{"@id":"http:\/\/www.camcjsw-bearings.com\/#website"},"primaryImageOfPage":{"@id":"http:\/\/www.camcjsw-bearings.com\/product\/machined-radial-thrust-bearing\/#primaryimage"},"image":{"@id":"http:\/\/www.camcjsw-bearings.com\/product\/machined-radial-thrust-bearing\/#primaryimage"},"thumbnailUrl":"http:\/\/www.camcjsw-bearings.com\/wp-content\/uploads\/2024\/05\/MACHINED-RADIAL-THRUST-BEARINGS.webp","datePublished":"2024-05-23T03:40:58+00:00","dateModified":"2024-05-30T06:55:18+00:00","breadcrumb":{"@id":"http:\/\/www.camcjsw-bearings.com\/product\/machined-radial-thrust-bearing\/#breadcrumb"},"inLanguage":"es","potentialAction":[{"@type":"ReadAction","target":["http:\/\/www.camcjsw-bearings.com\/product\/machined-radial-thrust-bearing\/"]}]},{"@type":"ImageObject","inLanguage":"es","@id":"http:\/\/www.camcjsw-bearings.com\/product\/machined-radial-thrust-bearing\/#primaryimage","url":"http:\/\/www.camcjsw-bearings.com\/wp-content\/uploads\/2024\/05\/MACHINED-RADIAL-THRUST-BEARINGS.webp","contentUrl":"http:\/\/www.camcjsw-bearings.com\/wp-content\/uploads\/2024\/05\/MACHINED-RADIAL-THRUST-BEARINGS.webp","width":257,"height":190},{"@type":"BreadcrumbList","@id":"http:\/\/www.camcjsw-bearings.com\/product\/machined-radial-thrust-bearing\/#breadcrumb","itemListElement":[{"@type":"ListItem","position":1,"name":"\u9996\u9875","item":"http:\/\/www.camcjsw-bearings.com\/"},{"@type":"ListItem","position":2,"name":"Products","item":"http:\/\/www.camcjsw-bearings.com\/shop\/"},{"@type":"ListItem","position":3,"name":"Machined radial\/Thrust bearing"}]},{"@type":"WebSite","@id":"http:\/\/www.camcjsw-bearings.com\/#website","url":"http:\/\/www.camcjsw-bearings.com\/","name":"CAGRI Bearings","description":"","publisher":{"@id":"http:\/\/www.camcjsw-bearings.com\/#organization"},"potentialAction":[{"@type":"SearchAction","target":{"@type":"EntryPoint","urlTemplate":"http:\/\/www.camcjsw-bearings.com\/?s={search_term_string}"},"query-input":"required name=search_term_string"}],"inLanguage":"es"},{"@type":"Organization","@id":"http:\/\/www.camcjsw-bearings.com\/#organization","name":"JIANGSU WALLONG-HSIN MACHINERY ENGINEERING CORPORATION LTD.","url":"http:\/\/www.camcjsw-bearings.com\/","logo":{"@type":"ImageObject","inLanguage":"es","@id":"http:\/\/www.camcjsw-bearings.com\/#\/schema\/logo\/image\/","url":"http:\/\/www.camcjsw-bearings.com\/wp-content\/uploads\/2024\/05\/bearings-1.webp","contentUrl":"http:\/\/www.camcjsw-bearings.com\/wp-content\/uploads\/2024\/05\/bearings-1.webp","width":192,"height":81,"caption":"JIANGSU WALLONG-HSIN MACHINERY ENGINEERING CORPORATION LTD."},"image":{"@id":"http:\/\/www.camcjsw-bearings.com\/#\/schema\/logo\/image\/"},"sameAs":["https:\/\/x.com\/kylinqian","https:\/\/www.linkedin.com\/in\/--1730852a9\/"]}]},"product_price_amount":"0.00","product_price_currency":"USD","og_availability":"instock","product_availability":"instock","product_condition":"new"},"_links":{"self":[{"href":"http:\/\/www.camcjsw-bearings.com\/es\/wp-json\/wp\/v2\/product\/2069","targetHints":{"allow":["GET"]}}],"collection":[{"href":"http:\/\/www.camcjsw-bearings.com\/es\/wp-json\/wp\/v2\/product"}],"about":[{"href":"http:\/\/www.camcjsw-bearings.com\/es\/wp-json\/wp\/v2\/types\/product"}],"wp:featuredmedia":[{"embeddable":true,"href":"http:\/\/www.camcjsw-bearings.com\/es\/wp-json\/wp\/v2\/media\/2664"}],"wp:attachment":[{"href":"http:\/\/www.camcjsw-bearings.com\/es\/wp-json\/wp\/v2\/media?parent=2069"}],"wp:term":[{"taxonomy":"product_cat","embeddable":true,"href":"http:\/\/www.camcjsw-bearings.com\/es\/wp-json\/wp\/v2\/product_cat?post=2069"},{"taxonomy":"product_tag","embeddable":true,"href":"http:\/\/www.camcjsw-bearings.com\/es\/wp-json\/wp\/v2\/product_tag?post=2069"}],"curies":[{"name":"wp","href":"https:\/\/api.w.org\/{rel}","templated":true}]}}