{"id":2063,"date":"2024-05-23T11:25:06","date_gmt":"2024-05-23T03:25:06","guid":{"rendered":"http:\/\/www.camcjsw-bearings.com\/product\/thrust-needle-roller-bearing\/"},"modified":"2024-05-27T16:29:54","modified_gmt":"2024-05-27T08:29:54","slug":"thrust-needle-roller-bearing","status":"publish","type":"product","link":"http:\/\/www.camcjsw-bearings.com\/es\/producto\/thrust-needle-roller-bearing\/","title":{"rendered":"Rodamiento de agujas de empuje"},"content":{"rendered":"<p>El conjunto de aguja de empuje y retenedor est\u00e1 compuesto por un conjunto de juntas de anillo de bandeja combinadas con retenedor con cojinetes de rodillos (agujas). El soporte gu\u00eda y sostiene muchos elementos rodantes (solo diferencias muy peque\u00f1as entre los elementos del mismo grupo). Los rodamientos axiales de agujas o los rodamientos axiales de rodillos cil\u00edndricos pueden soportar los rodamientos con la carga direccional axial y, por lo tanto, pueden usarse como rodamientos. con buena rigidez y m\u00ednimos espacios axiales ocupados. Si la superficie de las piezas adyacentes se puede utilizar como bandeja para las agujas de enrollar, se debe recomendar el conjunto del soporte de sujeci\u00f3n cuando el espacio de soporte sea lo suficientemente grande como para que se pueda lograr una peque\u00f1a altura de la secci\u00f3n transversal axial. Se puede garantizar la misma eficacia en diferentes casos cuando se combinan con juntas anulares relativamente m\u00e1s gruesas de las series LS, GS, WS y ZS. Las series de juntas aplicables de AS, LS, GS, WS, ZS son opcionales y los compradores las pedir\u00e1n por separado.<\/p>","protected":false},"excerpt":{"rendered":"<p>Thrust needle and retainer assembly are composed of a set of tray ring gaskets combined With retainer with roll bearings (needles). The stand leads and holds many rolling elements (only very tiny differences among the elements In the same group), The thrust needle bearings or Thrust-cylindrical roller bearings can support the bearings with the axial [&hellip;]<\/p>","protected":false},"featured_media":2701,"template":"","meta":{"site-sidebar-layout":"default","site-content-layout":"","ast-site-content-layout":"default","site-content-style":"default","site-sidebar-style":"default","ast-global-header-display":"","ast-banner-title-visibility":"","ast-main-header-display":"","ast-hfb-above-header-display":"","ast-hfb-below-header-display":"","ast-hfb-mobile-header-display":"","site-post-title":"","ast-breadcrumbs-content":"","ast-featured-img":"","footer-sml-layout":"","theme-transparent-header-meta":"default","adv-header-id-meta":"","stick-header-meta":"","header-above-stick-meta":"","header-main-stick-meta":"","header-below-stick-meta":"","astra-migrate-meta-layouts":"set","ast-page-background-enabled":"default","ast-page-background-meta":{"desktop":{"background-color":"var(--ast-global-color-4)","background-image":"","background-repeat":"repeat","background-position":"center center","background-size":"auto","background-attachment":"scroll","background-type":"","background-media":"","overlay-type":"","overlay-color":"","overlay-opacity":"","overlay-gradient":""},"tablet":{"background-color":"","background-image":"","background-repeat":"repeat","background-position":"center center","background-size":"auto","background-attachment":"scroll","background-type":"","background-media":"","overlay-type":"","overlay-color":"","overlay-opacity":"","overlay-gradient":""},"mobile":{"background-color":"","background-image":"","background-repeat":"repeat","background-position":"center center","background-size":"auto","background-attachment":"scroll","background-type":"","background-media":"","overlay-type":"","overlay-color":"","overlay-opacity":"","overlay-gradient":""}},"ast-content-background-meta":{"desktop":{"background-color":"var(--ast-global-color-5)","background-image":"","background-repeat":"repeat","background-position":"center center","background-size":"auto","background-attachment":"scroll","background-type":"","background-media":"","overlay-type":"","overlay-color":"","overlay-opacity":"","overlay-gradient":""},"tablet":{"background-color":"var(--ast-global-color-5)","background-image":"","background-repeat":"repeat","background-position":"center center","background-size":"auto","background-attachment":"scroll","background-type":"","background-media":"","overlay-type":"","overlay-color":"","overlay-opacity":"","overlay-gradient":""},"mobile":{"background-color":"var(--ast-global-color-5)","background-image":"","background-repeat":"repeat","background-position":"center center","background-size":"auto","background-attachment":"scroll","background-type":"","background-media":"","overlay-type":"","overlay-color":"","overlay-opacity":"","overlay-gradient":""}}},"product_cat":[24],"product_tag":[],"class_list":{"0":"post-2063","1":"product","2":"type-product","3":"status-publish","4":"has-post-thumbnail","6":"product_cat-needle-bearing","7":"desktop-align-left","8":"tablet-align-left","9":"mobile-align-left","11":"first","12":"instock","13":"shipping-taxable","14":"product-type-simple"},"yoast_head":"<!-- This site is optimized with the Yoast SEO Premium plugin v22.5 (Yoast SEO v22.8) - https:\/\/yoast.com\/wordpress\/plugins\/seo\/ -->\r\n<title>Thrust needle roller bearing - SINO-MACHINERY AGRO-DEVELOPMENT INVESTMENT CO., LTD. JIANGSU BRANCH<\/title>\r\n<meta name=\"robots\" content=\"index, follow, max-snippet:-1, max-image-preview:large, max-video-preview:-1\" \/>\r\n<link rel=\"canonical\" href=\"http:\/\/www.camcjsw-bearings.com\/es\/producto\/thrust-needle-roller-bearing\/\" \/>\r\n<meta property=\"og:locale\" content=\"es_ES\" \/>\r\n<meta property=\"og:type\" content=\"article\" \/>\r\n<meta property=\"og:title\" content=\"Thrust needle roller bearing\" \/>\r\n<meta property=\"og:description\" content=\"Thrust needle and retainer assembly are composed of a set of tray ring gaskets combined With retainer with roll bearings (needles). The stand leads and holds many rolling elements (only very tiny differences among the elements In the same group), The thrust needle bearings or Thrust-cylindrical roller bearings can support the bearings with the axial [&hellip;]\" \/>\r\n<meta property=\"og:url\" content=\"http:\/\/www.camcjsw-bearings.com\/es\/producto\/thrust-needle-roller-bearing\/\" \/>\r\n<meta property=\"og:site_name\" content=\"SINO-MACHINERY AGRO-DEVELOPMENT INVESTMENT CO., LTD. JIANGSU BRANCH\" \/>\r\n<meta property=\"article:modified_time\" content=\"2024-05-27T08:29:54+00:00\" \/>\r\n<meta property=\"og:image\" content=\"http:\/\/www.camcjsw-bearings.com\/wp-content\/uploads\/2024\/05\/THRUST-NEEDLE-ROLLER-BEARINGS.webp\" \/>\r\n\t<meta property=\"og:image:width\" content=\"257\" \/>\r\n\t<meta property=\"og:image:height\" content=\"190\" \/>\r\n\t<meta property=\"og:image:type\" content=\"image\/webp\" \/>\r\n<meta name=\"twitter:card\" content=\"summary_large_image\" \/>\r\n<meta name=\"twitter:site\" content=\"@kylinqian\" \/>\r\n<meta name=\"twitter:label1\" content=\"Precio\" \/>\n\t<meta name=\"twitter:data1\" content=\"\" \/>\n\t<meta name=\"twitter:label2\" content=\"Disponibilidad\" \/>\n\t<meta name=\"twitter:data2\" content=\"Disponible\" \/>\r\n<script type=\"application\/ld+json\" class=\"yoast-schema-graph\">{\"@context\":\"https:\/\/schema.org\",\"@graph\":[{\"@type\":\"WebPage\",\"@id\":\"http:\/\/www.camcjsw-bearings.com\/product\/thrust-needle-roller-bearing\/\",\"url\":\"http:\/\/www.camcjsw-bearings.com\/product\/thrust-needle-roller-bearing\/\",\"name\":\"Thrust needle roller bearing - SINO-MACHINERY AGRO-DEVELOPMENT INVESTMENT CO., LTD. JIANGSU BRANCH\",\"isPartOf\":{\"@id\":\"http:\/\/www.camcjsw-bearings.com\/#website\"},\"primaryImageOfPage\":{\"@id\":\"http:\/\/www.camcjsw-bearings.com\/product\/thrust-needle-roller-bearing\/#primaryimage\"},\"image\":{\"@id\":\"http:\/\/www.camcjsw-bearings.com\/product\/thrust-needle-roller-bearing\/#primaryimage\"},\"thumbnailUrl\":\"http:\/\/www.camcjsw-bearings.com\/wp-content\/uploads\/2024\/05\/THRUST-NEEDLE-ROLLER-BEARINGS.webp\",\"datePublished\":\"2024-05-23T03:25:06+00:00\",\"dateModified\":\"2024-05-27T08:29:54+00:00\",\"breadcrumb\":{\"@id\":\"http:\/\/www.camcjsw-bearings.com\/product\/thrust-needle-roller-bearing\/#breadcrumb\"},\"inLanguage\":\"es\",\"potentialAction\":[{\"@type\":\"ReadAction\",\"target\":[\"http:\/\/www.camcjsw-bearings.com\/product\/thrust-needle-roller-bearing\/\"]}]},{\"@type\":\"ImageObject\",\"inLanguage\":\"es\",\"@id\":\"http:\/\/www.camcjsw-bearings.com\/product\/thrust-needle-roller-bearing\/#primaryimage\",\"url\":\"http:\/\/www.camcjsw-bearings.com\/wp-content\/uploads\/2024\/05\/THRUST-NEEDLE-ROLLER-BEARINGS.webp\",\"contentUrl\":\"http:\/\/www.camcjsw-bearings.com\/wp-content\/uploads\/2024\/05\/THRUST-NEEDLE-ROLLER-BEARINGS.webp\",\"width\":257,\"height\":190},{\"@type\":\"BreadcrumbList\",\"@id\":\"http:\/\/www.camcjsw-bearings.com\/product\/thrust-needle-roller-bearing\/#breadcrumb\",\"itemListElement\":[{\"@type\":\"ListItem\",\"position\":1,\"name\":\"\u9996\u9875\",\"item\":\"http:\/\/www.camcjsw-bearings.com\/\"},{\"@type\":\"ListItem\",\"position\":2,\"name\":\"Products\",\"item\":\"http:\/\/www.camcjsw-bearings.com\/shop\/\"},{\"@type\":\"ListItem\",\"position\":3,\"name\":\"Thrust needle roller bearing\"}]},{\"@type\":\"WebSite\",\"@id\":\"http:\/\/www.camcjsw-bearings.com\/#website\",\"url\":\"http:\/\/www.camcjsw-bearings.com\/\",\"name\":\"CAGRI Bearings\",\"description\":\"\",\"publisher\":{\"@id\":\"http:\/\/www.camcjsw-bearings.com\/#organization\"},\"potentialAction\":[{\"@type\":\"SearchAction\",\"target\":{\"@type\":\"EntryPoint\",\"urlTemplate\":\"http:\/\/www.camcjsw-bearings.com\/?s={search_term_string}\"},\"query-input\":\"required name=search_term_string\"}],\"inLanguage\":\"es\"},{\"@type\":\"Organization\",\"@id\":\"http:\/\/www.camcjsw-bearings.com\/#organization\",\"name\":\"JIANGSU WALLONG-HSIN MACHINERY ENGINEERING CORPORATION LTD.\",\"url\":\"http:\/\/www.camcjsw-bearings.com\/\",\"logo\":{\"@type\":\"ImageObject\",\"inLanguage\":\"es\",\"@id\":\"http:\/\/www.camcjsw-bearings.com\/#\/schema\/logo\/image\/\",\"url\":\"http:\/\/www.camcjsw-bearings.com\/wp-content\/uploads\/2024\/05\/bearings-1.webp\",\"contentUrl\":\"http:\/\/www.camcjsw-bearings.com\/wp-content\/uploads\/2024\/05\/bearings-1.webp\",\"width\":192,\"height\":81,\"caption\":\"JIANGSU WALLONG-HSIN MACHINERY ENGINEERING CORPORATION LTD.\"},\"image\":{\"@id\":\"http:\/\/www.camcjsw-bearings.com\/#\/schema\/logo\/image\/\"},\"sameAs\":[\"https:\/\/x.com\/kylinqian\",\"https:\/\/www.linkedin.com\/in\/--1730852a9\/\"]}]}<\/script>\r\n<meta property=\"product:price:amount\" content=\"0.00\" \/>\r\n<meta property=\"product:price:currency\" content=\"USD\" \/>\r\n<meta property=\"og:availability\" content=\"instock\" \/>\r\n<meta property=\"product:availability\" content=\"instock\" \/>\r\n<meta property=\"product:condition\" content=\"new\" \/>\r\n<!-- \/ Yoast SEO Premium plugin. -->","yoast_head_json":{"title":"Thrust needle roller bearing - SINO-MACHINERY AGRO-DEVELOPMENT INVESTMENT CO., LTD. JIANGSU BRANCH","robots":{"index":"index","follow":"follow","max-snippet":"max-snippet:-1","max-image-preview":"max-image-preview:large","max-video-preview":"max-video-preview:-1"},"canonical":"http:\/\/www.camcjsw-bearings.com\/es\/producto\/thrust-needle-roller-bearing\/","og_locale":"es_ES","og_type":"article","og_title":"Thrust needle roller bearing","og_description":"Thrust needle and retainer assembly are composed of a set of tray ring gaskets combined With retainer with roll bearings (needles). The stand leads and holds many rolling elements (only very tiny differences among the elements In the same group), The thrust needle bearings or Thrust-cylindrical roller bearings can support the bearings with the axial [&hellip;]","og_url":"http:\/\/www.camcjsw-bearings.com\/es\/producto\/thrust-needle-roller-bearing\/","og_site_name":"SINO-MACHINERY AGRO-DEVELOPMENT INVESTMENT CO., LTD. JIANGSU BRANCH","article_modified_time":"2024-05-27T08:29:54+00:00","og_image":[{"width":257,"height":190,"url":"http:\/\/www.camcjsw-bearings.com\/wp-content\/uploads\/2024\/05\/THRUST-NEEDLE-ROLLER-BEARINGS.webp","type":"image\/webp"}],"twitter_card":"summary_large_image","twitter_site":"@kylinqian","twitter_misc":{"Precio":"","Disponibilidad":"Disponible"},"schema":{"@context":"https:\/\/schema.org","@graph":[{"@type":"WebPage","@id":"http:\/\/www.camcjsw-bearings.com\/product\/thrust-needle-roller-bearing\/","url":"http:\/\/www.camcjsw-bearings.com\/product\/thrust-needle-roller-bearing\/","name":"Thrust needle roller bearing - SINO-MACHINERY AGRO-DEVELOPMENT INVESTMENT CO., LTD. JIANGSU BRANCH","isPartOf":{"@id":"http:\/\/www.camcjsw-bearings.com\/#website"},"primaryImageOfPage":{"@id":"http:\/\/www.camcjsw-bearings.com\/product\/thrust-needle-roller-bearing\/#primaryimage"},"image":{"@id":"http:\/\/www.camcjsw-bearings.com\/product\/thrust-needle-roller-bearing\/#primaryimage"},"thumbnailUrl":"http:\/\/www.camcjsw-bearings.com\/wp-content\/uploads\/2024\/05\/THRUST-NEEDLE-ROLLER-BEARINGS.webp","datePublished":"2024-05-23T03:25:06+00:00","dateModified":"2024-05-27T08:29:54+00:00","breadcrumb":{"@id":"http:\/\/www.camcjsw-bearings.com\/product\/thrust-needle-roller-bearing\/#breadcrumb"},"inLanguage":"es","potentialAction":[{"@type":"ReadAction","target":["http:\/\/www.camcjsw-bearings.com\/product\/thrust-needle-roller-bearing\/"]}]},{"@type":"ImageObject","inLanguage":"es","@id":"http:\/\/www.camcjsw-bearings.com\/product\/thrust-needle-roller-bearing\/#primaryimage","url":"http:\/\/www.camcjsw-bearings.com\/wp-content\/uploads\/2024\/05\/THRUST-NEEDLE-ROLLER-BEARINGS.webp","contentUrl":"http:\/\/www.camcjsw-bearings.com\/wp-content\/uploads\/2024\/05\/THRUST-NEEDLE-ROLLER-BEARINGS.webp","width":257,"height":190},{"@type":"BreadcrumbList","@id":"http:\/\/www.camcjsw-bearings.com\/product\/thrust-needle-roller-bearing\/#breadcrumb","itemListElement":[{"@type":"ListItem","position":1,"name":"\u9996\u9875","item":"http:\/\/www.camcjsw-bearings.com\/"},{"@type":"ListItem","position":2,"name":"Products","item":"http:\/\/www.camcjsw-bearings.com\/shop\/"},{"@type":"ListItem","position":3,"name":"Thrust needle roller bearing"}]},{"@type":"WebSite","@id":"http:\/\/www.camcjsw-bearings.com\/#website","url":"http:\/\/www.camcjsw-bearings.com\/","name":"CAGRI Bearings","description":"","publisher":{"@id":"http:\/\/www.camcjsw-bearings.com\/#organization"},"potentialAction":[{"@type":"SearchAction","target":{"@type":"EntryPoint","urlTemplate":"http:\/\/www.camcjsw-bearings.com\/?s={search_term_string}"},"query-input":"required name=search_term_string"}],"inLanguage":"es"},{"@type":"Organization","@id":"http:\/\/www.camcjsw-bearings.com\/#organization","name":"JIANGSU WALLONG-HSIN MACHINERY ENGINEERING CORPORATION LTD.","url":"http:\/\/www.camcjsw-bearings.com\/","logo":{"@type":"ImageObject","inLanguage":"es","@id":"http:\/\/www.camcjsw-bearings.com\/#\/schema\/logo\/image\/","url":"http:\/\/www.camcjsw-bearings.com\/wp-content\/uploads\/2024\/05\/bearings-1.webp","contentUrl":"http:\/\/www.camcjsw-bearings.com\/wp-content\/uploads\/2024\/05\/bearings-1.webp","width":192,"height":81,"caption":"JIANGSU WALLONG-HSIN MACHINERY ENGINEERING CORPORATION LTD."},"image":{"@id":"http:\/\/www.camcjsw-bearings.com\/#\/schema\/logo\/image\/"},"sameAs":["https:\/\/x.com\/kylinqian","https:\/\/www.linkedin.com\/in\/--1730852a9\/"]}]},"product_price_amount":"0.00","product_price_currency":"USD","og_availability":"instock","product_availability":"instock","product_condition":"new"},"_links":{"self":[{"href":"http:\/\/www.camcjsw-bearings.com\/es\/wp-json\/wp\/v2\/product\/2063","targetHints":{"allow":["GET"]}}],"collection":[{"href":"http:\/\/www.camcjsw-bearings.com\/es\/wp-json\/wp\/v2\/product"}],"about":[{"href":"http:\/\/www.camcjsw-bearings.com\/es\/wp-json\/wp\/v2\/types\/product"}],"wp:featuredmedia":[{"embeddable":true,"href":"http:\/\/www.camcjsw-bearings.com\/es\/wp-json\/wp\/v2\/media\/2701"}],"wp:attachment":[{"href":"http:\/\/www.camcjsw-bearings.com\/es\/wp-json\/wp\/v2\/media?parent=2063"}],"wp:term":[{"taxonomy":"product_cat","embeddable":true,"href":"http:\/\/www.camcjsw-bearings.com\/es\/wp-json\/wp\/v2\/product_cat?post=2063"},{"taxonomy":"product_tag","embeddable":true,"href":"http:\/\/www.camcjsw-bearings.com\/es\/wp-json\/wp\/v2\/product_tag?post=2063"}],"curies":[{"name":"wp","href":"https:\/\/api.w.org\/{rel}","templated":true}]}}