{"id":2045,"date":"2024-05-23T09:53:29","date_gmt":"2024-05-23T01:53:29","guid":{"rendered":"http:\/\/www.camcjsw-bearings.com\/product\/rb-series-robot-bearing\/"},"modified":"2024-05-27T15:46:23","modified_gmt":"2024-05-27T07:46:23","slug":"rb-series-robot-bearing","status":"publish","type":"product","link":"http:\/\/www.camcjsw-bearings.com\/es\/producto\/rb-series-robot-bearing\/","title":{"rendered":"Rodamiento de robot serie RB"},"content":{"rendered":"<p><strong>Robot serie RBRodamiento de rodillos cruzados especial<\/strong><\/p>\n<p>El rodamiento es una estructura de rodillos de cilindros cruzados. La base se divide en dos partes: el anillo exterior, el anillo interior y los anillos interior y exterior. Los elementos rodantes son rodillos cil\u00edndricos dispuestos verticalmente a 90\u00b0 en una pista de rodadura en forma de V. Esta estructura permite que un solo rodamiento soporte cargas en todas las direcciones, como carga axial, carga radial y momento de vuelco. El rodamiento tiene alta rigidez, precisi\u00f3n de rotaci\u00f3n y capacidad de carga compuesta. El rodamiento es compacto y aut\u00f3nomo. Orificios de montaje para una f\u00e1cil instalaci\u00f3n por parte de los clientes, adecuados para una variedad de diferentes tipos de reductores de arm\u00f3nicos.<\/p>\n<p>&nbsp;<\/p>\n<p>Tipo RB, el anillo exterior est\u00e1 dividido en dos piezas, el anillo interior es una estructura completa, la brida y el asiento del rodamiento no son necesarios para la instalaci\u00f3n y es adecuado para varios tipos de reductores de la serie CSG (CSF).<\/p>\n<p><img decoding=\"async\" title=\"\\&quot;image.png\\&quot;\" src=\"\\&quot;https:\/\/www.camcjsw-bearings.com\/ueditor\/net\/upload\/image\/20220805\/6379530376542120774323383.png\\&quot;\" alt=\"\\&quot;image.png\\&quot;\" \/><\/p>\n<table>\n<tbody>\n<tr class=\"\\&quot;firstRow\\&quot;\">\n<td rowspan=\"\\&quot;2\\&quot;\" width=\"\\&quot;97\\&quot;\">\u516c\u79f0\u578b\u53f7<\/p>\n<p>Tipo<\/td>\n<td colspan=\"\\&quot;6\\&quot;\" width=\"\\&quot;402\\&quot;\">\u5916\u578b\u5c3a\u5bf8(mm)<\/p>\n<p>Dimensiones l\u00edmite<\/td>\n<td colspan=\"\\&quot;2\\&quot;\" width=\"\\&quot;202\\&quot;\">\u5f84\u5411\u989d\u5b9a\u8d1f\u8377(KN )<\/p>\n<p>Clasificaci\u00f3n de carga Bcirc (radial)<\/td>\n<td width=\"\\&quot;114\\&quot;\">\u91cd\u91cf<\/p>\n<p>peso<\/td>\n<\/tr>\n<tr>\n<td width=\"\\&quot;68\\&quot;\">d<\/td>\n<td valign=\"\\&quot;top\\&quot;\" width=\"\\&quot;63\\&quot;\">D<\/td>\n<td valign=\"\\&quot;top\\&quot;\" width=\"\\&quot;62\\&quot;\">H<\/td>\n<td valign=\"\\&quot;top\\&quot;\" width=\"\\&quot;68\\&quot;\">h<\/td>\n<td width=\"\\&quot;50\\&quot;\">h1<\/td>\n<td valign=\"\\&quot;top\\&quot;\" width=\"\\&quot;66\\&quot;\">D1<\/td>\n<td width=\"\\&quot;104\\&quot;\">C<\/td>\n<td width=\"\\&quot;98\\&quot;\">Co<\/td>\n<td width=\"\\&quot;114\\&quot;\">KG<\/td>\n<\/tr>\n<tr>\n<td valign=\"\\&quot;top\\&quot;\" width=\"\\&quot;97\\&quot;\">XRB14-55<\/td>\n<td valign=\"\\&quot;top\\&quot;\" width=\"\\&quot;68\\&quot;\">9<\/td>\n<td valign=\"\\&quot;top\\&quot;\" width=\"\\&quot;63\\&quot;\">55<\/td>\n<td valign=\"\\&quot;top\\&quot;\" width=\"\\&quot;62\\&quot;\">16.5<\/td>\n<td valign=\"\\&quot;top\\&quot;\" width=\"\\&quot;68\\&quot;\">16<\/td>\n<td valign=\"\\&quot;top\\&quot;\" width=\"\\&quot;50\\&quot;\">12<\/td>\n<td valign=\"\\&quot;top\\&quot;\" width=\"\\&quot;66\\&quot;\">41.8<\/td>\n<td valign=\"\\&quot;top\\&quot;\" width=\"\\&quot;104\\&quot;\">6.3<\/td>\n<td valign=\"\\&quot;top\\&quot;\" width=\"\\&quot;98\\&quot;\">7.8<\/td>\n<td valign=\"\\&quot;top\\&quot;\" width=\"\\&quot;114\\&quot;\">0.19<\/td>\n<\/tr>\n<tr>\n<td valign=\"\\&quot;top\\&quot;\" width=\"\\&quot;97\\&quot;\">XRB17-62<\/td>\n<td valign=\"\\&quot;top\\&quot;\" width=\"\\&quot;68\\&quot;\">10<\/td>\n<td valign=\"\\&quot;top\\&quot;\" width=\"\\&quot;63\\&quot;\">62<\/td>\n<td valign=\"\\&quot;top\\&quot;\" width=\"\\&quot;62\\&quot;\">16.5<\/td>\n<td valign=\"\\&quot;top\\&quot;\" width=\"\\&quot;68\\&quot;\">16<\/td>\n<td valign=\"\\&quot;top\\&quot;\" width=\"\\&quot;50\\&quot;\">12<\/td>\n<td valign=\"\\&quot;top\\&quot;\" width=\"\\&quot;66\\&quot;\">49<\/td>\n<td valign=\"\\&quot;top\\&quot;\" width=\"\\&quot;104\\&quot;\">7.1<\/td>\n<td valign=\"\\&quot;top\\&quot;\" width=\"\\&quot;98\\&quot;\">9.9<\/td>\n<td valign=\"\\&quot;top\\&quot;\" width=\"\\&quot;114\\&quot;\">0.23<\/td>\n<\/tr>\n<tr>\n<td valign=\"\\&quot;top\\&quot;\" width=\"\\&quot;97\\&quot;\">XRB20-70<\/td>\n<td valign=\"\\&quot;top\\&quot;\" width=\"\\&quot;68\\&quot;\">14<\/td>\n<td valign=\"\\&quot;top\\&quot;\" width=\"\\&quot;63\\&quot;\">70<\/td>\n<td valign=\"\\&quot;top\\&quot;\" width=\"\\&quot;62\\&quot;\">16.5<\/td>\n<td valign=\"\\&quot;top\\&quot;\" width=\"\\&quot;68\\&quot;\">16<\/td>\n<td valign=\"\\&quot;top\\&quot;\" width=\"\\&quot;50\\&quot;\">12.5<\/td>\n<td valign=\"\\&quot;top\\&quot;\" width=\"\\&quot;66\\&quot;\">56.5<\/td>\n<td valign=\"\\&quot;top\\&quot;\" width=\"\\&quot;104\\&quot;\">7.9<\/td>\n<td valign=\"\\&quot;top\\&quot;\" width=\"\\&quot;98\\&quot;\">12.0<\/td>\n<td valign=\"\\&quot;top\\&quot;\" width=\"\\&quot;114\\&quot;\">0.29<\/td>\n<\/tr>\n<tr>\n<td valign=\"\\&quot;top\\&quot;\" width=\"\\&quot;97\\&quot;\">XRB25-85<\/td>\n<td valign=\"\\&quot;top\\&quot;\" width=\"\\&quot;68\\&quot;\">20<\/td>\n<td valign=\"\\&quot;top\\&quot;\" width=\"\\&quot;63\\&quot;\">85<\/td>\n<td valign=\"\\&quot;top\\&quot;\" width=\"\\&quot;62\\&quot;\">18.5<\/td>\n<td valign=\"\\&quot;top\\&quot;\" width=\"\\&quot;68\\&quot;\">18<\/td>\n<td valign=\"\\&quot;top\\&quot;\" width=\"\\&quot;50\\&quot;\">14<\/td>\n<td valign=\"\\&quot;top\\&quot;\" width=\"\\&quot;66\\&quot;\">67<\/td>\n<td valign=\"\\&quot;top\\&quot;\" width=\"\\&quot;104\\&quot;\">13.0<\/td>\n<td valign=\"\\&quot;top\\&quot;\" width=\"\\&quot;98\\&quot;\">19.8<\/td>\n<td valign=\"\\&quot;top\\&quot;\" width=\"\\&quot;114\\&quot;\">0.50<\/td>\n<\/tr>\n<tr>\n<td valign=\"\\&quot;top\\&quot;\" width=\"\\&quot;97\\&quot;\">XRB32-112<\/td>\n<td valign=\"\\&quot;top\\&quot;\" width=\"\\&quot;68\\&quot;\">26<\/td>\n<td valign=\"\\&quot;top\\&quot;\" width=\"\\&quot;63\\&quot;\">112<\/td>\n<td valign=\"\\&quot;top\\&quot;\" width=\"\\&quot;62\\&quot;\">22.5<\/td>\n<td valign=\"\\&quot;top\\&quot;\" width=\"\\&quot;68\\&quot;\">21.5<\/td>\n<td valign=\"\\&quot;top\\&quot;\" width=\"\\&quot;50\\&quot;\">17<\/td>\n<td valign=\"\\&quot;top\\&quot;\" width=\"\\&quot;66\\&quot;\">90<\/td>\n<td valign=\"\\&quot;top\\&quot;\" width=\"\\&quot;104\\&quot;\">20.2<\/td>\n<td valign=\"\\&quot;top\\&quot;\" width=\"\\&quot;98\\&quot;\">32.8<\/td>\n<td valign=\"\\&quot;top\\&quot;\" width=\"\\&quot;114\\&quot;\">1.00<\/td>\n<\/tr>\n<tr>\n<td valign=\"\\&quot;top\\&quot;\" width=\"\\&quot;97\\&quot;\">XRB40-126<\/td>\n<td valign=\"\\&quot;top\\&quot;\" width=\"\\&quot;68\\&quot;\">32(24)<\/td>\n<td valign=\"\\&quot;top\\&quot;\" width=\"\\&quot;63\\&quot;\">126<\/td>\n<td valign=\"\\&quot;top\\&quot;\" width=\"\\&quot;62\\&quot;\">24<\/td>\n<td valign=\"\\&quot;top\\&quot;\" width=\"\\&quot;68\\&quot;\">22.5<\/td>\n<td valign=\"\\&quot;top\\&quot;\" width=\"\\&quot;50\\&quot;\">16.5<\/td>\n<td valign=\"\\&quot;top\\&quot;\" width=\"\\&quot;66\\&quot;\">105<\/td>\n<td valign=\"\\&quot;top\\&quot;\" width=\"\\&quot;104\\&quot;\">22.9<\/td>\n<td valign=\"\\&quot;top\\&quot;\" width=\"\\&quot;98\\&quot;\">38.8<\/td>\n<td valign=\"\\&quot;top\\&quot;\" width=\"\\&quot;114\\&quot;\">1.40<\/td>\n<\/tr>\n<tr>\n<td valign=\"\\&quot;top\\&quot;\" width=\"\\&quot;97\\&quot;\">XRB50-157<\/td>\n<td valign=\"\\&quot;top\\&quot;\" width=\"\\&quot;68\\&quot;\">40(32)<\/td>\n<td valign=\"\\&quot;top\\&quot;\" width=\"\\&quot;63\\&quot;\">157<\/td>\n<td valign=\"\\&quot;top\\&quot;\" width=\"\\&quot;62\\&quot;\">31<\/td>\n<td valign=\"\\&quot;top\\&quot;\" width=\"\\&quot;68\\&quot;\">30<\/td>\n<td valign=\"\\&quot;top\\&quot;\" width=\"\\&quot;50\\&quot;\">23<\/td>\n<td valign=\"\\&quot;top\\&quot;\" width=\"\\&quot;66\\&quot;\">131.6<\/td>\n<td valign=\"\\&quot;top\\&quot;\" width=\"\\&quot;104\\&quot;\">46.7<\/td>\n<td valign=\"\\&quot;top\\&quot;\" width=\"\\&quot;98\\&quot;\">77.6<\/td>\n<td valign=\"\\&quot;top\\&quot;\" width=\"\\&quot;114\\&quot;\">2.90<\/td>\n<\/tr>\n<tr>\n<td valign=\"\\&quot;bottom\\&quot;\" width=\"\\&quot;97\\&quot;\">XRB60-210<\/td>\n<td valign=\"\\&quot;bottom\\&quot;\" width=\"\\&quot;68\\&quot;\">52(44)<\/td>\n<td valign=\"\\&quot;bottom\\&quot;\" width=\"\\&quot;63\\&quot;\">210<\/td>\n<td valign=\"\\&quot;bottom\\&quot;\" width=\"\\&quot;62\\&quot;\">39<\/td>\n<td valign=\"\\&quot;bottom\\&quot;\" width=\"\\&quot;68\\&quot;\">37<\/td>\n<td valign=\"\\&quot;bottom\\&quot;\" width=\"\\&quot;50\\&quot;\">30.5<\/td>\n<td valign=\"\\&quot;bottom\\&quot;\" width=\"\\&quot;66\\&quot;\">176<\/td>\n<td valign=\"\\&quot;bottom\\&quot;\" width=\"\\&quot;104\\&quot;\">74.6<\/td>\n<td valign=\"\\&quot;bottom\\&quot;\" width=\"\\&quot;98\\&quot;\">133<\/td>\n<td valign=\"\\&quot;bottom\\&quot;\" width=\"\\&quot;114\\&quot;\">6.70<\/td>\n<\/tr>\n<\/tbody>\n<\/table>","protected":false},"excerpt":{"rendered":"<p>RB Series RobotSpecial Cross Roller Bearing The bearing is a cross-cylinder roller structure. The base is divided into two parts: the outer ring, the inner ring and the inner and outer rings. The rolling elements are cylindrical rollers arranged vertically at 90\u00b0 in the V-shaped raceway. This structure allows a single bearing to withstand loads [&hellip;]<\/p>","protected":false},"featured_media":2677,"template":"","meta":{"site-sidebar-layout":"default","site-content-layout":"","ast-site-content-layout":"default","site-content-style":"default","site-sidebar-style":"default","ast-global-header-display":"","ast-banner-title-visibility":"","ast-main-header-display":"","ast-hfb-above-header-display":"","ast-hfb-below-header-display":"","ast-hfb-mobile-header-display":"","site-post-title":"","ast-breadcrumbs-content":"","ast-featured-img":"","footer-sml-layout":"","theme-transparent-header-meta":"default","adv-header-id-meta":"","stick-header-meta":"","header-above-stick-meta":"","header-main-stick-meta":"","header-below-stick-meta":"","astra-migrate-meta-layouts":"set","ast-page-background-enabled":"default","ast-page-background-meta":{"desktop":{"background-color":"var(--ast-global-color-4)","background-image":"","background-repeat":"repeat","background-position":"center center","background-size":"auto","background-attachment":"scroll","background-type":"","background-media":"","overlay-type":"","overlay-color":"","overlay-opacity":"","overlay-gradient":""},"tablet":{"background-color":"","background-image":"","background-repeat":"repeat","background-position":"center center","background-size":"auto","background-attachment":"scroll","background-type":"","background-media":"","overlay-type":"","overlay-color":"","overlay-opacity":"","overlay-gradient":""},"mobile":{"background-color":"","background-image":"","background-repeat":"repeat","background-position":"center center","background-size":"auto","background-attachment":"scroll","background-type":"","background-media":"","overlay-type":"","overlay-color":"","overlay-opacity":"","overlay-gradient":""}},"ast-content-background-meta":{"desktop":{"background-color":"var(--ast-global-color-5)","background-image":"","background-repeat":"repeat","background-position":"center center","background-size":"auto","background-attachment":"scroll","background-type":"","background-media":"","overlay-type":"","overlay-color":"","overlay-opacity":"","overlay-gradient":""},"tablet":{"background-color":"var(--ast-global-color-5)","background-image":"","background-repeat":"repeat","background-position":"center center","background-size":"auto","background-attachment":"scroll","background-type":"","background-media":"","overlay-type":"","overlay-color":"","overlay-opacity":"","overlay-gradient":""},"mobile":{"background-color":"var(--ast-global-color-5)","background-image":"","background-repeat":"repeat","background-position":"center center","background-size":"auto","background-attachment":"scroll","background-type":"","background-media":"","overlay-type":"","overlay-color":"","overlay-opacity":"","overlay-gradient":""}}},"product_cat":[21],"product_tag":[],"class_list":{"0":"post-2045","1":"product","2":"type-product","3":"status-publish","4":"has-post-thumbnail","6":"product_cat-robotic-cross-roller-bearing","7":"desktop-align-left","8":"tablet-align-left","9":"mobile-align-left","11":"first","12":"instock","13":"shipping-taxable","14":"product-type-simple"},"yoast_head":"<!-- This site is optimized with the Yoast SEO Premium plugin v22.5 (Yoast SEO v22.8) - https:\/\/yoast.com\/wordpress\/plugins\/seo\/ -->\r\n<title>RB series robot bearing - SINO-MACHINERY AGRO-DEVELOPMENT INVESTMENT CO., LTD. JIANGSU BRANCH<\/title>\r\n<meta name=\"robots\" content=\"index, follow, max-snippet:-1, max-image-preview:large, max-video-preview:-1\" \/>\r\n<link rel=\"canonical\" href=\"http:\/\/www.camcjsw-bearings.com\/es\/producto\/rb-series-robot-bearing\/\" \/>\r\n<meta property=\"og:locale\" content=\"es_ES\" \/>\r\n<meta property=\"og:type\" content=\"article\" \/>\r\n<meta property=\"og:title\" content=\"RB series robot bearing\" \/>\r\n<meta property=\"og:description\" content=\"RB Series RobotSpecial Cross Roller Bearing The bearing is a cross-cylinder roller structure. The base is divided into two parts: the outer ring, the inner ring and the inner and outer rings. The rolling elements are cylindrical rollers arranged vertically at 90\u00b0 in the V-shaped raceway. This structure allows a single bearing to withstand loads [&hellip;]\" \/>\r\n<meta property=\"og:url\" content=\"http:\/\/www.camcjsw-bearings.com\/es\/producto\/rb-series-robot-bearing\/\" \/>\r\n<meta property=\"og:site_name\" content=\"SINO-MACHINERY AGRO-DEVELOPMENT INVESTMENT CO., LTD. JIANGSU BRANCH\" \/>\r\n<meta property=\"article:modified_time\" content=\"2024-05-27T07:46:23+00:00\" \/>\r\n<meta property=\"og:image\" content=\"http:\/\/www.camcjsw-bearings.com\/wp-content\/uploads\/2024\/05\/RB-series-robot-bearing.webp\" \/>\r\n\t<meta property=\"og:image:width\" content=\"257\" \/>\r\n\t<meta property=\"og:image:height\" content=\"190\" \/>\r\n\t<meta property=\"og:image:type\" content=\"image\/webp\" \/>\r\n<meta name=\"twitter:card\" content=\"summary_large_image\" \/>\r\n<meta name=\"twitter:site\" content=\"@kylinqian\" \/>\r\n<meta name=\"twitter:label1\" content=\"Precio\" \/>\n\t<meta name=\"twitter:data1\" content=\"\" \/>\n\t<meta name=\"twitter:label2\" content=\"Disponibilidad\" \/>\n\t<meta name=\"twitter:data2\" content=\"Disponible\" \/>\r\n<script type=\"application\/ld+json\" class=\"yoast-schema-graph\">{\"@context\":\"https:\/\/schema.org\",\"@graph\":[{\"@type\":\"WebPage\",\"@id\":\"http:\/\/www.camcjsw-bearings.com\/product\/rb-series-robot-bearing\/\",\"url\":\"http:\/\/www.camcjsw-bearings.com\/product\/rb-series-robot-bearing\/\",\"name\":\"RB series robot bearing - SINO-MACHINERY AGRO-DEVELOPMENT INVESTMENT CO., LTD. JIANGSU BRANCH\",\"isPartOf\":{\"@id\":\"http:\/\/www.camcjsw-bearings.com\/#website\"},\"primaryImageOfPage\":{\"@id\":\"http:\/\/www.camcjsw-bearings.com\/product\/rb-series-robot-bearing\/#primaryimage\"},\"image\":{\"@id\":\"http:\/\/www.camcjsw-bearings.com\/product\/rb-series-robot-bearing\/#primaryimage\"},\"thumbnailUrl\":\"http:\/\/www.camcjsw-bearings.com\/wp-content\/uploads\/2024\/05\/RB-series-robot-bearing.webp\",\"datePublished\":\"2024-05-23T01:53:29+00:00\",\"dateModified\":\"2024-05-27T07:46:23+00:00\",\"breadcrumb\":{\"@id\":\"http:\/\/www.camcjsw-bearings.com\/product\/rb-series-robot-bearing\/#breadcrumb\"},\"inLanguage\":\"es\",\"potentialAction\":[{\"@type\":\"ReadAction\",\"target\":[\"http:\/\/www.camcjsw-bearings.com\/product\/rb-series-robot-bearing\/\"]}]},{\"@type\":\"ImageObject\",\"inLanguage\":\"es\",\"@id\":\"http:\/\/www.camcjsw-bearings.com\/product\/rb-series-robot-bearing\/#primaryimage\",\"url\":\"http:\/\/www.camcjsw-bearings.com\/wp-content\/uploads\/2024\/05\/RB-series-robot-bearing.webp\",\"contentUrl\":\"http:\/\/www.camcjsw-bearings.com\/wp-content\/uploads\/2024\/05\/RB-series-robot-bearing.webp\",\"width\":257,\"height\":190},{\"@type\":\"BreadcrumbList\",\"@id\":\"http:\/\/www.camcjsw-bearings.com\/product\/rb-series-robot-bearing\/#breadcrumb\",\"itemListElement\":[{\"@type\":\"ListItem\",\"position\":1,\"name\":\"\u9996\u9875\",\"item\":\"http:\/\/www.camcjsw-bearings.com\/\"},{\"@type\":\"ListItem\",\"position\":2,\"name\":\"Products\",\"item\":\"http:\/\/www.camcjsw-bearings.com\/shop\/\"},{\"@type\":\"ListItem\",\"position\":3,\"name\":\"RB series robot bearing\"}]},{\"@type\":\"WebSite\",\"@id\":\"http:\/\/www.camcjsw-bearings.com\/#website\",\"url\":\"http:\/\/www.camcjsw-bearings.com\/\",\"name\":\"CAGRI Bearings\",\"description\":\"\",\"publisher\":{\"@id\":\"http:\/\/www.camcjsw-bearings.com\/#organization\"},\"potentialAction\":[{\"@type\":\"SearchAction\",\"target\":{\"@type\":\"EntryPoint\",\"urlTemplate\":\"http:\/\/www.camcjsw-bearings.com\/?s={search_term_string}\"},\"query-input\":\"required name=search_term_string\"}],\"inLanguage\":\"es\"},{\"@type\":\"Organization\",\"@id\":\"http:\/\/www.camcjsw-bearings.com\/#organization\",\"name\":\"JIANGSU WALLONG-HSIN MACHINERY ENGINEERING CORPORATION LTD.\",\"url\":\"http:\/\/www.camcjsw-bearings.com\/\",\"logo\":{\"@type\":\"ImageObject\",\"inLanguage\":\"es\",\"@id\":\"http:\/\/www.camcjsw-bearings.com\/#\/schema\/logo\/image\/\",\"url\":\"http:\/\/www.camcjsw-bearings.com\/wp-content\/uploads\/2024\/05\/bearings-1.webp\",\"contentUrl\":\"http:\/\/www.camcjsw-bearings.com\/wp-content\/uploads\/2024\/05\/bearings-1.webp\",\"width\":192,\"height\":81,\"caption\":\"JIANGSU WALLONG-HSIN MACHINERY ENGINEERING CORPORATION LTD.\"},\"image\":{\"@id\":\"http:\/\/www.camcjsw-bearings.com\/#\/schema\/logo\/image\/\"},\"sameAs\":[\"https:\/\/x.com\/kylinqian\",\"https:\/\/www.linkedin.com\/in\/--1730852a9\/\"]}]}<\/script>\r\n<meta property=\"product:price:amount\" content=\"0.00\" \/>\r\n<meta property=\"product:price:currency\" content=\"USD\" \/>\r\n<meta property=\"og:availability\" content=\"instock\" \/>\r\n<meta property=\"product:availability\" content=\"instock\" \/>\r\n<meta property=\"product:condition\" content=\"new\" \/>\r\n<!-- \/ Yoast SEO Premium plugin. -->","yoast_head_json":{"title":"RB series robot bearing - SINO-MACHINERY AGRO-DEVELOPMENT INVESTMENT CO., LTD. JIANGSU BRANCH","robots":{"index":"index","follow":"follow","max-snippet":"max-snippet:-1","max-image-preview":"max-image-preview:large","max-video-preview":"max-video-preview:-1"},"canonical":"http:\/\/www.camcjsw-bearings.com\/es\/producto\/rb-series-robot-bearing\/","og_locale":"es_ES","og_type":"article","og_title":"RB series robot bearing","og_description":"RB Series RobotSpecial Cross Roller Bearing The bearing is a cross-cylinder roller structure. The base is divided into two parts: the outer ring, the inner ring and the inner and outer rings. The rolling elements are cylindrical rollers arranged vertically at 90\u00b0 in the V-shaped raceway. This structure allows a single bearing to withstand loads [&hellip;]","og_url":"http:\/\/www.camcjsw-bearings.com\/es\/producto\/rb-series-robot-bearing\/","og_site_name":"SINO-MACHINERY AGRO-DEVELOPMENT INVESTMENT CO., LTD. JIANGSU BRANCH","article_modified_time":"2024-05-27T07:46:23+00:00","og_image":[{"width":257,"height":190,"url":"http:\/\/www.camcjsw-bearings.com\/wp-content\/uploads\/2024\/05\/RB-series-robot-bearing.webp","type":"image\/webp"}],"twitter_card":"summary_large_image","twitter_site":"@kylinqian","twitter_misc":{"Precio":"","Disponibilidad":"Disponible"},"schema":{"@context":"https:\/\/schema.org","@graph":[{"@type":"WebPage","@id":"http:\/\/www.camcjsw-bearings.com\/product\/rb-series-robot-bearing\/","url":"http:\/\/www.camcjsw-bearings.com\/product\/rb-series-robot-bearing\/","name":"RB series robot bearing - SINO-MACHINERY AGRO-DEVELOPMENT INVESTMENT CO., LTD. JIANGSU BRANCH","isPartOf":{"@id":"http:\/\/www.camcjsw-bearings.com\/#website"},"primaryImageOfPage":{"@id":"http:\/\/www.camcjsw-bearings.com\/product\/rb-series-robot-bearing\/#primaryimage"},"image":{"@id":"http:\/\/www.camcjsw-bearings.com\/product\/rb-series-robot-bearing\/#primaryimage"},"thumbnailUrl":"http:\/\/www.camcjsw-bearings.com\/wp-content\/uploads\/2024\/05\/RB-series-robot-bearing.webp","datePublished":"2024-05-23T01:53:29+00:00","dateModified":"2024-05-27T07:46:23+00:00","breadcrumb":{"@id":"http:\/\/www.camcjsw-bearings.com\/product\/rb-series-robot-bearing\/#breadcrumb"},"inLanguage":"es","potentialAction":[{"@type":"ReadAction","target":["http:\/\/www.camcjsw-bearings.com\/product\/rb-series-robot-bearing\/"]}]},{"@type":"ImageObject","inLanguage":"es","@id":"http:\/\/www.camcjsw-bearings.com\/product\/rb-series-robot-bearing\/#primaryimage","url":"http:\/\/www.camcjsw-bearings.com\/wp-content\/uploads\/2024\/05\/RB-series-robot-bearing.webp","contentUrl":"http:\/\/www.camcjsw-bearings.com\/wp-content\/uploads\/2024\/05\/RB-series-robot-bearing.webp","width":257,"height":190},{"@type":"BreadcrumbList","@id":"http:\/\/www.camcjsw-bearings.com\/product\/rb-series-robot-bearing\/#breadcrumb","itemListElement":[{"@type":"ListItem","position":1,"name":"\u9996\u9875","item":"http:\/\/www.camcjsw-bearings.com\/"},{"@type":"ListItem","position":2,"name":"Products","item":"http:\/\/www.camcjsw-bearings.com\/shop\/"},{"@type":"ListItem","position":3,"name":"RB series robot bearing"}]},{"@type":"WebSite","@id":"http:\/\/www.camcjsw-bearings.com\/#website","url":"http:\/\/www.camcjsw-bearings.com\/","name":"CAGRI Bearings","description":"","publisher":{"@id":"http:\/\/www.camcjsw-bearings.com\/#organization"},"potentialAction":[{"@type":"SearchAction","target":{"@type":"EntryPoint","urlTemplate":"http:\/\/www.camcjsw-bearings.com\/?s={search_term_string}"},"query-input":"required name=search_term_string"}],"inLanguage":"es"},{"@type":"Organization","@id":"http:\/\/www.camcjsw-bearings.com\/#organization","name":"JIANGSU WALLONG-HSIN MACHINERY ENGINEERING CORPORATION LTD.","url":"http:\/\/www.camcjsw-bearings.com\/","logo":{"@type":"ImageObject","inLanguage":"es","@id":"http:\/\/www.camcjsw-bearings.com\/#\/schema\/logo\/image\/","url":"http:\/\/www.camcjsw-bearings.com\/wp-content\/uploads\/2024\/05\/bearings-1.webp","contentUrl":"http:\/\/www.camcjsw-bearings.com\/wp-content\/uploads\/2024\/05\/bearings-1.webp","width":192,"height":81,"caption":"JIANGSU WALLONG-HSIN MACHINERY ENGINEERING CORPORATION LTD."},"image":{"@id":"http:\/\/www.camcjsw-bearings.com\/#\/schema\/logo\/image\/"},"sameAs":["https:\/\/x.com\/kylinqian","https:\/\/www.linkedin.com\/in\/--1730852a9\/"]}]},"product_price_amount":"0.00","product_price_currency":"USD","og_availability":"instock","product_availability":"instock","product_condition":"new"},"_links":{"self":[{"href":"http:\/\/www.camcjsw-bearings.com\/es\/wp-json\/wp\/v2\/product\/2045","targetHints":{"allow":["GET"]}}],"collection":[{"href":"http:\/\/www.camcjsw-bearings.com\/es\/wp-json\/wp\/v2\/product"}],"about":[{"href":"http:\/\/www.camcjsw-bearings.com\/es\/wp-json\/wp\/v2\/types\/product"}],"wp:featuredmedia":[{"embeddable":true,"href":"http:\/\/www.camcjsw-bearings.com\/es\/wp-json\/wp\/v2\/media\/2677"}],"wp:attachment":[{"href":"http:\/\/www.camcjsw-bearings.com\/es\/wp-json\/wp\/v2\/media?parent=2045"}],"wp:term":[{"taxonomy":"product_cat","embeddable":true,"href":"http:\/\/www.camcjsw-bearings.com\/es\/wp-json\/wp\/v2\/product_cat?post=2045"},{"taxonomy":"product_tag","embeddable":true,"href":"http:\/\/www.camcjsw-bearings.com\/es\/wp-json\/wp\/v2\/product_tag?post=2045"}],"curies":[{"name":"wp","href":"https:\/\/api.w.org\/{rel}","templated":true}]}}