{"id":2009,"date":"2024-05-22T17:04:58","date_gmt":"2024-05-22T09:04:58","guid":{"rendered":"http:\/\/www.camcjsw-bearings.com\/product\/cylindrical-roller-bearing\/"},"modified":"2024-05-30T15:11:21","modified_gmt":"2024-05-30T07:11:21","slug":"cylindrical-roller-bearing","status":"publish","type":"product","link":"http:\/\/www.camcjsw-bearings.com\/es\/producto\/cylindrical-roller-bearing\/","title":{"rendered":"Rodamiento de rodillos cil\u00edndricos"},"content":{"rendered":"<p><a>Cylindrical roller bearings<\/a>\u00a0Los rodamientos de rodillos cil\u00edndricos est\u00e1n disponibles en una variedad de dise\u00f1os, series y tama\u00f1os. Los rodillos de los rodamientos de rodillos cil\u00edndricos son componentes clave. Su geometr\u00eda, el llamado perfil logar\u00edtmico, proporciona una distribuci\u00f3n \u00f3ptima de las tensiones en las zonas de contacto del rodamiento. Su acabado superficial maximiza la formaci\u00f3n de una pel\u00edcula lubricante y optimiza el movimiento de rodadura de los rodillos. Los beneficios derivados de esto en comparaci\u00f3n con los dise\u00f1os tradicionales incluyen una mayor confiabilidad operativa y una mayor insensibilidad a la desalineaci\u00f3n.<\/p>\n<p>La gama de rodamientos de rodillos cil\u00edndricos comprende los tipos b\u00e1sicos.<\/p>\n<p>&gt;&gt;rodamientos de una hilera de rodillos cil\u00edndricos, enjaulados, principalmente de los dise\u00f1os NU, NJ, NUP y N.<\/p>\n<p>&gt;&gt;rodamientos de dos hileras de rodillos cil\u00edndricos, enjaulados, principalmente de los dise\u00f1os NNU y NN.<\/p>\n<p>&gt;&gt;Rodamientos de rodillos cil\u00edndricos de una hilera sin jaula, principalmente de dise\u00f1os NCF y NJG.<\/p>\n<p>&gt;&gt;Rodamientos de dos hileras completamente llenos de rodillos cil\u00edndricos, principalmente del dise\u00f1o NNF.<\/p>\n<p>Los rodamientos de rodillos cil\u00edndricos con jaula pueden soportar cargas radiales pesadas y funcionar a altas velocidades. Los rodamientos de rodillos cil\u00edndricos totalmente llenos son adecuados para cargas radiales muy pesadas a velocidades moderadas.<\/p>\n<p>Los rodamientos de rodillos cil\u00edndricos tienen una alta capacidad de carga, fueron ampliamente utilizados en maquinaria agr\u00edcola, motores grandes y medianos, equipos de material rodante, husillos de m\u00e1quinas herramienta, motores de combusti\u00f3n interna, generadores, turbinas de gas, cajas de engranajes, laminadoras, cribas vibratorias y maquinaria de elevaci\u00f3n, etc.<\/p>\n<p><img fetchpriority=\"high\" decoding=\"async\" class=\"alignnone\" src=\"http:\/\/www.camcjsw-bearings.com\/ueditor\/net\/upload\/image\/20220623\/6379160095461164324454975.jpg\" alt=\"\" width=\"300\" height=\"251\" \/><\/p>\n<p>En un rodamiento de rodillos cil\u00edndricos de una hilera, los rodillos siempre se gu\u00edan entre las bridas integrales \"abiertas\" de uno de los anillos. Estas bridas \"abiertas\", combinadas con los extremos de los rodillos especialmente dise\u00f1ados y con acabado superficial, proporcionan una mejor lubricaci\u00f3n, una menor fricci\u00f3n y, en consecuencia, una temperatura de funcionamiento m\u00e1s baja.<\/p>\n<p>El anillo con las pesta\u00f1as integrales junto con el conjunto de jaula y rodillo cil\u00edndrico se pueden separar del otro anillo. Esto resulta en un f\u00e1cil montaje y desmontaje, particularmente cuando las condiciones de carga son tales que se requieren ajustes de interferencia para ambos anillos.<\/p>\n<p>Nuestros rodamientos de rodillos cil\u00edndricos de una hilera pueden soportar cargas radiales pesadas y altas velocidades. Se fabrican en varios dise\u00f1os diferentes, estando la principal diferencia en la configuraci\u00f3n de las bridas.<\/p>\n<p>dise\u00f1o NU<\/p>\n<p>El aro exterior de un rodamiento de dise\u00f1o NU tiene dos pesta\u00f1as integrales, mientras que el aro interior no tiene pesta\u00f1as (a). El desplazamiento axial del eje con respecto a la carcasa puede realizarse en ambas direcciones.<\/p>\n<p>dise\u00f1o n<\/p>\n<p>El aro interior de un rodamiento de dise\u00f1o N tiene dos pesta\u00f1as integrales, mientras que el aro exterior no tiene pesta\u00f1as (b). El desplazamiento axial del eje con respecto a la carcasa puede realizarse en ambas direcciones.<\/p>\n<p>dise\u00f1o NJ<\/p>\n<p>El aro exterior de un rodamiento de dise\u00f1o NJ tiene dos pesta\u00f1as integrales y el aro interior tiene una pesta\u00f1a integral (c). Estos rodamientos pueden ubicar el eje axialmente en una direcci\u00f3n.<\/p>\n<p>dise\u00f1o NUP<\/p>\n<p>El aro exterior de un rodamiento de dise\u00f1o NUP tiene dos pesta\u00f1as integrales y el anillo interior tiene una pesta\u00f1a integral y una pesta\u00f1a no integral en forma de anillo de pesta\u00f1a suelta (d). Estos cojinetes se pueden utilizar como cojinetes de ubicaci\u00f3n para ubicar el eje axialmente en ambas direcciones.<\/p>\n<p>Ejecuci\u00f3n NU+HJ<\/p>\n<p>Se puede utilizar un rodamiento tipo NU combinado con un anillo angular HJ (e) para ubicar el eje axialmente en una direcci\u00f3n. SKF recomienda no montar anillos angulares est\u00e1ndar en ambos lados de un rodamiento tipo NU, ya que esto puede provocar una compresi\u00f3n axial de los rodillos.<\/p>\n<p>Ejecuci\u00f3n NJ+HJ<\/p>\n<p>Se puede utilizar un rodamiento tipo NJ combinado con un anillo angular HJ (f) para ubicar el eje axialmente en ambas direcciones.<\/p>\n<p>dise\u00f1o RNU<\/p>\n<p>Rodamiento de rodillos cil\u00edndricos en dise\u00f1o NU sin aro interior<\/p>\n<p>dise\u00f1o RN<\/p>\n<p>Rodamientos de dise\u00f1o N sin aro exterior<\/p>","protected":false},"excerpt":{"rendered":"<p>Cylindrical roller bearings\u00a0are available in a variety of designs, series and sizes. The rollers of cylindrical roller bearings are key components. Their geometry, the so-called logarithmic profile, provides an optimum stress distribution in the contact zones in the bearing. Their surface finish maximizes lubricant film formation and optimizes rolling motion of the rollers. The benefits [&hellip;]<\/p>","protected":false},"featured_media":2650,"template":"","meta":{"site-sidebar-layout":"default","site-content-layout":"","ast-site-content-layout":"default","site-content-style":"default","site-sidebar-style":"default","ast-global-header-display":"","ast-banner-title-visibility":"","ast-main-header-display":"","ast-hfb-above-header-display":"","ast-hfb-below-header-display":"","ast-hfb-mobile-header-display":"","site-post-title":"","ast-breadcrumbs-content":"","ast-featured-img":"","footer-sml-layout":"","theme-transparent-header-meta":"default","adv-header-id-meta":"","stick-header-meta":"","header-above-stick-meta":"","header-main-stick-meta":"","header-below-stick-meta":"","astra-migrate-meta-layouts":"set","ast-page-background-enabled":"default","ast-page-background-meta":{"desktop":{"background-color":"var(--ast-global-color-4)","background-image":"","background-repeat":"repeat","background-position":"center center","background-size":"auto","background-attachment":"scroll","background-type":"","background-media":"","overlay-type":"","overlay-color":"","overlay-opacity":"","overlay-gradient":""},"tablet":{"background-color":"","background-image":"","background-repeat":"repeat","background-position":"center center","background-size":"auto","background-attachment":"scroll","background-type":"","background-media":"","overlay-type":"","overlay-color":"","overlay-opacity":"","overlay-gradient":""},"mobile":{"background-color":"","background-image":"","background-repeat":"repeat","background-position":"center center","background-size":"auto","background-attachment":"scroll","background-type":"","background-media":"","overlay-type":"","overlay-color":"","overlay-opacity":"","overlay-gradient":""}},"ast-content-background-meta":{"desktop":{"background-color":"var(--ast-global-color-5)","background-image":"","background-repeat":"repeat","background-position":"center center","background-size":"auto","background-attachment":"scroll","background-type":"","background-media":"","overlay-type":"","overlay-color":"","overlay-opacity":"","overlay-gradient":""},"tablet":{"background-color":"var(--ast-global-color-5)","background-image":"","background-repeat":"repeat","background-position":"center center","background-size":"auto","background-attachment":"scroll","background-type":"","background-media":"","overlay-type":"","overlay-color":"","overlay-opacity":"","overlay-gradient":""},"mobile":{"background-color":"var(--ast-global-color-5)","background-image":"","background-repeat":"repeat","background-position":"center center","background-size":"auto","background-attachment":"scroll","background-type":"","background-media":"","overlay-type":"","overlay-color":"","overlay-opacity":"","overlay-gradient":""}}},"product_cat":[18],"product_tag":[],"class_list":{"0":"post-2009","1":"product","2":"type-product","3":"status-publish","4":"has-post-thumbnail","6":"product_cat-cylindrical-roller-bearing","7":"desktop-align-left","8":"tablet-align-left","9":"mobile-align-left","11":"first","12":"instock","13":"shipping-taxable","14":"product-type-simple"},"yoast_head":"<!-- This site is optimized with the Yoast SEO Premium plugin v22.5 (Yoast SEO v22.8) - https:\/\/yoast.com\/wordpress\/plugins\/seo\/ -->\r\n<title>Cylindrical roller bearing - SINO-MACHINERY AGRO-DEVELOPMENT INVESTMENT CO., LTD. JIANGSU BRANCH<\/title>\r\n<meta name=\"robots\" content=\"index, follow, max-snippet:-1, max-image-preview:large, max-video-preview:-1\" \/>\r\n<link rel=\"canonical\" href=\"http:\/\/www.camcjsw-bearings.com\/es\/producto\/cylindrical-roller-bearing\/\" \/>\r\n<meta property=\"og:locale\" content=\"es_ES\" \/>\r\n<meta property=\"og:type\" content=\"article\" \/>\r\n<meta property=\"og:title\" content=\"Cylindrical roller bearing\" \/>\r\n<meta property=\"og:description\" content=\"Cylindrical roller bearings\u00a0are available in a variety of designs, series and sizes. The rollers of cylindrical roller bearings are key components. Their geometry, the so-called logarithmic profile, provides an optimum stress distribution in the contact zones in the bearing. Their surface finish maximizes lubricant film formation and optimizes rolling motion of the rollers. The benefits [&hellip;]\" \/>\r\n<meta property=\"og:url\" content=\"http:\/\/www.camcjsw-bearings.com\/es\/producto\/cylindrical-roller-bearing\/\" \/>\r\n<meta property=\"og:site_name\" content=\"SINO-MACHINERY AGRO-DEVELOPMENT INVESTMENT CO., LTD. JIANGSU BRANCH\" \/>\r\n<meta property=\"article:modified_time\" content=\"2024-05-30T07:11:21+00:00\" \/>\r\n<meta property=\"og:image\" content=\"http:\/\/www.camcjsw-bearings.com\/wp-content\/uploads\/2024\/05\/Cylindrical-roller-bearing-1.webp\" \/>\r\n\t<meta property=\"og:image:width\" content=\"257\" \/>\r\n\t<meta property=\"og:image:height\" content=\"190\" \/>\r\n\t<meta property=\"og:image:type\" content=\"image\/webp\" \/>\r\n<meta name=\"twitter:card\" content=\"summary_large_image\" \/>\r\n<meta name=\"twitter:site\" content=\"@kylinqian\" \/>\r\n<meta name=\"twitter:label1\" content=\"Precio\" \/>\n\t<meta name=\"twitter:data1\" content=\"\" \/>\n\t<meta name=\"twitter:label2\" content=\"Disponibilidad\" \/>\n\t<meta name=\"twitter:data2\" content=\"Disponible\" \/>\r\n<script type=\"application\/ld+json\" class=\"yoast-schema-graph\">{\"@context\":\"https:\/\/schema.org\",\"@graph\":[{\"@type\":\"WebPage\",\"@id\":\"http:\/\/www.camcjsw-bearings.com\/product\/cylindrical-roller-bearing\/\",\"url\":\"http:\/\/www.camcjsw-bearings.com\/product\/cylindrical-roller-bearing\/\",\"name\":\"Cylindrical roller bearing - SINO-MACHINERY AGRO-DEVELOPMENT INVESTMENT CO., LTD. JIANGSU BRANCH\",\"isPartOf\":{\"@id\":\"http:\/\/www.camcjsw-bearings.com\/#website\"},\"primaryImageOfPage\":{\"@id\":\"http:\/\/www.camcjsw-bearings.com\/product\/cylindrical-roller-bearing\/#primaryimage\"},\"image\":{\"@id\":\"http:\/\/www.camcjsw-bearings.com\/product\/cylindrical-roller-bearing\/#primaryimage\"},\"thumbnailUrl\":\"http:\/\/www.camcjsw-bearings.com\/wp-content\/uploads\/2024\/05\/Cylindrical-roller-bearing-1.webp\",\"datePublished\":\"2024-05-22T09:04:58+00:00\",\"dateModified\":\"2024-05-30T07:11:21+00:00\",\"breadcrumb\":{\"@id\":\"http:\/\/www.camcjsw-bearings.com\/product\/cylindrical-roller-bearing\/#breadcrumb\"},\"inLanguage\":\"es\",\"potentialAction\":[{\"@type\":\"ReadAction\",\"target\":[\"http:\/\/www.camcjsw-bearings.com\/product\/cylindrical-roller-bearing\/\"]}]},{\"@type\":\"ImageObject\",\"inLanguage\":\"es\",\"@id\":\"http:\/\/www.camcjsw-bearings.com\/product\/cylindrical-roller-bearing\/#primaryimage\",\"url\":\"http:\/\/www.camcjsw-bearings.com\/wp-content\/uploads\/2024\/05\/Cylindrical-roller-bearing-1.webp\",\"contentUrl\":\"http:\/\/www.camcjsw-bearings.com\/wp-content\/uploads\/2024\/05\/Cylindrical-roller-bearing-1.webp\",\"width\":257,\"height\":190},{\"@type\":\"BreadcrumbList\",\"@id\":\"http:\/\/www.camcjsw-bearings.com\/product\/cylindrical-roller-bearing\/#breadcrumb\",\"itemListElement\":[{\"@type\":\"ListItem\",\"position\":1,\"name\":\"\u9996\u9875\",\"item\":\"http:\/\/www.camcjsw-bearings.com\/\"},{\"@type\":\"ListItem\",\"position\":2,\"name\":\"Products\",\"item\":\"http:\/\/www.camcjsw-bearings.com\/shop\/\"},{\"@type\":\"ListItem\",\"position\":3,\"name\":\"Cylindrical roller bearing\"}]},{\"@type\":\"WebSite\",\"@id\":\"http:\/\/www.camcjsw-bearings.com\/#website\",\"url\":\"http:\/\/www.camcjsw-bearings.com\/\",\"name\":\"CAGRI Bearings\",\"description\":\"\",\"publisher\":{\"@id\":\"http:\/\/www.camcjsw-bearings.com\/#organization\"},\"potentialAction\":[{\"@type\":\"SearchAction\",\"target\":{\"@type\":\"EntryPoint\",\"urlTemplate\":\"http:\/\/www.camcjsw-bearings.com\/?s={search_term_string}\"},\"query-input\":\"required name=search_term_string\"}],\"inLanguage\":\"es\"},{\"@type\":\"Organization\",\"@id\":\"http:\/\/www.camcjsw-bearings.com\/#organization\",\"name\":\"JIANGSU WALLONG-HSIN MACHINERY ENGINEERING CORPORATION LTD.\",\"url\":\"http:\/\/www.camcjsw-bearings.com\/\",\"logo\":{\"@type\":\"ImageObject\",\"inLanguage\":\"es\",\"@id\":\"http:\/\/www.camcjsw-bearings.com\/#\/schema\/logo\/image\/\",\"url\":\"http:\/\/www.camcjsw-bearings.com\/wp-content\/uploads\/2024\/05\/bearings-1.webp\",\"contentUrl\":\"http:\/\/www.camcjsw-bearings.com\/wp-content\/uploads\/2024\/05\/bearings-1.webp\",\"width\":192,\"height\":81,\"caption\":\"JIANGSU WALLONG-HSIN MACHINERY ENGINEERING CORPORATION LTD.\"},\"image\":{\"@id\":\"http:\/\/www.camcjsw-bearings.com\/#\/schema\/logo\/image\/\"},\"sameAs\":[\"https:\/\/x.com\/kylinqian\",\"https:\/\/www.linkedin.com\/in\/--1730852a9\/\"]}]}<\/script>\r\n<meta property=\"product:price:amount\" content=\"0.00\" \/>\r\n<meta property=\"product:price:currency\" content=\"USD\" \/>\r\n<meta property=\"og:availability\" content=\"instock\" \/>\r\n<meta property=\"product:availability\" content=\"instock\" \/>\r\n<meta property=\"product:condition\" content=\"new\" \/>\r\n<!-- \/ Yoast SEO Premium plugin. -->","yoast_head_json":{"title":"Cylindrical roller bearing - SINO-MACHINERY AGRO-DEVELOPMENT INVESTMENT CO., LTD. JIANGSU BRANCH","robots":{"index":"index","follow":"follow","max-snippet":"max-snippet:-1","max-image-preview":"max-image-preview:large","max-video-preview":"max-video-preview:-1"},"canonical":"http:\/\/www.camcjsw-bearings.com\/es\/producto\/cylindrical-roller-bearing\/","og_locale":"es_ES","og_type":"article","og_title":"Cylindrical roller bearing","og_description":"Cylindrical roller bearings\u00a0are available in a variety of designs, series and sizes. The rollers of cylindrical roller bearings are key components. Their geometry, the so-called logarithmic profile, provides an optimum stress distribution in the contact zones in the bearing. Their surface finish maximizes lubricant film formation and optimizes rolling motion of the rollers. The benefits [&hellip;]","og_url":"http:\/\/www.camcjsw-bearings.com\/es\/producto\/cylindrical-roller-bearing\/","og_site_name":"SINO-MACHINERY AGRO-DEVELOPMENT INVESTMENT CO., LTD. JIANGSU BRANCH","article_modified_time":"2024-05-30T07:11:21+00:00","og_image":[{"width":257,"height":190,"url":"http:\/\/www.camcjsw-bearings.com\/wp-content\/uploads\/2024\/05\/Cylindrical-roller-bearing-1.webp","type":"image\/webp"}],"twitter_card":"summary_large_image","twitter_site":"@kylinqian","twitter_misc":{"Precio":"","Disponibilidad":"Disponible"},"schema":{"@context":"https:\/\/schema.org","@graph":[{"@type":"WebPage","@id":"http:\/\/www.camcjsw-bearings.com\/product\/cylindrical-roller-bearing\/","url":"http:\/\/www.camcjsw-bearings.com\/product\/cylindrical-roller-bearing\/","name":"Cylindrical roller bearing - SINO-MACHINERY AGRO-DEVELOPMENT INVESTMENT CO., LTD. JIANGSU BRANCH","isPartOf":{"@id":"http:\/\/www.camcjsw-bearings.com\/#website"},"primaryImageOfPage":{"@id":"http:\/\/www.camcjsw-bearings.com\/product\/cylindrical-roller-bearing\/#primaryimage"},"image":{"@id":"http:\/\/www.camcjsw-bearings.com\/product\/cylindrical-roller-bearing\/#primaryimage"},"thumbnailUrl":"http:\/\/www.camcjsw-bearings.com\/wp-content\/uploads\/2024\/05\/Cylindrical-roller-bearing-1.webp","datePublished":"2024-05-22T09:04:58+00:00","dateModified":"2024-05-30T07:11:21+00:00","breadcrumb":{"@id":"http:\/\/www.camcjsw-bearings.com\/product\/cylindrical-roller-bearing\/#breadcrumb"},"inLanguage":"es","potentialAction":[{"@type":"ReadAction","target":["http:\/\/www.camcjsw-bearings.com\/product\/cylindrical-roller-bearing\/"]}]},{"@type":"ImageObject","inLanguage":"es","@id":"http:\/\/www.camcjsw-bearings.com\/product\/cylindrical-roller-bearing\/#primaryimage","url":"http:\/\/www.camcjsw-bearings.com\/wp-content\/uploads\/2024\/05\/Cylindrical-roller-bearing-1.webp","contentUrl":"http:\/\/www.camcjsw-bearings.com\/wp-content\/uploads\/2024\/05\/Cylindrical-roller-bearing-1.webp","width":257,"height":190},{"@type":"BreadcrumbList","@id":"http:\/\/www.camcjsw-bearings.com\/product\/cylindrical-roller-bearing\/#breadcrumb","itemListElement":[{"@type":"ListItem","position":1,"name":"\u9996\u9875","item":"http:\/\/www.camcjsw-bearings.com\/"},{"@type":"ListItem","position":2,"name":"Products","item":"http:\/\/www.camcjsw-bearings.com\/shop\/"},{"@type":"ListItem","position":3,"name":"Cylindrical roller bearing"}]},{"@type":"WebSite","@id":"http:\/\/www.camcjsw-bearings.com\/#website","url":"http:\/\/www.camcjsw-bearings.com\/","name":"CAGRI Bearings","description":"","publisher":{"@id":"http:\/\/www.camcjsw-bearings.com\/#organization"},"potentialAction":[{"@type":"SearchAction","target":{"@type":"EntryPoint","urlTemplate":"http:\/\/www.camcjsw-bearings.com\/?s={search_term_string}"},"query-input":"required name=search_term_string"}],"inLanguage":"es"},{"@type":"Organization","@id":"http:\/\/www.camcjsw-bearings.com\/#organization","name":"JIANGSU WALLONG-HSIN MACHINERY ENGINEERING CORPORATION LTD.","url":"http:\/\/www.camcjsw-bearings.com\/","logo":{"@type":"ImageObject","inLanguage":"es","@id":"http:\/\/www.camcjsw-bearings.com\/#\/schema\/logo\/image\/","url":"http:\/\/www.camcjsw-bearings.com\/wp-content\/uploads\/2024\/05\/bearings-1.webp","contentUrl":"http:\/\/www.camcjsw-bearings.com\/wp-content\/uploads\/2024\/05\/bearings-1.webp","width":192,"height":81,"caption":"JIANGSU WALLONG-HSIN MACHINERY ENGINEERING CORPORATION LTD."},"image":{"@id":"http:\/\/www.camcjsw-bearings.com\/#\/schema\/logo\/image\/"},"sameAs":["https:\/\/x.com\/kylinqian","https:\/\/www.linkedin.com\/in\/--1730852a9\/"]}]},"product_price_amount":"0.00","product_price_currency":"USD","og_availability":"instock","product_availability":"instock","product_condition":"new"},"_links":{"self":[{"href":"http:\/\/www.camcjsw-bearings.com\/es\/wp-json\/wp\/v2\/product\/2009","targetHints":{"allow":["GET"]}}],"collection":[{"href":"http:\/\/www.camcjsw-bearings.com\/es\/wp-json\/wp\/v2\/product"}],"about":[{"href":"http:\/\/www.camcjsw-bearings.com\/es\/wp-json\/wp\/v2\/types\/product"}],"wp:featuredmedia":[{"embeddable":true,"href":"http:\/\/www.camcjsw-bearings.com\/es\/wp-json\/wp\/v2\/media\/2650"}],"wp:attachment":[{"href":"http:\/\/www.camcjsw-bearings.com\/es\/wp-json\/wp\/v2\/media?parent=2009"}],"wp:term":[{"taxonomy":"product_cat","embeddable":true,"href":"http:\/\/www.camcjsw-bearings.com\/es\/wp-json\/wp\/v2\/product_cat?post=2009"},{"taxonomy":"product_tag","embeddable":true,"href":"http:\/\/www.camcjsw-bearings.com\/es\/wp-json\/wp\/v2\/product_tag?post=2009"}],"curies":[{"name":"wp","href":"https:\/\/api.w.org\/{rel}","templated":true}]}}