{"id":283,"date":"2025-12-16T16:46:54","date_gmt":"2025-12-16T08:46:54","guid":{"rendered":"http:\/\/www.camcjsw-bearings.com\/about\/"},"modified":"2025-12-22T10:22:13","modified_gmt":"2025-12-22T02:22:13","slug":"about","status":"publish","type":"page","link":"http:\/\/www.camcjsw-bearings.com\/es\/about\/","title":{"rendered":"Sobre nosotros"},"content":{"rendered":"<div data-elementor-type=\"wp-page\" data-elementor-id=\"283\" class=\"elementor elementor-283\" data-elementor-post-type=\"page\">\n\t\t\t\t\t\t<section class=\"elementor-section elementor-top-section elementor-element elementor-element-5a01402 elementor-section-boxed elementor-section-height-default elementor-section-height-default\" data-id=\"5a01402\" data-element_type=\"section\" data-settings=\"{&quot;background_background&quot;:&quot;classic&quot;}\">\n\t\t\t\t\t\t\t<div class=\"elementor-background-overlay\"><\/div>\n\t\t\t\t\t\t\t<div class=\"elementor-container elementor-column-gap-no\">\n\t\t\t\t\t<div class=\"elementor-column elementor-col-100 elementor-top-column elementor-element elementor-element-7dfb888\" data-id=\"7dfb888\" data-element_type=\"column\">\n\t\t\t<div class=\"elementor-widget-wrap\">\n\t\t\t\t\t\t\t<\/div>\n\t\t<\/div>\n\t\t\t\t\t<\/div>\n\t\t<\/section>\n\t\t<div class=\"elementor-element elementor-element-5999c8e e-flex e-con-boxed e-con e-parent\" data-id=\"5999c8e\" data-element_type=\"container\" data-settings=\"{&quot;background_background&quot;:&quot;classic&quot;}\">\n\t\t\t\t\t<div class=\"e-con-inner\">\n\t\t\t\t\t<\/div>\n\t\t\t\t<\/div>\n\t\t\t\t<section class=\"elementor-section elementor-top-section elementor-element elementor-element-5633a24 elementor-section-boxed elementor-section-height-default elementor-section-height-default\" data-id=\"5633a24\" data-element_type=\"section\">\n\t\t\t\t\t\t<div class=\"elementor-container elementor-column-gap-no\">\n\t\t\t\t\t<div class=\"elementor-column elementor-col-100 elementor-top-column elementor-element elementor-element-1056fc8\" data-id=\"1056fc8\" data-element_type=\"column\">\n\t\t\t<div class=\"elementor-widget-wrap elementor-element-populated\">\n\t\t\t\t\t\t<div class=\"elementor-element elementor-element-696b825 elementor-widget elementor-widget-heading\" data-id=\"696b825\" data-element_type=\"widget\" data-widget_type=\"heading.default\">\n\t\t\t\t<div class=\"elementor-widget-container\">\n\t\t\t<style>\/*! elementor - v3.21.0 - 26-05-2024 *\/\n.elementor-heading-title{padding:0;margin:0;line-height:1}.elementor-widget-heading .elementor-heading-title[class*=elementor-size-]>a{color:inherit;font-size:inherit;line-height:inherit}.elementor-widget-heading .elementor-heading-title.elementor-size-small{font-size:15px}.elementor-widget-heading .elementor-heading-title.elementor-size-medium{font-size:19px}.elementor-widget-heading .elementor-heading-title.elementor-size-large{font-size:29px}.elementor-widget-heading .elementor-heading-title.elementor-size-xl{font-size:39px}.elementor-widget-heading .elementor-heading-title.elementor-size-xxl{font-size:59px}<\/style><h3 class=\"elementor-heading-title elementor-size-default\">Bienvenido a JIANGSU WALLONG-HSIN<\/h3>\t\t<\/div>\n\t\t\t\t<\/div>\n\t\t\t\t<div class=\"elementor-element elementor-element-31c4c34 elementor-widget elementor-widget-text-editor\" data-id=\"31c4c34\" data-element_type=\"widget\" data-widget_type=\"text-editor.default\">\n\t\t\t\t<div class=\"elementor-widget-container\">\n\t\t\t<style>\/*! elementor - v3.21.0 - 26-05-2024 *\/\n.elementor-widget-text-editor.elementor-drop-cap-view-stacked .elementor-drop-cap{background-color:#69727d;color:#fff}.elementor-widget-text-editor.elementor-drop-cap-view-framed .elementor-drop-cap{color:#69727d;border:3px solid;background-color:transparent}.elementor-widget-text-editor:not(.elementor-drop-cap-view-default) .elementor-drop-cap{margin-top:8px}.elementor-widget-text-editor:not(.elementor-drop-cap-view-default) .elementor-drop-cap-letter{width:1em;height:1em}.elementor-widget-text-editor .elementor-drop-cap{float:left;text-align:center;line-height:1;font-size:50px}.elementor-widget-text-editor .elementor-drop-cap-letter{display:inline-block}<\/style>\t\t\t\t<p>JIANGSU WALLONG-HSIN MACHINERY ENGINEERING CORPORATION LTD. una subsidiaria financiada exclusivamente de Sinomach Capital Management Corporation (SINOMACH CAPITAL), es una corporaci\u00f3n estatal limitada con un capital registrado de 30 millones de RMB, ubicada en la ciudad de Wuxi, provincia de Jiangsu, que es una de las mejores zonas industriales de pelotas de China. Nuestra \u00e1rea de oficinas es de alrededor de 5000 metros cuadrados y nuestra \u00e1rea de talleres es de alrededor de 50.000 metros cuadrados.<\/p><p>Fundada en 1992, poseemos una abundante experiencia en fabricaci\u00f3n y exportaci\u00f3n, construimos una buena reputaci\u00f3n comercial y mantenemos una asociaci\u00f3n comercial larga y estable con cientos de clientes de diferentes pa\u00edses y regiones. Gracias al fuerte apoyo de nuestra empresa matriz SINOMACH y SINOMACH CAPITAL, nuestra estructura de activos se mantiene buena y el estado de operaci\u00f3n aumenta de manera constante.<\/p><p>From the establishment till now, our various Rolling elements including bearings,various material balls, steel rollers, ball transfer units and so on, have been successfully developed.<\/p><p>We have our own research institutes, production workshop &amp; facilities with first-class production lines &amp; equipments, inspection equipments with a variety of high precision testing equipments and a professional technical &amp;testing team to effectively ensure products quality.Attached pls see our partial production lines&amp;test instruments.<\/p><p>Our products are widely soldand used in Germany, Italy, Belgium, Austria, Netherland, France, America, Canada,Brazil, Mexico, Australia, New Zealand, etc.<\/p><p>We have QA engineers who can strictly control the quality during production and before shipment. Our products are welcomed by all our customers due to our competitive price, guaranteed quality and on-time delivery.<\/p><p>Tambi\u00e9n hacemos hincapi\u00e9 en las actividades culturales de las empresas y defendemos el esp\u00edritu de trabajo en equipo de dura lucha, desarrollo, innovaci\u00f3n y perseverancia.<\/p><p>Damos una sincera bienvenida a los hu\u00e9spedes del extranjero para la negociaci\u00f3n y cooperaci\u00f3n comercial, para alcanzar nuevos niveles de experiencia y profesionalismo y desarrollar un futuro brillante.<\/p>\t\t\t\t\t\t<\/div>\n\t\t\t\t<\/div>\n\t\t\t\t\t<\/div>\n\t\t<\/div>\n\t\t\t\t\t<\/div>\n\t\t<\/section>\n\t\t<div class=\"elementor-element elementor-element-825d737 e-flex e-con-boxed e-con e-parent\" data-id=\"825d737\" data-element_type=\"container\">\n\t\t\t\t\t<div class=\"e-con-inner\">\n\t\t\t\t<div class=\"elementor-element elementor-element-54c96d5 elementor-widget elementor-widget-video\" data-id=\"54c96d5\" data-element_type=\"widget\" data-settings=\"{&quot;youtube_url&quot;:&quot;https:\\\/\\\/www.youtube.com\\\/watch?v=eSn9qT6ZRpc&quot;,&quot;video_type&quot;:&quot;youtube&quot;,&quot;controls&quot;:&quot;yes&quot;}\" data-widget_type=\"video.default\">\n\t\t\t\t<div class=\"elementor-widget-container\">\n\t\t\t<style>\/*! elementor - v3.21.0 - 26-05-2024 *\/\n.elementor-widget-video .elementor-widget-container{overflow:hidden;transform:translateZ(0)}.elementor-widget-video .elementor-wrapper{aspect-ratio:var(--video-aspect-ratio)}.elementor-widget-video .elementor-wrapper iframe,.elementor-widget-video .elementor-wrapper video{height:100%;width:100%;display:flex;border:none;background-color:#000}@supports not (aspect-ratio:1\/1){.elementor-widget-video .elementor-wrapper{position:relative;overflow:hidden;height:0;padding-bottom:calc(100% \/ var(--video-aspect-ratio))}.elementor-widget-video .elementor-wrapper iframe,.elementor-widget-video .elementor-wrapper video{position:absolute;top:0;right:0;bottom:0;left:0}}.elementor-widget-video .elementor-open-inline .elementor-custom-embed-image-overlay{position:absolute;top:0;right:0;bottom:0;left:0;background-size:cover;background-position:50%}.elementor-widget-video .elementor-custom-embed-image-overlay{cursor:pointer;text-align:center}.elementor-widget-video .elementor-custom-embed-image-overlay:hover .elementor-custom-embed-play i{opacity:1}.elementor-widget-video .elementor-custom-embed-image-overlay img{display:block;width:100%;aspect-ratio:var(--video-aspect-ratio);-o-object-fit:cover;object-fit:cover;-o-object-position:center center;object-position:center center}@supports not (aspect-ratio:1\/1){.elementor-widget-video .elementor-custom-embed-image-overlay{position:relative;overflow:hidden;height:0;padding-bottom:calc(100% \/ var(--video-aspect-ratio))}.elementor-widget-video .elementor-custom-embed-image-overlay img{position:absolute;top:0;right:0;bottom:0;left:0}}.elementor-widget-video .e-hosted-video .elementor-video{-o-object-fit:cover;object-fit:cover}.e-con-inner>.elementor-widget-video,.e-con>.elementor-widget-video{width:var(--container-widget-width);--flex-grow:var(--container-widget-flex-grow)}<\/style>\t\t<div class=\"elementor-wrapper elementor-open-inline\">\n\t\t\t<div class=\"elementor-video\"><\/div>\t\t<\/div>\n\t\t\t\t<\/div>\n\t\t\t\t<\/div>\n\t\t\t\t\t<\/div>\n\t\t\t\t<\/div>\n\t\t<div class=\"elementor-element elementor-element-6d2f9c3 e-flex e-con-boxed e-con e-parent\" data-id=\"6d2f9c3\" data-element_type=\"container\">\n\t\t\t\t\t<div class=\"e-con-inner\">\n\t\t<div class=\"elementor-element elementor-element-687a5b4 e-con-full e-flex e-con e-child\" data-id=\"687a5b4\" data-element_type=\"container\">\n\t\t\t\t<div class=\"elementor-element elementor-element-5a9b72d elementor-widget elementor-widget-heading\" data-id=\"5a9b72d\" data-element_type=\"widget\" data-widget_type=\"heading.default\">\n\t\t\t\t<div class=\"elementor-widget-container\">\n\t\t\t<h5 class=\"elementor-heading-title elementor-size-default\">QUALITY MANAGEMENT OBJECTIVE AND TARGET<\/h5>\t\t<\/div>\n\t\t\t\t<\/div>\n\t\t\t\t<div class=\"elementor-element elementor-element-3f92296 elementor-widget elementor-widget-text-editor\" data-id=\"3f92296\" data-element_type=\"widget\" data-widget_type=\"text-editor.default\">\n\t\t\t\t<div class=\"elementor-widget-container\">\n\t\t\t\t\t\t\t<p>Cumplimiento del contrato 100%<\/p>\n<p>Customers&#8217; satisfaction over 80%<\/p>\n<p>100% garant\u00eda de calidad de los productos suministrados.<\/p>\t\t\t\t\t\t<\/div>\n\t\t\t\t<\/div>\n\t\t\t\t<div class=\"elementor-element elementor-element-554c074 elementor-widget elementor-widget-heading\" data-id=\"554c074\" data-element_type=\"widget\" data-widget_type=\"heading.default\">\n\t\t\t\t<div class=\"elementor-widget-container\">\n\t\t\t<h5 class=\"elementor-heading-title elementor-size-default\">CORPORATE MISSION<\/h5>\t\t<\/div>\n\t\t\t\t<\/div>\n\t\t\t\t<div class=\"elementor-element elementor-element-82f8460 elementor-widget elementor-widget-text-editor\" data-id=\"82f8460\" data-element_type=\"widget\" data-widget_type=\"text-editor.default\">\n\t\t\t\t<div class=\"elementor-widget-container\">\n\t\t\t\t\t\t\tDesarrollo armonioso con Innovaci\u00f3n\t\t\t\t\t\t<\/div>\n\t\t\t\t<\/div>\n\t\t\t\t<\/div>\n\t\t<div class=\"elementor-element elementor-element-f75812b e-con-full e-flex e-con e-child\" data-id=\"f75812b\" data-element_type=\"container\">\n\t\t\t\t<div class=\"elementor-element elementor-element-1814e9f elementor-widget elementor-widget-heading\" data-id=\"1814e9f\" data-element_type=\"widget\" data-widget_type=\"heading.default\">\n\t\t\t\t<div class=\"elementor-widget-container\">\n\t\t\t<h5 class=\"elementor-heading-title elementor-size-default\">COMPANY VISION<\/h5>\t\t<\/div>\n\t\t\t\t<\/div>\n\t\t\t\t<div class=\"elementor-element elementor-element-f5ab339 elementor-widget elementor-widget-text-editor\" data-id=\"f5ab339\" data-element_type=\"widget\" data-widget_type=\"text-editor.default\">\n\t\t\t\t<div class=\"elementor-widget-container\">\n\t\t\t\t\t\t\t<p>Proveedor de servicios excepcional<\/p>\t\t\t\t\t\t<\/div>\n\t\t\t\t<\/div>\n\t\t\t\t<div class=\"elementor-element elementor-element-094513a elementor-widget elementor-widget-heading\" data-id=\"094513a\" data-element_type=\"widget\" data-widget_type=\"heading.default\">\n\t\t\t\t<div class=\"elementor-widget-container\">\n\t\t\t<h5 class=\"elementor-heading-title elementor-size-default\">CULTURE<\/h5>\t\t<\/div>\n\t\t\t\t<\/div>\n\t\t\t\t<div class=\"elementor-element elementor-element-9ce1a96 elementor-widget elementor-widget-text-editor\" data-id=\"9ce1a96\" data-element_type=\"widget\" data-widget_type=\"text-editor.default\">\n\t\t\t\t<div class=\"elementor-widget-container\">\n\t\t\t\t\t\t\tPrecise and pragmatic\nDedicated hardworking\nInnovative Learning\nMulti-Cooperation and All-Wins\t\t\t\t\t\t<\/div>\n\t\t\t\t<\/div>\n\t\t\t\t<\/div>\n\t\t\t\t\t<\/div>\n\t\t\t\t<\/div>\n\t\t\t\t<\/div>","protected":false},"excerpt":{"rendered":"<p>Home Welcome to JIANGSU WALLONG-HSIN JIANGSU WALLONG-HSIN MACHINERY ENGINEERING CORPORATION LTD. a solely funded subsidiary of Sinomach Capital Management Corporation (SINOMACH CAPITAL), is the limited state-owned Corp. with registered capital of 30 million RMB, located in Wuxi city, Jiangsu Province, which is one of the best ball industry area in China.Our office area is around [&hellip;]<\/p>","protected":false},"author":1,"featured_media":0,"parent":0,"menu_order":0,"comment_status":"closed","ping_status":"closed","template":"","meta":{"site-sidebar-layout":"no-sidebar","site-content-layout":"page-builder","ast-site-content-layout":"","site-content-style":"default","site-sidebar-style":"default","ast-global-header-display":"","ast-banner-title-visibility":"","ast-main-header-display":"","ast-hfb-above-header-display":"","ast-hfb-below-header-display":"","ast-hfb-mobile-header-display":"","site-post-title":"disabled","ast-breadcrumbs-content":"disabled","ast-featured-img":"disabled","footer-sml-layout":"","theme-transparent-header-meta":"","adv-header-id-meta":"","stick-header-meta":"","header-above-stick-meta":"","header-main-stick-meta":"","header-below-stick-meta":"","astra-migrate-meta-layouts":"default","ast-page-background-enabled":"default","ast-page-background-meta":{"desktop":{"background-color":"var(--ast-global-color-4)","background-image":"","background-repeat":"repeat","background-position":"center center","background-size":"auto","background-attachment":"scroll","background-type":"","background-media":"","overlay-type":"","overlay-color":"","overlay-opacity":"","overlay-gradient":""},"tablet":{"background-color":"","background-image":"","background-repeat":"repeat","background-position":"center center","background-size":"auto","background-attachment":"scroll","background-type":"","background-media":"","overlay-type":"","overlay-color":"","overlay-opacity":"","overlay-gradient":""},"mobile":{"background-color":"","background-image":"","background-repeat":"repeat","background-position":"center center","background-size":"auto","background-attachment":"scroll","background-type":"","background-media":"","overlay-type":"","overlay-color":"","overlay-opacity":"","overlay-gradient":""}},"ast-content-background-meta":{"desktop":{"background-color":"var(--ast-global-color-5)","background-image":"","background-repeat":"repeat","background-position":"center center","background-size":"auto","background-attachment":"scroll","background-type":"","background-media":"","overlay-type":"","overlay-color":"","overlay-opacity":"","overlay-gradient":""},"tablet":{"background-color":"var(--ast-global-color-5)","background-image":"","background-repeat":"repeat","background-position":"center center","background-size":"auto","background-attachment":"scroll","background-type":"","background-media":"","overlay-type":"","overlay-color":"","overlay-opacity":"","overlay-gradient":""},"mobile":{"background-color":"var(--ast-global-color-5)","background-image":"","background-repeat":"repeat","background-position":"center center","background-size":"auto","background-attachment":"scroll","background-type":"","background-media":"","overlay-type":"","overlay-color":"","overlay-opacity":"","overlay-gradient":""}},"footnotes":""},"class_list":["post-283","page","type-page","status-publish","hentry"],"yoast_head":"<!-- This site is optimized with the Yoast SEO Premium plugin v22.5 (Yoast SEO v22.8) - https:\/\/yoast.com\/wordpress\/plugins\/seo\/ -->\r\n<title>About - SINO-MACHINERY AGRO-DEVELOPMENT INVESTMENT CO., LTD. JIANGSU BRANCH<\/title>\r\n<meta name=\"robots\" content=\"index, follow, max-snippet:-1, max-image-preview:large, max-video-preview:-1\" \/>\r\n<link rel=\"canonical\" href=\"http:\/\/www.camcjsw-bearings.com\/es\/about\/\" \/>\r\n<meta property=\"og:locale\" content=\"es_ES\" \/>\r\n<meta property=\"og:type\" content=\"article\" \/>\r\n<meta property=\"og:title\" content=\"About\" \/>\r\n<meta property=\"og:description\" content=\"Home Welcome to JIANGSU WALLONG-HSIN JIANGSU WALLONG-HSIN MACHINERY ENGINEERING CORPORATION LTD. a solely funded subsidiary of Sinomach Capital Management Corporation (SINOMACH CAPITAL), is the limited state-owned Corp. with registered capital of 30 million RMB, located in Wuxi city, Jiangsu Province, which is one of the best ball industry area in China.Our office area is around [&hellip;]\" \/>\r\n<meta property=\"og:url\" content=\"http:\/\/www.camcjsw-bearings.com\/es\/about\/\" \/>\r\n<meta property=\"og:site_name\" content=\"SINO-MACHINERY AGRO-DEVELOPMENT INVESTMENT CO., LTD. JIANGSU BRANCH\" \/>\r\n<meta property=\"article:modified_time\" content=\"2025-12-22T02:22:13+00:00\" \/>\r\n<meta name=\"twitter:card\" content=\"summary_large_image\" \/>\r\n<meta name=\"twitter:site\" content=\"@kylinqian\" \/>\r\n<meta name=\"twitter:label1\" content=\"Tiempo de lectura\" \/>\n\t<meta name=\"twitter:data1\" content=\"4 minutos\" \/>\r\n<script type=\"application\/ld+json\" class=\"yoast-schema-graph\">{\"@context\":\"https:\/\/schema.org\",\"@graph\":[{\"@type\":\"WebPage\",\"@id\":\"http:\/\/www.camcjsw-bearings.com\/about\/\",\"url\":\"http:\/\/www.camcjsw-bearings.com\/about\/\",\"name\":\"About - SINO-MACHINERY AGRO-DEVELOPMENT INVESTMENT CO., LTD. JIANGSU BRANCH\",\"isPartOf\":{\"@id\":\"http:\/\/www.camcjsw-bearings.com\/#website\"},\"datePublished\":\"2025-12-16T08:46:54+00:00\",\"dateModified\":\"2025-12-22T02:22:13+00:00\",\"breadcrumb\":{\"@id\":\"http:\/\/www.camcjsw-bearings.com\/about\/#breadcrumb\"},\"inLanguage\":\"es\",\"potentialAction\":[{\"@type\":\"ReadAction\",\"target\":[\"http:\/\/www.camcjsw-bearings.com\/about\/\"]}]},{\"@type\":\"BreadcrumbList\",\"@id\":\"http:\/\/www.camcjsw-bearings.com\/about\/#breadcrumb\",\"itemListElement\":[{\"@type\":\"ListItem\",\"position\":1,\"name\":\"\u9996\u9875\",\"item\":\"http:\/\/www.camcjsw-bearings.com\/\"},{\"@type\":\"ListItem\",\"position\":2,\"name\":\"About\"}]},{\"@type\":\"WebSite\",\"@id\":\"http:\/\/www.camcjsw-bearings.com\/#website\",\"url\":\"http:\/\/www.camcjsw-bearings.com\/\",\"name\":\"CAGRI Bearings\",\"description\":\"\",\"publisher\":{\"@id\":\"http:\/\/www.camcjsw-bearings.com\/#organization\"},\"potentialAction\":[{\"@type\":\"SearchAction\",\"target\":{\"@type\":\"EntryPoint\",\"urlTemplate\":\"http:\/\/www.camcjsw-bearings.com\/?s={search_term_string}\"},\"query-input\":\"required name=search_term_string\"}],\"inLanguage\":\"es\"},{\"@type\":\"Organization\",\"@id\":\"http:\/\/www.camcjsw-bearings.com\/#organization\",\"name\":\"JIANGSU WALLONG-HSIN MACHINERY ENGINEERING CORPORATION LTD.\",\"url\":\"http:\/\/www.camcjsw-bearings.com\/\",\"logo\":{\"@type\":\"ImageObject\",\"inLanguage\":\"es\",\"@id\":\"http:\/\/www.camcjsw-bearings.com\/#\/schema\/logo\/image\/\",\"url\":\"http:\/\/www.camcjsw-bearings.com\/wp-content\/uploads\/2024\/05\/bearings-1.webp\",\"contentUrl\":\"http:\/\/www.camcjsw-bearings.com\/wp-content\/uploads\/2024\/05\/bearings-1.webp\",\"width\":192,\"height\":81,\"caption\":\"JIANGSU WALLONG-HSIN MACHINERY ENGINEERING CORPORATION LTD.\"},\"image\":{\"@id\":\"http:\/\/www.camcjsw-bearings.com\/#\/schema\/logo\/image\/\"},\"sameAs\":[\"https:\/\/x.com\/kylinqian\",\"https:\/\/www.linkedin.com\/in\/--1730852a9\/\"]}]}<\/script>\r\n<!-- \/ Yoast SEO Premium plugin. -->","yoast_head_json":{"title":"About - SINO-MACHINERY AGRO-DEVELOPMENT INVESTMENT CO., LTD. JIANGSU BRANCH","robots":{"index":"index","follow":"follow","max-snippet":"max-snippet:-1","max-image-preview":"max-image-preview:large","max-video-preview":"max-video-preview:-1"},"canonical":"http:\/\/www.camcjsw-bearings.com\/es\/about\/","og_locale":"es_ES","og_type":"article","og_title":"About","og_description":"Home Welcome to JIANGSU WALLONG-HSIN JIANGSU WALLONG-HSIN MACHINERY ENGINEERING CORPORATION LTD. a solely funded subsidiary of Sinomach Capital Management Corporation (SINOMACH CAPITAL), is the limited state-owned Corp. with registered capital of 30 million RMB, located in Wuxi city, Jiangsu Province, which is one of the best ball industry area in China.Our office area is around [&hellip;]","og_url":"http:\/\/www.camcjsw-bearings.com\/es\/about\/","og_site_name":"SINO-MACHINERY AGRO-DEVELOPMENT INVESTMENT CO., LTD. JIANGSU BRANCH","article_modified_time":"2025-12-22T02:22:13+00:00","twitter_card":"summary_large_image","twitter_site":"@kylinqian","twitter_misc":{"Tiempo de lectura":"4 minutos"},"schema":{"@context":"https:\/\/schema.org","@graph":[{"@type":"WebPage","@id":"http:\/\/www.camcjsw-bearings.com\/about\/","url":"http:\/\/www.camcjsw-bearings.com\/about\/","name":"About - SINO-MACHINERY AGRO-DEVELOPMENT INVESTMENT CO., LTD. JIANGSU BRANCH","isPartOf":{"@id":"http:\/\/www.camcjsw-bearings.com\/#website"},"datePublished":"2025-12-16T08:46:54+00:00","dateModified":"2025-12-22T02:22:13+00:00","breadcrumb":{"@id":"http:\/\/www.camcjsw-bearings.com\/about\/#breadcrumb"},"inLanguage":"es","potentialAction":[{"@type":"ReadAction","target":["http:\/\/www.camcjsw-bearings.com\/about\/"]}]},{"@type":"BreadcrumbList","@id":"http:\/\/www.camcjsw-bearings.com\/about\/#breadcrumb","itemListElement":[{"@type":"ListItem","position":1,"name":"\u9996\u9875","item":"http:\/\/www.camcjsw-bearings.com\/"},{"@type":"ListItem","position":2,"name":"About"}]},{"@type":"WebSite","@id":"http:\/\/www.camcjsw-bearings.com\/#website","url":"http:\/\/www.camcjsw-bearings.com\/","name":"CAGRI Bearings","description":"","publisher":{"@id":"http:\/\/www.camcjsw-bearings.com\/#organization"},"potentialAction":[{"@type":"SearchAction","target":{"@type":"EntryPoint","urlTemplate":"http:\/\/www.camcjsw-bearings.com\/?s={search_term_string}"},"query-input":"required name=search_term_string"}],"inLanguage":"es"},{"@type":"Organization","@id":"http:\/\/www.camcjsw-bearings.com\/#organization","name":"JIANGSU WALLONG-HSIN MACHINERY ENGINEERING CORPORATION LTD.","url":"http:\/\/www.camcjsw-bearings.com\/","logo":{"@type":"ImageObject","inLanguage":"es","@id":"http:\/\/www.camcjsw-bearings.com\/#\/schema\/logo\/image\/","url":"http:\/\/www.camcjsw-bearings.com\/wp-content\/uploads\/2024\/05\/bearings-1.webp","contentUrl":"http:\/\/www.camcjsw-bearings.com\/wp-content\/uploads\/2024\/05\/bearings-1.webp","width":192,"height":81,"caption":"JIANGSU WALLONG-HSIN MACHINERY ENGINEERING CORPORATION LTD."},"image":{"@id":"http:\/\/www.camcjsw-bearings.com\/#\/schema\/logo\/image\/"},"sameAs":["https:\/\/x.com\/kylinqian","https:\/\/www.linkedin.com\/in\/--1730852a9\/"]}]}},"_links":{"self":[{"href":"http:\/\/www.camcjsw-bearings.com\/es\/wp-json\/wp\/v2\/pages\/283","targetHints":{"allow":["GET"]}}],"collection":[{"href":"http:\/\/www.camcjsw-bearings.com\/es\/wp-json\/wp\/v2\/pages"}],"about":[{"href":"http:\/\/www.camcjsw-bearings.com\/es\/wp-json\/wp\/v2\/types\/page"}],"author":[{"embeddable":true,"href":"http:\/\/www.camcjsw-bearings.com\/es\/wp-json\/wp\/v2\/users\/1"}],"replies":[{"embeddable":true,"href":"http:\/\/www.camcjsw-bearings.com\/es\/wp-json\/wp\/v2\/comments?post=283"}],"version-history":[{"count":15,"href":"http:\/\/www.camcjsw-bearings.com\/es\/wp-json\/wp\/v2\/pages\/283\/revisions"}],"predecessor-version":[{"id":3880,"href":"http:\/\/www.camcjsw-bearings.com\/es\/wp-json\/wp\/v2\/pages\/283\/revisions\/3880"}],"wp:attachment":[{"href":"http:\/\/www.camcjsw-bearings.com\/es\/wp-json\/wp\/v2\/media?parent=283"}],"curies":[{"name":"wp","href":"https:\/\/api.w.org\/{rel}","templated":true}]}}